{"id":10376,"date":"2016-01-29T13:39:53","date_gmt":"2016-01-29T12:39:53","guid":{"rendered":"http:\/\/skgd.pl\/?page_id=10376"},"modified":"2025-01-02T16:55:18","modified_gmt":"2025-01-02T15:55:18","slug":"europejska-karta-jezykow-regionalnych-lub-mniejszosciowych","status":"publish","type":"page","link":"https:\/\/skgd.pl\/de\/o-nas\/regulacje-prawne\/europejska-karta-jezykow-regionalnych-lub-mniejszosciowych\/","title":{"rendered":"Europ\u00e4ische Charta der Regional oder Minderheitensprachen"},"content":{"rendered":"<p>[vc_row][vc_column][vc_column_text]<\/p>\n<p style=\"text-align: justify;\">Die Europ\u00e4ische Charta der Regional- oder Minderheitensprachen wurde von den Mitgliedern des Europarates in Stra\u00dfburg im Jahr 1992 verabschiedet. Das Dokument hat den Schutz von Sprachen zum Ziel, die nicht als Amtssprachen gelten. Es schafft die Grundlage, auf der man den Konsensus innerhalb des Staates zwischen den Gemeinschaften, die unoffizielle Sprachen gebrauchen sowie der Staatsverwaltung bauen kann. Der Beginn und F\u00fchrung des Dialogs erlauben den Aufbaut vom Vertrauen, welches die M\u00f6glichkeit zum Ausbruch eines innerlichen Konflikts entfernt. Gleichzeitig liefert die Sprachencharta geeignete Garantien f\u00fcr den Schutz der nichtamtlichen Sprache f\u00fcr Personen, die sie gebrauchen und verhilft dem Staat dazu Normen und Regeln auszuarbeiten, welche er beim Verwaltungsprozess nutzen kann.<\/p>\n<p style=\"text-align: justify;\">Die Republik Polen hat die Charta im Jahr 2009 ratifiziert.<\/p>\n<p style=\"text-align: justify;\">Der ganze Text der Sprachencharta: <a href=\"https:\/\/rm.coe.int\/CoERMPublicCommonSearchServices\/DisplayDCTMContent?documentId=090000168007c089\">Charta der Regional- oder Minderheitensprachen<\/a><\/p>\n<p style=\"text-align: justify;\">Zur Europ\u00e4ischen Charta der Regional- oder Minderheitensprachen erscehint alle 3 Jahre ein Bericht des Expertenkomitees des Europarates zur Umsetzung der Beschl\u00fcsse der Charta in Polen.&nbsp;<\/p>\n<p><a href=\"https:\/\/www.gov.pl\/web\/mniejszosci-narodowe-i-etniczne\/i-raport-z-realizacji-postanowien-europejskiej-karty-jezykow\">I Raport<\/a><\/p>\n<p><a href=\"https:\/\/www.gov.pl\/web\/mniejszosci-narodowe-i-etniczne\/ii-raport-z-realizacji-postanowien-europejskiej-karty-jezykow\">II Raport<\/a><\/p>\n<p><a href=\"https:\/\/www.gov.pl\/web\/mniejszosci-narodowe-i-etniczne\/iii-raport-z-realizacji-postanowien-europejskiej-karty-jezykow\">III Raport<\/a><\/p>\n<p><a href=\"https:\/\/www.gov.pl\/web\/mniejszosci-narodowe-i-etniczne\/iv-raport-dla-sekretarza-generalnego-rady-europy-z-realizacji-przez-rzeczpospolita-polska-postanowien-europejskiej-karty-jezykow-regionalnych-lub-mniejszosciowych2\">IV Raport<\/a>[\/vc_column_text][\/vc_column][\/vc_row]<\/p>","protected":false},"excerpt":{"rendered":"<p>[vc_row][vc_column][vc_column_text] Die Europ\u00e4ische Charta der Regional- oder Minderheitensprachen wurde von den Mitgliedern des Europarates in Stra\u00dfburg im Jahr 1992 verabschiedet. Das Dokument hat den Schutz von Sprachen zum Ziel, die nicht als Amtssprachen gelten. Es schafft die Grundlage, auf der man den Konsensus innerhalb des Staates zwischen den Gemeinschaften, die unoffizielle Sprachen gebrauchen sowie der [&hellip;]<\/p>\n","protected":false},"author":1,"featured_media":0,"parent":9728,"menu_order":19,"comment_status":"closed","ping_status":"closed","template":"","meta":{"footnotes":""},"class_list":["post-10376","page","type-page","status-publish","hentry"],"yoast_head":"<!-- This site is optimized with the Yoast SEO plugin v18.9 - https:\/\/yoast.com\/wordpress\/plugins\/seo\/ -->\n<title>Europ\u00e4ische Charta der Regional oder Minderheitensprachen - Deutsche Minderheit, Sozial-Kulturelle Gesellschaft der Deutschen im Oppelner Schlesien<\/title>\n<meta name=\"robots\" content=\"index, follow, max-snippet:-1, max-image-preview:large, max-video-preview:-1\" \/>\n<link rel=\"canonical\" href=\"https:\/\/skgd.pl\/o-nas\/regulacje-prawne\/europejska-karta-jezykow-regionalnych-lub-mniejszosciowych\/\" \/>\n<meta property=\"og:locale\" content=\"de_DE\" \/>\n<meta property=\"og:type\" content=\"article\" \/>\n<meta property=\"og:title\" content=\"Europ\u00e4ische Charta der Regional oder Minderheitensprachen - Deutsche Minderheit, Sozial-Kulturelle Gesellschaft der Deutschen im Oppelner Schlesien\" \/>\n<meta property=\"og:description\" content=\"[vc_row][vc_column][vc_column_text] Die Europ\u00e4ische Charta der Regional- oder Minderheitensprachen wurde von den Mitgliedern des Europarates in Stra\u00dfburg im Jahr 1992 verabschiedet. Das Dokument hat den Schutz von Sprachen zum Ziel, die nicht als Amtssprachen gelten. Es schafft die Grundlage, auf der man den Konsensus innerhalb des Staates zwischen den Gemeinschaften, die unoffizielle Sprachen gebrauchen sowie der [&hellip;]\" \/>\n<meta property=\"og:url\" content=\"https:\/\/skgd.pl\/o-nas\/regulacje-prawne\/europejska-karta-jezykow-regionalnych-lub-mniejszosciowych\/\" \/>\n<meta property=\"og:site_name\" content=\"Deutsche Minderheit, Sozial-Kulturelle Gesellschaft der Deutschen im Oppelner Schlesien\" \/>\n<meta property=\"article:modified_time\" content=\"2025-01-02T15:55:18+00:00\" \/>\n<meta name=\"twitter:card\" content=\"summary_large_image\" \/>\n<meta name=\"twitter:label1\" content=\"Gesch\u00e4tzte Lesezeit\" \/>\n\t<meta name=\"twitter:data1\" content=\"2\u00a0Minuten\" \/>\n<script type=\"application\/ld+json\" class=\"yoast-schema-graph\">{\"@context\":\"https:\/\/schema.org\",\"@graph\":[{\"@type\":\"WebSite\",\"@id\":\"https:\/\/skgd.pl\/#website\",\"url\":\"https:\/\/skgd.pl\/\",\"name\":\"Deutsche Minderheit, Sozial-Kulturelle Gesellschaft der Deutschen im Oppelner Schlesien\",\"description\":\"Deutsche Minderheit in Polen\",\"potentialAction\":[{\"@type\":\"SearchAction\",\"target\":{\"@type\":\"EntryPoint\",\"urlTemplate\":\"https:\/\/skgd.pl\/?s={search_term_string}\"},\"query-input\":\"required name=search_term_string\"}],\"inLanguage\":\"de\"},{\"@type\":\"WebPage\",\"@id\":\"https:\/\/skgd.pl\/o-nas\/regulacje-prawne\/europejska-karta-jezykow-regionalnych-lub-mniejszosciowych\/#webpage\",\"url\":\"https:\/\/skgd.pl\/o-nas\/regulacje-prawne\/europejska-karta-jezykow-regionalnych-lub-mniejszosciowych\/\",\"name\":\"Europ\u00e4ische Charta der Regional oder Minderheitensprachen - Deutsche Minderheit, Sozial-Kulturelle Gesellschaft der Deutschen im Oppelner Schlesien\",\"isPartOf\":{\"@id\":\"https:\/\/skgd.pl\/#website\"},\"datePublished\":\"2016-01-29T12:39:53+00:00\",\"dateModified\":\"2025-01-02T15:55:18+00:00\",\"breadcrumb\":{\"@id\":\"https:\/\/skgd.pl\/o-nas\/regulacje-prawne\/europejska-karta-jezykow-regionalnych-lub-mniejszosciowych\/#breadcrumb\"},\"inLanguage\":\"de\",\"potentialAction\":[{\"@type\":\"ReadAction\",\"target\":[\"https:\/\/skgd.pl\/o-nas\/regulacje-prawne\/europejska-karta-jezykow-regionalnych-lub-mniejszosciowych\/\"]}]},{\"@type\":\"BreadcrumbList\",\"@id\":\"https:\/\/skgd.pl\/o-nas\/regulacje-prawne\/europejska-karta-jezykow-regionalnych-lub-mniejszosciowych\/#breadcrumb\",\"itemListElement\":[{\"@type\":\"ListItem\",\"position\":1,\"name\":\"Strona g\u0142\u00f3wna\",\"item\":\"https:\/\/skgd.pl\/\"},{\"@type\":\"ListItem\",\"position\":2,\"name\":\"O nas\",\"item\":\"https:\/\/skgd.pl\/o-nas\/\"},{\"@type\":\"ListItem\",\"position\":3,\"name\":\"Regulacje prawne\",\"item\":\"https:\/\/skgd.pl\/o-nas\/regulacje-prawne\/\"},{\"@type\":\"ListItem\",\"position\":4,\"name\":\"Europejska karta j\u0119zyk\u00f3w regionalnych lub mniejszo\u015bciowych\"}]}]}<\/script>\n<!-- \/ Yoast SEO plugin. -->","yoast_head_json":{"title":"Europ\u00e4ische Charta der Regional oder Minderheitensprachen - Deutsche Minderheit, Sozial-Kulturelle Gesellschaft der Deutschen im Oppelner Schlesien","robots":{"index":"index","follow":"follow","max-snippet":"max-snippet:-1","max-image-preview":"max-image-preview:large","max-video-preview":"max-video-preview:-1"},"canonical":"https:\/\/skgd.pl\/o-nas\/regulacje-prawne\/europejska-karta-jezykow-regionalnych-lub-mniejszosciowych\/","og_locale":"de_DE","og_type":"article","og_title":"Europ\u00e4ische Charta der Regional oder Minderheitensprachen - Deutsche Minderheit, Sozial-Kulturelle Gesellschaft der Deutschen im Oppelner Schlesien","og_description":"[vc_row][vc_column][vc_column_text] Die Europ\u00e4ische Charta der Regional- oder Minderheitensprachen wurde von den Mitgliedern des Europarates in Stra\u00dfburg im Jahr 1992 verabschiedet. Das Dokument hat den Schutz von Sprachen zum Ziel, die nicht als Amtssprachen gelten. Es schafft die Grundlage, auf der man den Konsensus innerhalb des Staates zwischen den Gemeinschaften, die unoffizielle Sprachen gebrauchen sowie der [&hellip;]","og_url":"https:\/\/skgd.pl\/o-nas\/regulacje-prawne\/europejska-karta-jezykow-regionalnych-lub-mniejszosciowych\/","og_site_name":"Deutsche Minderheit, Sozial-Kulturelle Gesellschaft der Deutschen im Oppelner Schlesien","article_modified_time":"2025-01-02T15:55:18+00:00","twitter_card":"summary_large_image","twitter_misc":{"Gesch\u00e4tzte Lesezeit":"2\u00a0Minuten"},"schema":{"@context":"https:\/\/schema.org","@graph":[{"@type":"WebSite","@id":"https:\/\/skgd.pl\/#website","url":"https:\/\/skgd.pl\/","name":"Deutsche Minderheit, Sozial-Kulturelle Gesellschaft der Deutschen im Oppelner Schlesien","description":"Deutsche Minderheit in Polen","potentialAction":[{"@type":"SearchAction","target":{"@type":"EntryPoint","urlTemplate":"https:\/\/skgd.pl\/?s={search_term_string}"},"query-input":"required name=search_term_string"}],"inLanguage":"de"},{"@type":"WebPage","@id":"https:\/\/skgd.pl\/o-nas\/regulacje-prawne\/europejska-karta-jezykow-regionalnych-lub-mniejszosciowych\/#webpage","url":"https:\/\/skgd.pl\/o-nas\/regulacje-prawne\/europejska-karta-jezykow-regionalnych-lub-mniejszosciowych\/","name":"Europ\u00e4ische Charta der Regional oder Minderheitensprachen - Deutsche Minderheit, Sozial-Kulturelle Gesellschaft der Deutschen im Oppelner Schlesien","isPartOf":{"@id":"https:\/\/skgd.pl\/#website"},"datePublished":"2016-01-29T12:39:53+00:00","dateModified":"2025-01-02T15:55:18+00:00","breadcrumb":{"@id":"https:\/\/skgd.pl\/o-nas\/regulacje-prawne\/europejska-karta-jezykow-regionalnych-lub-mniejszosciowych\/#breadcrumb"},"inLanguage":"de","potentialAction":[{"@type":"ReadAction","target":["https:\/\/skgd.pl\/o-nas\/regulacje-prawne\/europejska-karta-jezykow-regionalnych-lub-mniejszosciowych\/"]}]},{"@type":"BreadcrumbList","@id":"https:\/\/skgd.pl\/o-nas\/regulacje-prawne\/europejska-karta-jezykow-regionalnych-lub-mniejszosciowych\/#breadcrumb","itemListElement":[{"@type":"ListItem","position":1,"name":"Strona g\u0142\u00f3wna","item":"https:\/\/skgd.pl\/"},{"@type":"ListItem","position":2,"name":"O nas","item":"https:\/\/skgd.pl\/o-nas\/"},{"@type":"ListItem","position":3,"name":"Regulacje prawne","item":"https:\/\/skgd.pl\/o-nas\/regulacje-prawne\/"},{"@type":"ListItem","position":4,"name":"Europejska karta j\u0119zyk\u00f3w regionalnych lub mniejszo\u015bciowych"}]}]}},"_links":{"self":[{"href":"https:\/\/skgd.pl\/de\/wp-json\/wp\/v2\/pages\/10376","targetHints":{"allow":["GET"]}}],"collection":[{"href":"https:\/\/skgd.pl\/de\/wp-json\/wp\/v2\/pages"}],"about":[{"href":"https:\/\/skgd.pl\/de\/wp-json\/wp\/v2\/types\/page"}],"author":[{"embeddable":true,"href":"https:\/\/skgd.pl\/de\/wp-json\/wp\/v2\/users\/1"}],"replies":[{"embeddable":true,"href":"https:\/\/skgd.pl\/de\/wp-json\/wp\/v2\/comments?post=10376"}],"version-history":[{"count":6,"href":"https:\/\/skgd.pl\/de\/wp-json\/wp\/v2\/pages\/10376\/revisions"}],"predecessor-version":[{"id":35592,"href":"https:\/\/skgd.pl\/de\/wp-json\/wp\/v2\/pages\/10376\/revisions\/35592"}],"up":[{"embeddable":true,"href":"https:\/\/skgd.pl\/de\/wp-json\/wp\/v2\/pages\/9728"}],"wp:attachment":[{"href":"https:\/\/skgd.pl\/de\/wp-json\/wp\/v2\/media?parent=10376"}],"curies":[{"name":"wp","href":"https:\/\/api.w.org\/{rel}","templated":true}]}}