{"id":10375,"date":"2016-01-29T13:38:14","date_gmt":"2016-01-29T12:38:14","guid":{"rendered":"http:\/\/skgd.pl\/?page_id=10375"},"modified":"2025-01-02T16:50:27","modified_gmt":"2025-01-02T15:50:27","slug":"ustawa-z-dnia-6-stycznia-2005-r-o-mniejszosciach-narodowych-i-etnicznych-oraz-o-jezyku-regionalnym","status":"publish","type":"page","link":"https:\/\/skgd.pl\/de\/o-nas\/regulacje-prawne\/ustawa-z-dnia-6-stycznia-2005-r-o-mniejszosciach-narodowych-i-etnicznych-oraz-o-jezyku-regionalnym\/","title":{"rendered":"Gesetz \u00fcber nationale und ethnische Minderheiten sowie \u00fcber Regionalsprache vom 6. Januar 2005"},"content":{"rendered":"<p>[vc_row][vc_column][vc_column_text]<\/p>\n<p style=\"text-align: justify;\">Ein Dokument, welches Rechte und Pflichten von nationalen Minderheiten in Polen regelt ist das Gesetz \u00fcber nationale und ethnische Minderheiten sowie \u00fcber Regionalsprache vom 6. Januar 2005.<\/p>\n<p style=\"text-align: justify;\">Das Gesetz formuliert klar den Begriff der nationalen Minderheiten und z\u00e4hlt jene auf, die sich auf dem Gebiet Polens befinden. Es beinhaltet zudem Informationen zum Gebrauch der Minderheitensprache, der Bildung, Kultur und b\u00fcrgerlichen sowie gesellschaftlichen&nbsp; Integration und z\u00e4hlt f\u00fcr die Angelegenheiten der nationalen und ethnischen Minderheiten zust\u00e4ndigen Organe auf.<\/p>\n<p style=\"text-align: justify;\">Gesetzestext in deutscher Sprache: <a href=\"https:\/\/skgd.pl\/wp-content\/uploads\/2022\/02\/Ustawa.pdf\">Gesetz \u00fcber nationale und ethnische Minderheiten sowie \u00fcber Regionalsprache<\/a><\/p>\n<p>[\/vc_column_text][\/vc_column][\/vc_row]<\/p>","protected":false},"excerpt":{"rendered":"<p>[vc_row][vc_column][vc_column_text] Ein Dokument, welches Rechte und Pflichten von nationalen Minderheiten in Polen regelt ist das Gesetz \u00fcber nationale und ethnische Minderheiten sowie \u00fcber Regionalsprache vom 6. Januar 2005. Das Gesetz formuliert klar den Begriff der nationalen Minderheiten und z\u00e4hlt jene auf, die sich auf dem Gebiet Polens befinden. Es beinhaltet zudem Informationen zum Gebrauch der [&hellip;]<\/p>\n","protected":false},"author":1,"featured_media":0,"parent":9728,"menu_order":20,"comment_status":"closed","ping_status":"closed","template":"","meta":{"footnotes":""},"class_list":["post-10375","page","type-page","status-publish","hentry"],"yoast_head":"<!-- This site is optimized with the Yoast SEO plugin v18.9 - https:\/\/yoast.com\/wordpress\/plugins\/seo\/ -->\n<title>Gesetz \u00fcber nationale und ethnische Minderheiten sowie \u00fcber Regionalsprache vom 6. Januar 2005 - Deutsche Minderheit, Sozial-Kulturelle Gesellschaft der Deutschen im Oppelner Schlesien<\/title>\n<meta name=\"robots\" content=\"index, follow, max-snippet:-1, max-image-preview:large, max-video-preview:-1\" \/>\n<link rel=\"canonical\" href=\"https:\/\/skgd.pl\/o-nas\/regulacje-prawne\/ustawa-z-dnia-6-stycznia-2005-r-o-mniejszosciach-narodowych-i-etnicznych-oraz-o-jezyku-regionalnym\/\" \/>\n<meta property=\"og:locale\" content=\"de_DE\" \/>\n<meta property=\"og:type\" content=\"article\" \/>\n<meta property=\"og:title\" content=\"Gesetz \u00fcber nationale und ethnische Minderheiten sowie \u00fcber Regionalsprache vom 6. Januar 2005 - Deutsche Minderheit, Sozial-Kulturelle Gesellschaft der Deutschen im Oppelner Schlesien\" \/>\n<meta property=\"og:description\" content=\"[vc_row][vc_column][vc_column_text] Ein Dokument, welches Rechte und Pflichten von nationalen Minderheiten in Polen regelt ist das Gesetz \u00fcber nationale und ethnische Minderheiten sowie \u00fcber Regionalsprache vom 6. Januar 2005. Das Gesetz formuliert klar den Begriff der nationalen Minderheiten und z\u00e4hlt jene auf, die sich auf dem Gebiet Polens befinden. Es beinhaltet zudem Informationen zum Gebrauch der [&hellip;]\" \/>\n<meta property=\"og:url\" content=\"https:\/\/skgd.pl\/o-nas\/regulacje-prawne\/ustawa-z-dnia-6-stycznia-2005-r-o-mniejszosciach-narodowych-i-etnicznych-oraz-o-jezyku-regionalnym\/\" \/>\n<meta property=\"og:site_name\" content=\"Deutsche Minderheit, Sozial-Kulturelle Gesellschaft der Deutschen im Oppelner Schlesien\" \/>\n<meta property=\"article:modified_time\" content=\"2025-01-02T15:50:27+00:00\" \/>\n<meta name=\"twitter:card\" content=\"summary_large_image\" \/>\n<meta name=\"twitter:label1\" content=\"Gesch\u00e4tzte Lesezeit\" \/>\n\t<meta name=\"twitter:data1\" content=\"1\u00a0Minute\" \/>\n<script type=\"application\/ld+json\" class=\"yoast-schema-graph\">{\"@context\":\"https:\/\/schema.org\",\"@graph\":[{\"@type\":\"WebSite\",\"@id\":\"https:\/\/skgd.pl\/#website\",\"url\":\"https:\/\/skgd.pl\/\",\"name\":\"Deutsche Minderheit, Sozial-Kulturelle Gesellschaft der Deutschen im Oppelner Schlesien\",\"description\":\"Deutsche Minderheit in Polen\",\"potentialAction\":[{\"@type\":\"SearchAction\",\"target\":{\"@type\":\"EntryPoint\",\"urlTemplate\":\"https:\/\/skgd.pl\/?s={search_term_string}\"},\"query-input\":\"required name=search_term_string\"}],\"inLanguage\":\"de\"},{\"@type\":\"WebPage\",\"@id\":\"https:\/\/skgd.pl\/o-nas\/regulacje-prawne\/ustawa-z-dnia-6-stycznia-2005-r-o-mniejszosciach-narodowych-i-etnicznych-oraz-o-jezyku-regionalnym\/#webpage\",\"url\":\"https:\/\/skgd.pl\/o-nas\/regulacje-prawne\/ustawa-z-dnia-6-stycznia-2005-r-o-mniejszosciach-narodowych-i-etnicznych-oraz-o-jezyku-regionalnym\/\",\"name\":\"Gesetz \u00fcber nationale und ethnische Minderheiten sowie \u00fcber Regionalsprache vom 6. Januar 2005 - Deutsche Minderheit, Sozial-Kulturelle Gesellschaft der Deutschen im Oppelner Schlesien\",\"isPartOf\":{\"@id\":\"https:\/\/skgd.pl\/#website\"},\"datePublished\":\"2016-01-29T12:38:14+00:00\",\"dateModified\":\"2025-01-02T15:50:27+00:00\",\"breadcrumb\":{\"@id\":\"https:\/\/skgd.pl\/o-nas\/regulacje-prawne\/ustawa-z-dnia-6-stycznia-2005-r-o-mniejszosciach-narodowych-i-etnicznych-oraz-o-jezyku-regionalnym\/#breadcrumb\"},\"inLanguage\":\"de\",\"potentialAction\":[{\"@type\":\"ReadAction\",\"target\":[\"https:\/\/skgd.pl\/o-nas\/regulacje-prawne\/ustawa-z-dnia-6-stycznia-2005-r-o-mniejszosciach-narodowych-i-etnicznych-oraz-o-jezyku-regionalnym\/\"]}]},{\"@type\":\"BreadcrumbList\",\"@id\":\"https:\/\/skgd.pl\/o-nas\/regulacje-prawne\/ustawa-z-dnia-6-stycznia-2005-r-o-mniejszosciach-narodowych-i-etnicznych-oraz-o-jezyku-regionalnym\/#breadcrumb\",\"itemListElement\":[{\"@type\":\"ListItem\",\"position\":1,\"name\":\"Strona g\u0142\u00f3wna\",\"item\":\"https:\/\/skgd.pl\/\"},{\"@type\":\"ListItem\",\"position\":2,\"name\":\"O nas\",\"item\":\"https:\/\/skgd.pl\/o-nas\/\"},{\"@type\":\"ListItem\",\"position\":3,\"name\":\"Regulacje prawne\",\"item\":\"https:\/\/skgd.pl\/o-nas\/regulacje-prawne\/\"},{\"@type\":\"ListItem\",\"position\":4,\"name\":\"Ustawa z dnia 6 stycznia 2005 r. o mniejszo\u015bciach narodowych i etnicznych oraz o j\u0119zyku regionalnym\"}]}]}<\/script>\n<!-- \/ Yoast SEO plugin. -->","yoast_head_json":{"title":"Gesetz \u00fcber nationale und ethnische Minderheiten sowie \u00fcber Regionalsprache vom 6. Januar 2005 - Deutsche Minderheit, Sozial-Kulturelle Gesellschaft der Deutschen im Oppelner Schlesien","robots":{"index":"index","follow":"follow","max-snippet":"max-snippet:-1","max-image-preview":"max-image-preview:large","max-video-preview":"max-video-preview:-1"},"canonical":"https:\/\/skgd.pl\/o-nas\/regulacje-prawne\/ustawa-z-dnia-6-stycznia-2005-r-o-mniejszosciach-narodowych-i-etnicznych-oraz-o-jezyku-regionalnym\/","og_locale":"de_DE","og_type":"article","og_title":"Gesetz \u00fcber nationale und ethnische Minderheiten sowie \u00fcber Regionalsprache vom 6. Januar 2005 - Deutsche Minderheit, Sozial-Kulturelle Gesellschaft der Deutschen im Oppelner Schlesien","og_description":"[vc_row][vc_column][vc_column_text] Ein Dokument, welches Rechte und Pflichten von nationalen Minderheiten in Polen regelt ist das Gesetz \u00fcber nationale und ethnische Minderheiten sowie \u00fcber Regionalsprache vom 6. Januar 2005. Das Gesetz formuliert klar den Begriff der nationalen Minderheiten und z\u00e4hlt jene auf, die sich auf dem Gebiet Polens befinden. Es beinhaltet zudem Informationen zum Gebrauch der [&hellip;]","og_url":"https:\/\/skgd.pl\/o-nas\/regulacje-prawne\/ustawa-z-dnia-6-stycznia-2005-r-o-mniejszosciach-narodowych-i-etnicznych-oraz-o-jezyku-regionalnym\/","og_site_name":"Deutsche Minderheit, Sozial-Kulturelle Gesellschaft der Deutschen im Oppelner Schlesien","article_modified_time":"2025-01-02T15:50:27+00:00","twitter_card":"summary_large_image","twitter_misc":{"Gesch\u00e4tzte Lesezeit":"1\u00a0Minute"},"schema":{"@context":"https:\/\/schema.org","@graph":[{"@type":"WebSite","@id":"https:\/\/skgd.pl\/#website","url":"https:\/\/skgd.pl\/","name":"Deutsche Minderheit, Sozial-Kulturelle Gesellschaft der Deutschen im Oppelner Schlesien","description":"Deutsche Minderheit in Polen","potentialAction":[{"@type":"SearchAction","target":{"@type":"EntryPoint","urlTemplate":"https:\/\/skgd.pl\/?s={search_term_string}"},"query-input":"required name=search_term_string"}],"inLanguage":"de"},{"@type":"WebPage","@id":"https:\/\/skgd.pl\/o-nas\/regulacje-prawne\/ustawa-z-dnia-6-stycznia-2005-r-o-mniejszosciach-narodowych-i-etnicznych-oraz-o-jezyku-regionalnym\/#webpage","url":"https:\/\/skgd.pl\/o-nas\/regulacje-prawne\/ustawa-z-dnia-6-stycznia-2005-r-o-mniejszosciach-narodowych-i-etnicznych-oraz-o-jezyku-regionalnym\/","name":"Gesetz \u00fcber nationale und ethnische Minderheiten sowie \u00fcber Regionalsprache vom 6. Januar 2005 - Deutsche Minderheit, Sozial-Kulturelle Gesellschaft der Deutschen im Oppelner Schlesien","isPartOf":{"@id":"https:\/\/skgd.pl\/#website"},"datePublished":"2016-01-29T12:38:14+00:00","dateModified":"2025-01-02T15:50:27+00:00","breadcrumb":{"@id":"https:\/\/skgd.pl\/o-nas\/regulacje-prawne\/ustawa-z-dnia-6-stycznia-2005-r-o-mniejszosciach-narodowych-i-etnicznych-oraz-o-jezyku-regionalnym\/#breadcrumb"},"inLanguage":"de","potentialAction":[{"@type":"ReadAction","target":["https:\/\/skgd.pl\/o-nas\/regulacje-prawne\/ustawa-z-dnia-6-stycznia-2005-r-o-mniejszosciach-narodowych-i-etnicznych-oraz-o-jezyku-regionalnym\/"]}]},{"@type":"BreadcrumbList","@id":"https:\/\/skgd.pl\/o-nas\/regulacje-prawne\/ustawa-z-dnia-6-stycznia-2005-r-o-mniejszosciach-narodowych-i-etnicznych-oraz-o-jezyku-regionalnym\/#breadcrumb","itemListElement":[{"@type":"ListItem","position":1,"name":"Strona g\u0142\u00f3wna","item":"https:\/\/skgd.pl\/"},{"@type":"ListItem","position":2,"name":"O nas","item":"https:\/\/skgd.pl\/o-nas\/"},{"@type":"ListItem","position":3,"name":"Regulacje prawne","item":"https:\/\/skgd.pl\/o-nas\/regulacje-prawne\/"},{"@type":"ListItem","position":4,"name":"Ustawa z dnia 6 stycznia 2005 r. o mniejszo\u015bciach narodowych i etnicznych oraz o j\u0119zyku regionalnym"}]}]}},"_links":{"self":[{"href":"https:\/\/skgd.pl\/de\/wp-json\/wp\/v2\/pages\/10375","targetHints":{"allow":["GET"]}}],"collection":[{"href":"https:\/\/skgd.pl\/de\/wp-json\/wp\/v2\/pages"}],"about":[{"href":"https:\/\/skgd.pl\/de\/wp-json\/wp\/v2\/types\/page"}],"author":[{"embeddable":true,"href":"https:\/\/skgd.pl\/de\/wp-json\/wp\/v2\/users\/1"}],"replies":[{"embeddable":true,"href":"https:\/\/skgd.pl\/de\/wp-json\/wp\/v2\/comments?post=10375"}],"version-history":[{"count":5,"href":"https:\/\/skgd.pl\/de\/wp-json\/wp\/v2\/pages\/10375\/revisions"}],"predecessor-version":[{"id":35590,"href":"https:\/\/skgd.pl\/de\/wp-json\/wp\/v2\/pages\/10375\/revisions\/35590"}],"up":[{"embeddable":true,"href":"https:\/\/skgd.pl\/de\/wp-json\/wp\/v2\/pages\/9728"}],"wp:attachment":[{"href":"https:\/\/skgd.pl\/de\/wp-json\/wp\/v2\/media?parent=10375"}],"curies":[{"name":"wp","href":"https:\/\/api.w.org\/{rel}","templated":true}]}}