{"id":10374,"date":"2016-01-29T13:37:11","date_gmt":"2016-01-29T12:37:11","guid":{"rendered":"http:\/\/skgd.pl\/?page_id=10374"},"modified":"2025-01-02T16:49:08","modified_gmt":"2025-01-02T15:49:08","slug":"konwencja-ramowa-rady-europy-o-ochronie-mniejszosci-narodowych","status":"publish","type":"page","link":"https:\/\/skgd.pl\/de\/o-nas\/regulacje-prawne\/konwencja-ramowa-rady-europy-o-ochronie-mniejszosci-narodowych\/","title":{"rendered":"Rahmen\u00fcbereinkommen zum Schutz nationaler Minderheiten"},"content":{"rendered":"<p>[vc_row][vc_column][vc_column_text]<\/p>\n<p style=\"text-align: justify;\">Am 1. Februar 1995 wurde in Stra\u00dfburg das Rahmen\u00fcbereinkommen zum Schutz nationaler Minderheiten verfasst und trat am &nbsp;1. Februar 1998 in Kraft. Zur Zeit betrifft&nbsp;&nbsp;&nbsp;&nbsp; dieses Einkommen auf 39 von 47 Mitgliedsstaaten des Europarates und ab dem 1. April 2001 geh\u00f6rt auch Polen zu dieser Gruppe.<\/p>\n<p style=\"text-align: justify;\">Das Rahmen\u00fcbereinkommen bestimmt minimale Standards des Schutzes von nationalen Minderheiten, garantiert u.a.: Rechtsgleichheit, Schutz, freie Meinungs\u00e4u\u00dferung und die Gedanken-, Gewissens- und Religionsfreiheit, sch\u00fctzt&nbsp; Sprachen, Kultur der Minderheiten. Es legt das Recht aller Angeh\u00f6rigen einer nationalen Minderheit, sich friedlich zu versammeln und sich frei zusammenzuschlie\u00dfen fest und ist der erste verbindlicher internationaler Vertrag, welcher den Schutz von nationalen Minderheiten zum Ziel hat. &nbsp;<\/p>\n<p style=\"text-align: justify;\">Ein gewisser Nachteil des Dokuments ist die Tatsache, dass es keine Definition der nationalen Minderheit beinhaltet. Staatsvertreter, die an den Verhandlungen des Textes beteiligt waren, konnten sich zur einen gemeinsamen Definition und Konzeption der nationalen Minderheiten nicht einigen. Das Problem wurde so gel\u00f6st, dass es vom Staat abh\u00e4ngt, ob er die bestimmte nationale Minderheit anerkennt.<\/p>\n<p style=\"text-align: justify;\">In der polnischen Interpretationsdeklaration, welche im Anhang zum Rahmen\u00fcbereinkommen&nbsp;&nbsp; bekannt gegeben wurde wird erkl\u00e4rt, dass:<\/p>\n<blockquote>\n<p style=\"text-align: justify;\">\u201eAngesichts der Tatsache, dass das Rahmen\u00fcbereinkommen zum Schutz nationaler Minderheiten keine Definition der nationalen Minderheiten beinhaltet, erkl\u00e4rt die Republik Polen, dass man unter dem Begriff nationale Minderheiten versteht, welche das Gebiet der Republik Polens bewohnen und polnische Staatsb\u00fcrger sind. Die Republik Polen wird das Rahmen\u00fcbereinkommen auch nach Artikel 18 realisieren und mehrseitige \u00dcbereink\u00fcnfte mit anderen Staaten schlie\u00dfen, von denen im Artikel gesprochen wird, um Schutz von Angeh\u00f6rigen der nationalen Minderheiten in Polen sowie Minderheiten oder polnischen Gruppen in anderen Staaten sicherzustellen\u201d.<\/p>\n<\/blockquote>\n<p style=\"text-align: justify;\">Der ganze Text:&nbsp;<a href=\"https:\/\/rm.coe.int\/CoERMPublicCommonSearchServices\/DisplayDCTMContent?documentId=09000016800c1302\" data-cke-saved-href=\"https:\/\/rm.coe.int\/CoERMPublicCommonSearchServices\/DisplayDCTMContent?documentId=09000016800c1302\">Rahmen\u00fcbereinkommen zum Schutz nationaler Minderheiten<\/a><\/p>\n<p>[\/vc_column_text][\/vc_column][\/vc_row]<\/p>","protected":false},"excerpt":{"rendered":"<p>[vc_row][vc_column][vc_column_text] Am 1. Februar 1995 wurde in Stra\u00dfburg das Rahmen\u00fcbereinkommen zum Schutz nationaler Minderheiten verfasst und trat am &nbsp;1. Februar 1998 in Kraft. Zur Zeit betrifft&nbsp;&nbsp;&nbsp;&nbsp; dieses Einkommen auf 39 von 47 Mitgliedsstaaten des Europarates und ab dem 1. April 2001 geh\u00f6rt auch Polen zu dieser Gruppe. Das Rahmen\u00fcbereinkommen bestimmt minimale Standards des Schutzes von [&hellip;]<\/p>\n","protected":false},"author":1,"featured_media":0,"parent":9728,"menu_order":21,"comment_status":"closed","ping_status":"closed","template":"","meta":{"footnotes":""},"class_list":["post-10374","page","type-page","status-publish","hentry"],"yoast_head":"<!-- This site is optimized with the Yoast SEO plugin v18.9 - https:\/\/yoast.com\/wordpress\/plugins\/seo\/ -->\n<title>Rahmen\u00fcbereinkommen zum Schutz nationaler Minderheiten - Deutsche Minderheit, Sozial-Kulturelle Gesellschaft der Deutschen im Oppelner Schlesien<\/title>\n<meta name=\"robots\" content=\"index, follow, max-snippet:-1, max-image-preview:large, max-video-preview:-1\" \/>\n<link rel=\"canonical\" href=\"https:\/\/skgd.pl\/en\/o-nas\/regulacje-prawne\/konwencja-ramowa-rady-europy-o-ochronie-mniejszosci-narodowych\/\" \/>\n<meta property=\"og:locale\" content=\"de_DE\" \/>\n<meta property=\"og:type\" content=\"article\" \/>\n<meta property=\"og:title\" content=\"Rahmen\u00fcbereinkommen zum Schutz nationaler Minderheiten - Deutsche Minderheit, Sozial-Kulturelle Gesellschaft der Deutschen im Oppelner Schlesien\" \/>\n<meta property=\"og:description\" content=\"[vc_row][vc_column][vc_column_text] Am 1. Februar 1995 wurde in Stra\u00dfburg das Rahmen\u00fcbereinkommen zum Schutz nationaler Minderheiten verfasst und trat am &nbsp;1. Februar 1998 in Kraft. Zur Zeit betrifft&nbsp;&nbsp;&nbsp;&nbsp; dieses Einkommen auf 39 von 47 Mitgliedsstaaten des Europarates und ab dem 1. April 2001 geh\u00f6rt auch Polen zu dieser Gruppe. Das Rahmen\u00fcbereinkommen bestimmt minimale Standards des Schutzes von [&hellip;]\" \/>\n<meta property=\"og:url\" content=\"https:\/\/skgd.pl\/en\/o-nas\/regulacje-prawne\/konwencja-ramowa-rady-europy-o-ochronie-mniejszosci-narodowych\/\" \/>\n<meta property=\"og:site_name\" content=\"Deutsche Minderheit, Sozial-Kulturelle Gesellschaft der Deutschen im Oppelner Schlesien\" \/>\n<meta property=\"article:modified_time\" content=\"2025-01-02T15:49:08+00:00\" \/>\n<meta name=\"twitter:card\" content=\"summary_large_image\" \/>\n<meta name=\"twitter:label1\" content=\"Gesch\u00e4tzte Lesezeit\" \/>\n\t<meta name=\"twitter:data1\" content=\"3\u00a0Minuten\" \/>\n<script type=\"application\/ld+json\" class=\"yoast-schema-graph\">{\"@context\":\"https:\/\/schema.org\",\"@graph\":[{\"@type\":\"WebSite\",\"@id\":\"https:\/\/skgd.pl\/#website\",\"url\":\"https:\/\/skgd.pl\/\",\"name\":\"Deutsche Minderheit, Sozial-Kulturelle Gesellschaft der Deutschen im Oppelner Schlesien\",\"description\":\"Deutsche Minderheit in Polen\",\"potentialAction\":[{\"@type\":\"SearchAction\",\"target\":{\"@type\":\"EntryPoint\",\"urlTemplate\":\"https:\/\/skgd.pl\/?s={search_term_string}\"},\"query-input\":\"required name=search_term_string\"}],\"inLanguage\":\"de\"},{\"@type\":\"WebPage\",\"@id\":\"https:\/\/skgd.pl\/en\/o-nas\/regulacje-prawne\/konwencja-ramowa-rady-europy-o-ochronie-mniejszosci-narodowych\/#webpage\",\"url\":\"https:\/\/skgd.pl\/en\/o-nas\/regulacje-prawne\/konwencja-ramowa-rady-europy-o-ochronie-mniejszosci-narodowych\/\",\"name\":\"Rahmen\u00fcbereinkommen zum Schutz nationaler Minderheiten - Deutsche Minderheit, Sozial-Kulturelle Gesellschaft der Deutschen im Oppelner Schlesien\",\"isPartOf\":{\"@id\":\"https:\/\/skgd.pl\/#website\"},\"datePublished\":\"2016-01-29T12:37:11+00:00\",\"dateModified\":\"2025-01-02T15:49:08+00:00\",\"breadcrumb\":{\"@id\":\"https:\/\/skgd.pl\/en\/o-nas\/regulacje-prawne\/konwencja-ramowa-rady-europy-o-ochronie-mniejszosci-narodowych\/#breadcrumb\"},\"inLanguage\":\"de\",\"potentialAction\":[{\"@type\":\"ReadAction\",\"target\":[\"https:\/\/skgd.pl\/en\/o-nas\/regulacje-prawne\/konwencja-ramowa-rady-europy-o-ochronie-mniejszosci-narodowych\/\"]}]},{\"@type\":\"BreadcrumbList\",\"@id\":\"https:\/\/skgd.pl\/en\/o-nas\/regulacje-prawne\/konwencja-ramowa-rady-europy-o-ochronie-mniejszosci-narodowych\/#breadcrumb\",\"itemListElement\":[{\"@type\":\"ListItem\",\"position\":1,\"name\":\"Strona g\u0142\u00f3wna\",\"item\":\"https:\/\/skgd.pl\/\"},{\"@type\":\"ListItem\",\"position\":2,\"name\":\"O nas\",\"item\":\"https:\/\/skgd.pl\/o-nas\/\"},{\"@type\":\"ListItem\",\"position\":3,\"name\":\"Regulacje prawne\",\"item\":\"https:\/\/skgd.pl\/o-nas\/regulacje-prawne\/\"},{\"@type\":\"ListItem\",\"position\":4,\"name\":\"(Polski) Konwencja ramowa Rady Europy o ochronie mniejszo\u015bci narodowych\"}]}]}<\/script>\n<!-- \/ Yoast SEO plugin. -->","yoast_head_json":{"title":"Rahmen\u00fcbereinkommen zum Schutz nationaler Minderheiten - Deutsche Minderheit, Sozial-Kulturelle Gesellschaft der Deutschen im Oppelner Schlesien","robots":{"index":"index","follow":"follow","max-snippet":"max-snippet:-1","max-image-preview":"max-image-preview:large","max-video-preview":"max-video-preview:-1"},"canonical":"https:\/\/skgd.pl\/en\/o-nas\/regulacje-prawne\/konwencja-ramowa-rady-europy-o-ochronie-mniejszosci-narodowych\/","og_locale":"de_DE","og_type":"article","og_title":"Rahmen\u00fcbereinkommen zum Schutz nationaler Minderheiten - Deutsche Minderheit, Sozial-Kulturelle Gesellschaft der Deutschen im Oppelner Schlesien","og_description":"[vc_row][vc_column][vc_column_text] Am 1. Februar 1995 wurde in Stra\u00dfburg das Rahmen\u00fcbereinkommen zum Schutz nationaler Minderheiten verfasst und trat am &nbsp;1. Februar 1998 in Kraft. Zur Zeit betrifft&nbsp;&nbsp;&nbsp;&nbsp; dieses Einkommen auf 39 von 47 Mitgliedsstaaten des Europarates und ab dem 1. April 2001 geh\u00f6rt auch Polen zu dieser Gruppe. Das Rahmen\u00fcbereinkommen bestimmt minimale Standards des Schutzes von [&hellip;]","og_url":"https:\/\/skgd.pl\/en\/o-nas\/regulacje-prawne\/konwencja-ramowa-rady-europy-o-ochronie-mniejszosci-narodowych\/","og_site_name":"Deutsche Minderheit, Sozial-Kulturelle Gesellschaft der Deutschen im Oppelner Schlesien","article_modified_time":"2025-01-02T15:49:08+00:00","twitter_card":"summary_large_image","twitter_misc":{"Gesch\u00e4tzte Lesezeit":"3\u00a0Minuten"},"schema":{"@context":"https:\/\/schema.org","@graph":[{"@type":"WebSite","@id":"https:\/\/skgd.pl\/#website","url":"https:\/\/skgd.pl\/","name":"Deutsche Minderheit, Sozial-Kulturelle Gesellschaft der Deutschen im Oppelner Schlesien","description":"Deutsche Minderheit in Polen","potentialAction":[{"@type":"SearchAction","target":{"@type":"EntryPoint","urlTemplate":"https:\/\/skgd.pl\/?s={search_term_string}"},"query-input":"required name=search_term_string"}],"inLanguage":"de"},{"@type":"WebPage","@id":"https:\/\/skgd.pl\/en\/o-nas\/regulacje-prawne\/konwencja-ramowa-rady-europy-o-ochronie-mniejszosci-narodowych\/#webpage","url":"https:\/\/skgd.pl\/en\/o-nas\/regulacje-prawne\/konwencja-ramowa-rady-europy-o-ochronie-mniejszosci-narodowych\/","name":"Rahmen\u00fcbereinkommen zum Schutz nationaler Minderheiten - Deutsche Minderheit, Sozial-Kulturelle Gesellschaft der Deutschen im Oppelner Schlesien","isPartOf":{"@id":"https:\/\/skgd.pl\/#website"},"datePublished":"2016-01-29T12:37:11+00:00","dateModified":"2025-01-02T15:49:08+00:00","breadcrumb":{"@id":"https:\/\/skgd.pl\/en\/o-nas\/regulacje-prawne\/konwencja-ramowa-rady-europy-o-ochronie-mniejszosci-narodowych\/#breadcrumb"},"inLanguage":"de","potentialAction":[{"@type":"ReadAction","target":["https:\/\/skgd.pl\/en\/o-nas\/regulacje-prawne\/konwencja-ramowa-rady-europy-o-ochronie-mniejszosci-narodowych\/"]}]},{"@type":"BreadcrumbList","@id":"https:\/\/skgd.pl\/en\/o-nas\/regulacje-prawne\/konwencja-ramowa-rady-europy-o-ochronie-mniejszosci-narodowych\/#breadcrumb","itemListElement":[{"@type":"ListItem","position":1,"name":"Strona g\u0142\u00f3wna","item":"https:\/\/skgd.pl\/"},{"@type":"ListItem","position":2,"name":"O nas","item":"https:\/\/skgd.pl\/o-nas\/"},{"@type":"ListItem","position":3,"name":"Regulacje prawne","item":"https:\/\/skgd.pl\/o-nas\/regulacje-prawne\/"},{"@type":"ListItem","position":4,"name":"(Polski) Konwencja ramowa Rady Europy o ochronie mniejszo\u015bci narodowych"}]}]}},"_links":{"self":[{"href":"https:\/\/skgd.pl\/de\/wp-json\/wp\/v2\/pages\/10374","targetHints":{"allow":["GET"]}}],"collection":[{"href":"https:\/\/skgd.pl\/de\/wp-json\/wp\/v2\/pages"}],"about":[{"href":"https:\/\/skgd.pl\/de\/wp-json\/wp\/v2\/types\/page"}],"author":[{"embeddable":true,"href":"https:\/\/skgd.pl\/de\/wp-json\/wp\/v2\/users\/1"}],"replies":[{"embeddable":true,"href":"https:\/\/skgd.pl\/de\/wp-json\/wp\/v2\/comments?post=10374"}],"version-history":[{"count":6,"href":"https:\/\/skgd.pl\/de\/wp-json\/wp\/v2\/pages\/10374\/revisions"}],"predecessor-version":[{"id":35589,"href":"https:\/\/skgd.pl\/de\/wp-json\/wp\/v2\/pages\/10374\/revisions\/35589"}],"up":[{"embeddable":true,"href":"https:\/\/skgd.pl\/de\/wp-json\/wp\/v2\/pages\/9728"}],"wp:attachment":[{"href":"https:\/\/skgd.pl\/de\/wp-json\/wp\/v2\/media?parent=10374"}],"curies":[{"name":"wp","href":"https:\/\/api.w.org\/{rel}","templated":true}]}}