{"id":10373,"date":"2016-01-29T13:34:41","date_gmt":"2016-01-29T12:34:41","guid":{"rendered":"http:\/\/skgd.pl\/?page_id=10373"},"modified":"2025-01-02T16:46:23","modified_gmt":"2025-01-02T15:46:23","slug":"traktat-miedzy-rzeczpospolita-polska-a-republika-federalna-niemiec-o-dobrym-sasiedztwie-i-przyjaznej-wspolpracy-z-17-czerwca-1991-roku","status":"publish","type":"page","link":"https:\/\/skgd.pl\/de\/o-nas\/traktat-miedzy-rzeczpospolita-polska-a-republika-federalna-niemiec-o-dobrym-sasiedztwie-i-przyjaznej-wspolpracy-z-17-czerwca-1991-roku\/","title":{"rendered":"Vertrag zwischen der Bundesrepublik Deutschland und der Republik Polen \u00fcber gute Nachbarschaft und freundschaftliche Zusammenarbeit vom 17. Juni 1991"},"content":{"rendered":"<p>[vc_row][vc_column][vc_column_text]<\/p>\n<p style=\"text-align: justify;\">Am 17. Juni 1991 wurde in Bonn der Vertrag zwischen der Bundesrepublik Deutschland und der Republik Polen \u00fcber gute Nachbarschaft und freundschaftliche Zusammenarbeit vom 17. Juni 1991 geschlossen und es war das erste offizielle Dokument, welches zwischen der polnischen und deutschen Seite unterzeichne wurde und die Existenz der deutschen Minderheit in Polen offen anerkannt hatte. Diesen haben Jan Krzysztof Bielecki und Krzysztof Skubiszewski auf der polnischen Seite sowie Helmut Kohl und Hans \u2013 Dietrich Genscher auf der deutschen Seite unterzeichnet.<\/p>\n<p style=\"text-align: justify;\">Informationen zur Lage der deutschen Minderheit in Polen finden wir im Artikel 20 des Vertrags.<\/p>\n<p style=\"text-align: justify;\" align=\"center\"><strong>Art. 20.<\/strong><\/p>\n<p style=\"text-align: justify;\">(1) Die Angeh\u00f6rigen der deutschen Minderheit in der Republik Polen, das hei\u00dft Personen&nbsp;polnischer Staatsangeh\u00f6rigkeit, die deutscher Abstammung sind oder die sich zur deutschen&nbsp;Sprache, Kultur oder Tradition bekennen, sowie Personen deutscher Staatsangeh\u00f6rigkeit in der Bundesrepublik Deutschland, die polnischer Abstammung sind oder die sich zur polnischen Sprache, Kultur oder Tradition bekennen, haben das Recht, einzeln oder in Gemeinschaft mit anderen Mitgliedern ihrer Gruppe ihre ethnische, kulturelle, sprachliche und religi\u00f6se Identit\u00e4t frei zum Ausdruck zu bringen, zu bewahren und weiterzuentwickeln; frei von jeglichen Versuchen, gegen ihren Willen assimiliert zu werden. Sie haben das Recht, ihre Menschenrechte und Grundfreiheiten ohne jegliche Diskriminierung und in voller Gleichheit vor dem Gesetz voll und wirksam auszu\u00fcben.<\/p>\n<p style=\"text-align: justify;\">(2) Die Vertragsparteien verwirklichen die Rechte und Verpflichtungen des internationalen&nbsp;Standards f\u00fcr Minderheiten, insbesondere gem\u00e4\u00df der allgemeinen Erkl\u00e4rung der&nbsp;Menschenrechte der Vereinten Nationen vom 10. Dezember 1948, der Europ\u00e4ischen&nbsp;Konvention vom 4. November 1950 zum Schutz der Menschenrechte und Grundfreiheiten, des Internationalen \u00dcbereinkommens vom 7. M\u00e4rz 1966 zur Beseitigung jeder Form von&nbsp;Rassendiskriminierung, des Internationalen Pakts vom 16. Dezember 1966 \u00fcber b\u00fcrgerliche&nbsp;und politische Rechte, der Schlu\u00dfakte von Helsinki vom 1. August 1975, des Dokuments des&nbsp;Kopenhagener Treffens \u00fcber die menschliche Dimension der KSZE vom 29. Juni 1990 sowie&nbsp;der Charta von Paris f\u00fcr ein neues Europa vom 21. November 1990.<\/p>\n<p style=\"text-align: justify;\">(3) Die Vertragsparteien erkl\u00e4ren, da\u00df die in Absatz 1 genannten Personen insbesondere das&nbsp;Recht haben, einzeln oder in Gemeinschaft mit anderen Mitgliedern ihrer Gruppe<\/p>\n<p style=\"text-align: justify;\">\u2013 sich privat und in der \u00d6ffentlichkeit ihrer Muttersprache frei zu bedienen, in ihr Informationen&nbsp;zu verbreiten und auszutauschen und dazu Zugang zu haben,<\/p>\n<p style=\"text-align: justify;\">\u2013 ihre eigenen Bildungs-, Kultur- und Religionseinrichtungen, -organisationen oder-vereinigungen zu gr\u00fcnden und zu unterhalten, die um freiwillige Beitr\u00e4ge finanzieller oder&nbsp;anderer Art sowie \u00f6ffentliche Unterst\u00fctzung im Einklang mit den nationalen Rechtsvorschriften ersuchen k\u00f6nnen und gleichberechtigten Zugang zu den Medien ihrer Region haben,<\/p>\n<p style=\"text-align: justify;\">\u2013 sich zu ihrer Religion zu bekennen und diese auszu\u00fcben, einschlie\u00dflich des Erwerbs und&nbsp;Besitzes sowie der Verwendung religi\u00f6sen Materials, und den Religionsunterricht in ihrer&nbsp;Muttersprache abzuhalten,<\/p>\n<p style=\"text-align: justify;\">\u2013 untereinander ungehinderte Kontakte innerhalb des Landes sowie Kontakte \u00fcber Grenzen&nbsp;hinweg mit B\u00fcrgern anderer Staaten herzustellen und zu pflegen, mit denen sie eine&nbsp;gemeinsame ethnische oder nationale Herkunft, ein gemeinsames kulturelles Erbe oder&nbsp;religi\u00f6ses Bekenntnis teilen,<\/p>\n<p style=\"text-align: justify;\">\u2013 ihre Vor- und Familiennamen in der Form der Muttersprache zu f\u00fchren,<\/p>\n<p style=\"text-align: justify;\">\u2013 Organisationen oder Vereinigungen in ihrem Land einzurichten und zu unterhalten und in&nbsp;internationalen nichtstaatlichen Organisationen mitzuarbeiten,<\/p>\n<p style=\"text-align: justify;\">\u2013 sich wie jedermann wirksamer Rechtsmittel zur Verwirklichung ihrer Rechte im Einklang mit&nbsp;den nationalen Rechtsvorschriften zu bedienen.<\/p>\n<p style=\"text-align: justify;\">(4) Die Vertragsparteien bekr\u00e4ftigen, da\u00df die Zugeh\u00f6rigkeit zu den in Absatz 1 genannten&nbsp;Gruppen Angelegenheit der pers\u00f6nlichen Entscheidung eines Menschen ist, die f\u00fcr ihn keinen Nachteil mit sich bringen darf.<\/p>\n<p style=\"text-align: justify;\">Der Text des Vertrags:&nbsp;<a href=\"https:\/\/www.bundesregierung.de\/breg-de\/service\/bulletin\/vertrag-zwischen-der-bundesrepublik-deutschland-und-der-republik-polen-ueber-gute-nachbarschaft-und-freundschaftliche-zusammenarbeit-786742\">Nachbarschaftsvertrag<\/a><\/p>\n<p>[\/vc_column_text][\/vc_column][\/vc_row]<\/p>","protected":false},"excerpt":{"rendered":"<p>[vc_row][vc_column][vc_column_text] Am 17. Juni 1991 wurde in Bonn der Vertrag zwischen der Bundesrepublik Deutschland und der Republik Polen \u00fcber gute Nachbarschaft und freundschaftliche Zusammenarbeit vom 17. Juni 1991 geschlossen und es war das erste offizielle Dokument, welches zwischen der polnischen und deutschen Seite unterzeichne wurde und die Existenz der deutschen Minderheit in Polen offen anerkannt [&hellip;]<\/p>\n","protected":false},"author":1,"featured_media":0,"parent":9321,"menu_order":17,"comment_status":"closed","ping_status":"closed","template":"","meta":{"footnotes":""},"class_list":["post-10373","page","type-page","status-publish","hentry"],"yoast_head":"<!-- This site is optimized with the Yoast SEO plugin v18.9 - https:\/\/yoast.com\/wordpress\/plugins\/seo\/ -->\n<title>Vertrag zwischen der Bundesrepublik Deutschland und der Republik Polen \u00fcber gute Nachbarschaft und freundschaftliche Zusammenarbeit vom 17. Juni 1991 - Deutsche Minderheit, Sozial-Kulturelle Gesellschaft der Deutschen im Oppelner Schlesien<\/title>\n<meta name=\"robots\" content=\"index, follow, max-snippet:-1, max-image-preview:large, max-video-preview:-1\" \/>\n<link rel=\"canonical\" href=\"https:\/\/skgd.pl\/o-nas\/traktat-miedzy-rzeczpospolita-polska-a-republika-federalna-niemiec-o-dobrym-sasiedztwie-i-przyjaznej-wspolpracy-z-17-czerwca-1991-roku\/\" \/>\n<meta property=\"og:locale\" content=\"de_DE\" \/>\n<meta property=\"og:type\" content=\"article\" \/>\n<meta property=\"og:title\" content=\"Vertrag zwischen der Bundesrepublik Deutschland und der Republik Polen \u00fcber gute Nachbarschaft und freundschaftliche Zusammenarbeit vom 17. Juni 1991 - Deutsche Minderheit, Sozial-Kulturelle Gesellschaft der Deutschen im Oppelner Schlesien\" \/>\n<meta property=\"og:description\" content=\"[vc_row][vc_column][vc_column_text] Am 17. Juni 1991 wurde in Bonn der Vertrag zwischen der Bundesrepublik Deutschland und der Republik Polen \u00fcber gute Nachbarschaft und freundschaftliche Zusammenarbeit vom 17. Juni 1991 geschlossen und es war das erste offizielle Dokument, welches zwischen der polnischen und deutschen Seite unterzeichne wurde und die Existenz der deutschen Minderheit in Polen offen anerkannt [&hellip;]\" \/>\n<meta property=\"og:url\" content=\"https:\/\/skgd.pl\/o-nas\/traktat-miedzy-rzeczpospolita-polska-a-republika-federalna-niemiec-o-dobrym-sasiedztwie-i-przyjaznej-wspolpracy-z-17-czerwca-1991-roku\/\" \/>\n<meta property=\"og:site_name\" content=\"Deutsche Minderheit, Sozial-Kulturelle Gesellschaft der Deutschen im Oppelner Schlesien\" \/>\n<meta property=\"article:modified_time\" content=\"2025-01-02T15:46:23+00:00\" \/>\n<meta name=\"twitter:card\" content=\"summary_large_image\" \/>\n<meta name=\"twitter:label1\" content=\"Gesch\u00e4tzte Lesezeit\" \/>\n\t<meta name=\"twitter:data1\" content=\"6\u00a0Minuten\" \/>\n<script type=\"application\/ld+json\" class=\"yoast-schema-graph\">{\"@context\":\"https:\/\/schema.org\",\"@graph\":[{\"@type\":\"WebSite\",\"@id\":\"https:\/\/skgd.pl\/#website\",\"url\":\"https:\/\/skgd.pl\/\",\"name\":\"Deutsche Minderheit, Sozial-Kulturelle Gesellschaft der Deutschen im Oppelner Schlesien\",\"description\":\"Deutsche Minderheit in Polen\",\"potentialAction\":[{\"@type\":\"SearchAction\",\"target\":{\"@type\":\"EntryPoint\",\"urlTemplate\":\"https:\/\/skgd.pl\/?s={search_term_string}\"},\"query-input\":\"required name=search_term_string\"}],\"inLanguage\":\"de\"},{\"@type\":\"WebPage\",\"@id\":\"https:\/\/skgd.pl\/o-nas\/traktat-miedzy-rzeczpospolita-polska-a-republika-federalna-niemiec-o-dobrym-sasiedztwie-i-przyjaznej-wspolpracy-z-17-czerwca-1991-roku\/#webpage\",\"url\":\"https:\/\/skgd.pl\/o-nas\/traktat-miedzy-rzeczpospolita-polska-a-republika-federalna-niemiec-o-dobrym-sasiedztwie-i-przyjaznej-wspolpracy-z-17-czerwca-1991-roku\/\",\"name\":\"Vertrag zwischen der Bundesrepublik Deutschland und der Republik Polen \u00fcber gute Nachbarschaft und freundschaftliche Zusammenarbeit vom 17. Juni 1991 - Deutsche Minderheit, Sozial-Kulturelle Gesellschaft der Deutschen im Oppelner Schlesien\",\"isPartOf\":{\"@id\":\"https:\/\/skgd.pl\/#website\"},\"datePublished\":\"2016-01-29T12:34:41+00:00\",\"dateModified\":\"2025-01-02T15:46:23+00:00\",\"breadcrumb\":{\"@id\":\"https:\/\/skgd.pl\/o-nas\/traktat-miedzy-rzeczpospolita-polska-a-republika-federalna-niemiec-o-dobrym-sasiedztwie-i-przyjaznej-wspolpracy-z-17-czerwca-1991-roku\/#breadcrumb\"},\"inLanguage\":\"de\",\"potentialAction\":[{\"@type\":\"ReadAction\",\"target\":[\"https:\/\/skgd.pl\/o-nas\/traktat-miedzy-rzeczpospolita-polska-a-republika-federalna-niemiec-o-dobrym-sasiedztwie-i-przyjaznej-wspolpracy-z-17-czerwca-1991-roku\/\"]}]},{\"@type\":\"BreadcrumbList\",\"@id\":\"https:\/\/skgd.pl\/o-nas\/traktat-miedzy-rzeczpospolita-polska-a-republika-federalna-niemiec-o-dobrym-sasiedztwie-i-przyjaznej-wspolpracy-z-17-czerwca-1991-roku\/#breadcrumb\",\"itemListElement\":[{\"@type\":\"ListItem\",\"position\":1,\"name\":\"Strona g\u0142\u00f3wna\",\"item\":\"https:\/\/skgd.pl\/\"},{\"@type\":\"ListItem\",\"position\":2,\"name\":\"O nas\",\"item\":\"https:\/\/skgd.pl\/o-nas\/\"},{\"@type\":\"ListItem\",\"position\":3,\"name\":\"Traktat mi\u0119dzy Rzeczpospolit\u0105 Polsk\u0105 a Republik\u0105 Federaln\u0105 Niemiec o dobrym s\u0105siedztwie i przyjaznej wsp\u00f3\u0142pracy z 17 czerwca 1991 roku\"}]}]}<\/script>\n<!-- \/ Yoast SEO plugin. -->","yoast_head_json":{"title":"Vertrag zwischen der Bundesrepublik Deutschland und der Republik Polen \u00fcber gute Nachbarschaft und freundschaftliche Zusammenarbeit vom 17. Juni 1991 - Deutsche Minderheit, Sozial-Kulturelle Gesellschaft der Deutschen im Oppelner Schlesien","robots":{"index":"index","follow":"follow","max-snippet":"max-snippet:-1","max-image-preview":"max-image-preview:large","max-video-preview":"max-video-preview:-1"},"canonical":"https:\/\/skgd.pl\/o-nas\/traktat-miedzy-rzeczpospolita-polska-a-republika-federalna-niemiec-o-dobrym-sasiedztwie-i-przyjaznej-wspolpracy-z-17-czerwca-1991-roku\/","og_locale":"de_DE","og_type":"article","og_title":"Vertrag zwischen der Bundesrepublik Deutschland und der Republik Polen \u00fcber gute Nachbarschaft und freundschaftliche Zusammenarbeit vom 17. Juni 1991 - Deutsche Minderheit, Sozial-Kulturelle Gesellschaft der Deutschen im Oppelner Schlesien","og_description":"[vc_row][vc_column][vc_column_text] Am 17. Juni 1991 wurde in Bonn der Vertrag zwischen der Bundesrepublik Deutschland und der Republik Polen \u00fcber gute Nachbarschaft und freundschaftliche Zusammenarbeit vom 17. Juni 1991 geschlossen und es war das erste offizielle Dokument, welches zwischen der polnischen und deutschen Seite unterzeichne wurde und die Existenz der deutschen Minderheit in Polen offen anerkannt [&hellip;]","og_url":"https:\/\/skgd.pl\/o-nas\/traktat-miedzy-rzeczpospolita-polska-a-republika-federalna-niemiec-o-dobrym-sasiedztwie-i-przyjaznej-wspolpracy-z-17-czerwca-1991-roku\/","og_site_name":"Deutsche Minderheit, Sozial-Kulturelle Gesellschaft der Deutschen im Oppelner Schlesien","article_modified_time":"2025-01-02T15:46:23+00:00","twitter_card":"summary_large_image","twitter_misc":{"Gesch\u00e4tzte Lesezeit":"6\u00a0Minuten"},"schema":{"@context":"https:\/\/schema.org","@graph":[{"@type":"WebSite","@id":"https:\/\/skgd.pl\/#website","url":"https:\/\/skgd.pl\/","name":"Deutsche Minderheit, Sozial-Kulturelle Gesellschaft der Deutschen im Oppelner Schlesien","description":"Deutsche Minderheit in Polen","potentialAction":[{"@type":"SearchAction","target":{"@type":"EntryPoint","urlTemplate":"https:\/\/skgd.pl\/?s={search_term_string}"},"query-input":"required name=search_term_string"}],"inLanguage":"de"},{"@type":"WebPage","@id":"https:\/\/skgd.pl\/o-nas\/traktat-miedzy-rzeczpospolita-polska-a-republika-federalna-niemiec-o-dobrym-sasiedztwie-i-przyjaznej-wspolpracy-z-17-czerwca-1991-roku\/#webpage","url":"https:\/\/skgd.pl\/o-nas\/traktat-miedzy-rzeczpospolita-polska-a-republika-federalna-niemiec-o-dobrym-sasiedztwie-i-przyjaznej-wspolpracy-z-17-czerwca-1991-roku\/","name":"Vertrag zwischen der Bundesrepublik Deutschland und der Republik Polen \u00fcber gute Nachbarschaft und freundschaftliche Zusammenarbeit vom 17. Juni 1991 - Deutsche Minderheit, Sozial-Kulturelle Gesellschaft der Deutschen im Oppelner Schlesien","isPartOf":{"@id":"https:\/\/skgd.pl\/#website"},"datePublished":"2016-01-29T12:34:41+00:00","dateModified":"2025-01-02T15:46:23+00:00","breadcrumb":{"@id":"https:\/\/skgd.pl\/o-nas\/traktat-miedzy-rzeczpospolita-polska-a-republika-federalna-niemiec-o-dobrym-sasiedztwie-i-przyjaznej-wspolpracy-z-17-czerwca-1991-roku\/#breadcrumb"},"inLanguage":"de","potentialAction":[{"@type":"ReadAction","target":["https:\/\/skgd.pl\/o-nas\/traktat-miedzy-rzeczpospolita-polska-a-republika-federalna-niemiec-o-dobrym-sasiedztwie-i-przyjaznej-wspolpracy-z-17-czerwca-1991-roku\/"]}]},{"@type":"BreadcrumbList","@id":"https:\/\/skgd.pl\/o-nas\/traktat-miedzy-rzeczpospolita-polska-a-republika-federalna-niemiec-o-dobrym-sasiedztwie-i-przyjaznej-wspolpracy-z-17-czerwca-1991-roku\/#breadcrumb","itemListElement":[{"@type":"ListItem","position":1,"name":"Strona g\u0142\u00f3wna","item":"https:\/\/skgd.pl\/"},{"@type":"ListItem","position":2,"name":"O nas","item":"https:\/\/skgd.pl\/o-nas\/"},{"@type":"ListItem","position":3,"name":"Traktat mi\u0119dzy Rzeczpospolit\u0105 Polsk\u0105 a Republik\u0105 Federaln\u0105 Niemiec o dobrym s\u0105siedztwie i przyjaznej wsp\u00f3\u0142pracy z 17 czerwca 1991 roku"}]}]}},"_links":{"self":[{"href":"https:\/\/skgd.pl\/de\/wp-json\/wp\/v2\/pages\/10373","targetHints":{"allow":["GET"]}}],"collection":[{"href":"https:\/\/skgd.pl\/de\/wp-json\/wp\/v2\/pages"}],"about":[{"href":"https:\/\/skgd.pl\/de\/wp-json\/wp\/v2\/types\/page"}],"author":[{"embeddable":true,"href":"https:\/\/skgd.pl\/de\/wp-json\/wp\/v2\/users\/1"}],"replies":[{"embeddable":true,"href":"https:\/\/skgd.pl\/de\/wp-json\/wp\/v2\/comments?post=10373"}],"version-history":[{"count":7,"href":"https:\/\/skgd.pl\/de\/wp-json\/wp\/v2\/pages\/10373\/revisions"}],"predecessor-version":[{"id":35586,"href":"https:\/\/skgd.pl\/de\/wp-json\/wp\/v2\/pages\/10373\/revisions\/35586"}],"up":[{"embeddable":true,"href":"https:\/\/skgd.pl\/de\/wp-json\/wp\/v2\/pages\/9321"}],"wp:attachment":[{"href":"https:\/\/skgd.pl\/de\/wp-json\/wp\/v2\/media?parent=10373"}],"curies":[{"name":"wp","href":"https:\/\/api.w.org\/{rel}","templated":true}]}}