{"id":10372,"date":"2016-01-29T13:33:32","date_gmt":"2016-01-29T12:33:32","guid":{"rendered":"http:\/\/skgd.pl\/?page_id=10372"},"modified":"2025-01-02T16:43:15","modified_gmt":"2025-01-02T15:43:15","slug":"konstytucja-rzeczypospolitej-polski-z-dnia-2-kwietnia-1997r","status":"publish","type":"page","link":"https:\/\/skgd.pl\/de\/o-nas\/regulacje-prawne\/konstytucja-rzeczypospolitej-polski-z-dnia-2-kwietnia-1997r\/","title":{"rendered":"Verfassung der Republik Polen vom 2.April 1997"},"content":{"rendered":"<p>[vc_row][vc_column][vc_column_text]Die offizielle Anerkennung der deutschen Minderheit in Polen durch den Staat nach dem Systenwechsel im Jahr 1990, war mit Zuerkennung der verschiedenen Rechte&nbsp; aber auch Pflichten gegen\u00fcber dieser Bev\u00f6lkerungsgruppe verbunden.<\/p>\n<p>Die Verfassung der Republik Polen vom 2. April 1997 ist der wichtigste und einer der ersten Rechtsakte in der polnischen Gesetzgebung, welcher die Existenz von Minderheiten auf dem Gebiet Polens anerkennt. Informationen zu diesem Thema findet man im Art. 35:<\/p>\n<p align=\"center\"><strong>Art. 35.<\/strong><\/p>\n<p>1. Die Republik Polen gew\u00e4hrleistet den polnischen Staatsangeh\u00f6rigen, die nationalen und ethnischen Minderheiten angeh\u00f6ren, die Freiheit der Erhaltung und der Entwicklung der eigenen Sprache, der Erhaltung von Br\u00e4uchen und Traditionen sowie der Entwicklung der eigenen Kultur.<\/p>\n<p>2.Nationale und ethnische Minderheiten haben das Recht auf Bildung eigener Ausbildungs- und Kultureinrichtungen sowie der Einrichtungen, die dem Schutz der religi\u00f6sen Identit\u00e4t dienen. Sie haben auch das Recht an Entscheidungen in solchen Angelegenheiten beteiligt zu werden, die ihre kulturelle Identit\u00e4t betreffen.<\/p>\n<p>Den ganzen Text in deutscher Fassung lesen Sie <a href=\"https:\/\/www.sejm.gov.pl\/prawo\/konst\/niemiecki\/kon1.htm\">HIER<\/a>[\/vc_column_text][\/vc_column][\/vc_row]<\/p>","protected":false},"excerpt":{"rendered":"<p>[vc_row][vc_column][vc_column_text]Die offizielle Anerkennung der deutschen Minderheit in Polen durch den Staat nach dem Systenwechsel im Jahr 1990, war mit Zuerkennung der verschiedenen Rechte&nbsp; aber auch Pflichten gegen\u00fcber dieser Bev\u00f6lkerungsgruppe verbunden. Die Verfassung der Republik Polen vom 2. April 1997 ist der wichtigste und einer der ersten Rechtsakte in der polnischen Gesetzgebung, welcher die Existenz von [&hellip;]<\/p>\n","protected":false},"author":1,"featured_media":0,"parent":9728,"menu_order":22,"comment_status":"closed","ping_status":"closed","template":"","meta":{"footnotes":""},"class_list":["post-10372","page","type-page","status-publish","hentry"],"yoast_head":"<!-- This site is optimized with the Yoast SEO plugin v18.9 - https:\/\/yoast.com\/wordpress\/plugins\/seo\/ -->\n<title>Verfassung der Republik Polen vom 2.April 1997 - Deutsche Minderheit, Sozial-Kulturelle Gesellschaft der Deutschen im Oppelner Schlesien<\/title>\n<meta name=\"robots\" content=\"index, follow, max-snippet:-1, max-image-preview:large, max-video-preview:-1\" \/>\n<link rel=\"canonical\" href=\"https:\/\/skgd.pl\/en\/o-nas\/regulacje-prawne\/konstytucja-rzeczypospolitej-polski-z-dnia-2-kwietnia-1997r\/\" \/>\n<meta property=\"og:locale\" content=\"de_DE\" \/>\n<meta property=\"og:type\" content=\"article\" \/>\n<meta property=\"og:title\" content=\"Verfassung der Republik Polen vom 2.April 1997 - Deutsche Minderheit, Sozial-Kulturelle Gesellschaft der Deutschen im Oppelner Schlesien\" \/>\n<meta property=\"og:description\" content=\"[vc_row][vc_column][vc_column_text]Die offizielle Anerkennung der deutschen Minderheit in Polen durch den Staat nach dem Systenwechsel im Jahr 1990, war mit Zuerkennung der verschiedenen Rechte&nbsp; aber auch Pflichten gegen\u00fcber dieser Bev\u00f6lkerungsgruppe verbunden. Die Verfassung der Republik Polen vom 2. April 1997 ist der wichtigste und einer der ersten Rechtsakte in der polnischen Gesetzgebung, welcher die Existenz von [&hellip;]\" \/>\n<meta property=\"og:url\" content=\"https:\/\/skgd.pl\/en\/o-nas\/regulacje-prawne\/konstytucja-rzeczypospolitej-polski-z-dnia-2-kwietnia-1997r\/\" \/>\n<meta property=\"og:site_name\" content=\"Deutsche Minderheit, Sozial-Kulturelle Gesellschaft der Deutschen im Oppelner Schlesien\" \/>\n<meta property=\"article:modified_time\" content=\"2025-01-02T15:43:15+00:00\" \/>\n<meta name=\"twitter:card\" content=\"summary_large_image\" \/>\n<meta name=\"twitter:label1\" content=\"Gesch\u00e4tzte Lesezeit\" \/>\n\t<meta name=\"twitter:data1\" content=\"2\u00a0Minuten\" \/>\n<script type=\"application\/ld+json\" class=\"yoast-schema-graph\">{\"@context\":\"https:\/\/schema.org\",\"@graph\":[{\"@type\":\"WebSite\",\"@id\":\"https:\/\/skgd.pl\/#website\",\"url\":\"https:\/\/skgd.pl\/\",\"name\":\"Deutsche Minderheit, Sozial-Kulturelle Gesellschaft der Deutschen im Oppelner Schlesien\",\"description\":\"Deutsche Minderheit in Polen\",\"potentialAction\":[{\"@type\":\"SearchAction\",\"target\":{\"@type\":\"EntryPoint\",\"urlTemplate\":\"https:\/\/skgd.pl\/?s={search_term_string}\"},\"query-input\":\"required name=search_term_string\"}],\"inLanguage\":\"de\"},{\"@type\":\"WebPage\",\"@id\":\"https:\/\/skgd.pl\/en\/o-nas\/regulacje-prawne\/konstytucja-rzeczypospolitej-polski-z-dnia-2-kwietnia-1997r\/#webpage\",\"url\":\"https:\/\/skgd.pl\/en\/o-nas\/regulacje-prawne\/konstytucja-rzeczypospolitej-polski-z-dnia-2-kwietnia-1997r\/\",\"name\":\"Verfassung der Republik Polen vom 2.April 1997 - Deutsche Minderheit, Sozial-Kulturelle Gesellschaft der Deutschen im Oppelner Schlesien\",\"isPartOf\":{\"@id\":\"https:\/\/skgd.pl\/#website\"},\"datePublished\":\"2016-01-29T12:33:32+00:00\",\"dateModified\":\"2025-01-02T15:43:15+00:00\",\"breadcrumb\":{\"@id\":\"https:\/\/skgd.pl\/en\/o-nas\/regulacje-prawne\/konstytucja-rzeczypospolitej-polski-z-dnia-2-kwietnia-1997r\/#breadcrumb\"},\"inLanguage\":\"de\",\"potentialAction\":[{\"@type\":\"ReadAction\",\"target\":[\"https:\/\/skgd.pl\/en\/o-nas\/regulacje-prawne\/konstytucja-rzeczypospolitej-polski-z-dnia-2-kwietnia-1997r\/\"]}]},{\"@type\":\"BreadcrumbList\",\"@id\":\"https:\/\/skgd.pl\/en\/o-nas\/regulacje-prawne\/konstytucja-rzeczypospolitej-polski-z-dnia-2-kwietnia-1997r\/#breadcrumb\",\"itemListElement\":[{\"@type\":\"ListItem\",\"position\":1,\"name\":\"Strona g\u0142\u00f3wna\",\"item\":\"https:\/\/skgd.pl\/\"},{\"@type\":\"ListItem\",\"position\":2,\"name\":\"O nas\",\"item\":\"https:\/\/skgd.pl\/o-nas\/\"},{\"@type\":\"ListItem\",\"position\":3,\"name\":\"Regulacje prawne\",\"item\":\"https:\/\/skgd.pl\/o-nas\/regulacje-prawne\/\"},{\"@type\":\"ListItem\",\"position\":4,\"name\":\"(Polski) Konstytucja Rzeczypospolitej Polski z dnia 2 kwietnia 1997r.\"}]}]}<\/script>\n<!-- \/ Yoast SEO plugin. -->","yoast_head_json":{"title":"Verfassung der Republik Polen vom 2.April 1997 - Deutsche Minderheit, Sozial-Kulturelle Gesellschaft der Deutschen im Oppelner Schlesien","robots":{"index":"index","follow":"follow","max-snippet":"max-snippet:-1","max-image-preview":"max-image-preview:large","max-video-preview":"max-video-preview:-1"},"canonical":"https:\/\/skgd.pl\/en\/o-nas\/regulacje-prawne\/konstytucja-rzeczypospolitej-polski-z-dnia-2-kwietnia-1997r\/","og_locale":"de_DE","og_type":"article","og_title":"Verfassung der Republik Polen vom 2.April 1997 - Deutsche Minderheit, Sozial-Kulturelle Gesellschaft der Deutschen im Oppelner Schlesien","og_description":"[vc_row][vc_column][vc_column_text]Die offizielle Anerkennung der deutschen Minderheit in Polen durch den Staat nach dem Systenwechsel im Jahr 1990, war mit Zuerkennung der verschiedenen Rechte&nbsp; aber auch Pflichten gegen\u00fcber dieser Bev\u00f6lkerungsgruppe verbunden. Die Verfassung der Republik Polen vom 2. April 1997 ist der wichtigste und einer der ersten Rechtsakte in der polnischen Gesetzgebung, welcher die Existenz von [&hellip;]","og_url":"https:\/\/skgd.pl\/en\/o-nas\/regulacje-prawne\/konstytucja-rzeczypospolitej-polski-z-dnia-2-kwietnia-1997r\/","og_site_name":"Deutsche Minderheit, Sozial-Kulturelle Gesellschaft der Deutschen im Oppelner Schlesien","article_modified_time":"2025-01-02T15:43:15+00:00","twitter_card":"summary_large_image","twitter_misc":{"Gesch\u00e4tzte Lesezeit":"2\u00a0Minuten"},"schema":{"@context":"https:\/\/schema.org","@graph":[{"@type":"WebSite","@id":"https:\/\/skgd.pl\/#website","url":"https:\/\/skgd.pl\/","name":"Deutsche Minderheit, Sozial-Kulturelle Gesellschaft der Deutschen im Oppelner Schlesien","description":"Deutsche Minderheit in Polen","potentialAction":[{"@type":"SearchAction","target":{"@type":"EntryPoint","urlTemplate":"https:\/\/skgd.pl\/?s={search_term_string}"},"query-input":"required name=search_term_string"}],"inLanguage":"de"},{"@type":"WebPage","@id":"https:\/\/skgd.pl\/en\/o-nas\/regulacje-prawne\/konstytucja-rzeczypospolitej-polski-z-dnia-2-kwietnia-1997r\/#webpage","url":"https:\/\/skgd.pl\/en\/o-nas\/regulacje-prawne\/konstytucja-rzeczypospolitej-polski-z-dnia-2-kwietnia-1997r\/","name":"Verfassung der Republik Polen vom 2.April 1997 - Deutsche Minderheit, Sozial-Kulturelle Gesellschaft der Deutschen im Oppelner Schlesien","isPartOf":{"@id":"https:\/\/skgd.pl\/#website"},"datePublished":"2016-01-29T12:33:32+00:00","dateModified":"2025-01-02T15:43:15+00:00","breadcrumb":{"@id":"https:\/\/skgd.pl\/en\/o-nas\/regulacje-prawne\/konstytucja-rzeczypospolitej-polski-z-dnia-2-kwietnia-1997r\/#breadcrumb"},"inLanguage":"de","potentialAction":[{"@type":"ReadAction","target":["https:\/\/skgd.pl\/en\/o-nas\/regulacje-prawne\/konstytucja-rzeczypospolitej-polski-z-dnia-2-kwietnia-1997r\/"]}]},{"@type":"BreadcrumbList","@id":"https:\/\/skgd.pl\/en\/o-nas\/regulacje-prawne\/konstytucja-rzeczypospolitej-polski-z-dnia-2-kwietnia-1997r\/#breadcrumb","itemListElement":[{"@type":"ListItem","position":1,"name":"Strona g\u0142\u00f3wna","item":"https:\/\/skgd.pl\/"},{"@type":"ListItem","position":2,"name":"O nas","item":"https:\/\/skgd.pl\/o-nas\/"},{"@type":"ListItem","position":3,"name":"Regulacje prawne","item":"https:\/\/skgd.pl\/o-nas\/regulacje-prawne\/"},{"@type":"ListItem","position":4,"name":"(Polski) Konstytucja Rzeczypospolitej Polski z dnia 2 kwietnia 1997r."}]}]}},"_links":{"self":[{"href":"https:\/\/skgd.pl\/de\/wp-json\/wp\/v2\/pages\/10372","targetHints":{"allow":["GET"]}}],"collection":[{"href":"https:\/\/skgd.pl\/de\/wp-json\/wp\/v2\/pages"}],"about":[{"href":"https:\/\/skgd.pl\/de\/wp-json\/wp\/v2\/types\/page"}],"author":[{"embeddable":true,"href":"https:\/\/skgd.pl\/de\/wp-json\/wp\/v2\/users\/1"}],"replies":[{"embeddable":true,"href":"https:\/\/skgd.pl\/de\/wp-json\/wp\/v2\/comments?post=10372"}],"version-history":[{"count":5,"href":"https:\/\/skgd.pl\/de\/wp-json\/wp\/v2\/pages\/10372\/revisions"}],"predecessor-version":[{"id":35585,"href":"https:\/\/skgd.pl\/de\/wp-json\/wp\/v2\/pages\/10372\/revisions\/35585"}],"up":[{"embeddable":true,"href":"https:\/\/skgd.pl\/de\/wp-json\/wp\/v2\/pages\/9728"}],"wp:attachment":[{"href":"https:\/\/skgd.pl\/de\/wp-json\/wp\/v2\/media?parent=10372"}],"curies":[{"name":"wp","href":"https:\/\/api.w.org\/{rel}","templated":true}]}}