{"id":10354,"date":"2016-01-28T20:51:01","date_gmt":"2016-01-28T19:51:01","guid":{"rendered":"http:\/\/skgd.pl\/?page_id=10354"},"modified":"2026-03-25T10:52:38","modified_gmt":"2026-03-25T09:52:38","slug":"niemieckojezyczne-szkolki-pilkarskie","status":"publish","type":"page","link":"https:\/\/skgd.pl\/de\/dzialalnosc-kulturalno-oswiatowa\/niemieckojezyczne-szkolki-pilkarskie\/","title":{"rendered":"Deutschsprachige Fu\u00dfballschulen"},"content":{"rendered":"<p>[vc_row][vc_column width=&#8221;3\/4&#8243;][vc_column_text]<\/p>\n<p style=\"text-align: justify;\">Die SKGD sucht nach verschiedenen Wegen, um Kinder und Jugendliche zum Lernen der deutschen Sprache anzuregen. Um den Lernprozess mit Spa\u00df und k\u00f6rperlicher Aktivit\u00e4t zu verbinden, hat die Gesellschaft die Gr\u00fcndung der Deutschen Miro Fu\u00dfballschule initiiert.<\/p>\n<p style=\"text-align: justify;\">Was ist die Deutsche Miro Fu\u00dfballschule?<\/p>\n<p style=\"text-align: justify;\">Die Deutsche Fu\u00dfballschule ist eine Alternative zu den traditionellen Fu\u00dfballschulen. Dort lernen die Kinder unter professionellen Leitung nicht nur, wie man Fu\u00dfball spielt, sondern auch Deutsch \u00fcber den Sport!<\/p>\n<p style=\"text-align: justify;\">Das Angebot richtet sich an Jungen und M\u00e4dchen im Alter zwischen 4 \u2013 12 Jahren.<\/p>\n<p style=\"text-align: justify;\">Im Training ist eine Viertelstunde Sprachunetrricht eingebaut, welche auf deutschen Materialien basiert, die vom Goethe-Institut aus Krakau vorbereitet wurden. Danach pr\u00e4gen sich die Kinder im Training die W\u00f6rter ein, die sie im Vorfeld kennen gelernt haben. Dank diesen Methoden lernen sie sehr schnell Deutsch!<\/p>\n<p style=\"text-align: justify;\">Die Trainer greifen haupts\u00e4chlich auf Lernmuster des Deutschen Fu\u00dfballbundes zur\u00fcck. Dies ist die Garantie f\u00fcr eine hohe Qualit\u00e4t der fu\u00dfballerischen Ausbildung. Zus\u00e4tzlich haben die Trainer die M\u00f6glichkeit viele Schulungen und Praktikumsm\u00f6glichkeiten in Anspruch zu nehmen \u2013 auch im Ausland.<\/p>\n<p style=\"text-align: justify;\">Die offizielle Er\u00f6ffnung der Fu\u00dfballschule erfolgte am 7. Februar 2015 w\u00e4hrend der Feierlichkeiten in der Chronstauer Sporthalle. Derzeit gibt es 12 Filialen der Fu\u00dfballschule:<\/p>\n<ol>\n<li>\n<p style=\"font-weight: 400;\"><span>Chronstau \u2013&nbsp; 7.02.2015 (5 gruppen, 96 Kinder)<\/span><\/p>\n<\/li>\n<li>\n<p style=\"font-weight: 400;\"><span><\/span><span>Kroschnitz \u2013 16.08.2015&nbsp; (4 gruppen, 50 Kinder)<\/span><\/p>\n<\/li>\n<li>\n<p style=\"font-weight: 400;\"><span><\/span><span>Himmelwitz \u2013 12.09.2015 (2 gruppen, 31 Kinder)<\/span><\/p>\n<\/li>\n<li>\n<p style=\"font-weight: 400;\"><span><\/span><span>Bodland \u2013 07.11.2015 (1 gruppe, 18 Kinder)<\/span><\/p>\n<\/li>\n<li>\n<p style=\"font-weight: 400;\"><span><\/span><span>Leschnitz \u2013 09.10.2016&nbsp; (2 gruppen, 22 Kinder)<\/span><span><\/span><\/p>\n<\/li>\n<li>\n<p style=\"font-weight: 400;\"><span><\/span><span>Guttentag \u2013 24.03.2017 (2 gruppen, 34 Kinder)<\/span><\/p>\n<\/li>\n<li>\n<p style=\"font-weight: 400;\"><span><\/span><span>Gross Stanisch \u2013 02.09.2017 (2 gruppen 33 Kinder)<\/span><\/p>\n<\/li>\n<li>\n<p style=\"font-weight: 400;\"><span><\/span><span>Walzen \u2013 09.09.2017 (3 gruppen, 43 Kinder)<\/span><\/p>\n<\/li>\n<li>\n<p style=\"font-weight: 400;\"><span><\/span><span>Langlieben \u2013 19.09.2019 (3 gruppen, 58 Kinder)<\/span><\/p>\n<\/li>\n<li>\n<p style=\"font-weight: 400;\"><span><\/span><span>Wieschowa \u2013 20.10.2022 (3 gruppen, 38 Kinder)<\/span><\/p>\n<\/li>\n<li>\n<p style=\"font-weight: 400;\"><span><\/span>Dobrau \u2013 (1 gruppe, 15 Kinder)<\/p>\n<\/li>\n<li>Zembowitz &#8211; <span>31.08.2025 &#8211; (70 Kinder)<\/span><\/li>\n<\/ol>\n<p style=\"text-align: justify;\">Zur Zeit hat die Fu\u00dfballschule ca. 430 Teilnehmer!<\/p>\n<p style=\"text-align: justify;\">Genaue Informationen zu den Deutschen Fu\u00dfballschulen k\u00f6nnen sie auf der Internetseite <a href=\"http:\/\/mirofussballschule.pl\/\">www.mirofussballschule.pl<\/a> finden.<\/p>\n<p style=\"text-align: justify;\">&nbsp;<\/p>\n<p>[\/vc_column_text][\/vc_column][vc_column width=&#8221;1\/4&#8243;][vc_column_text]<\/p>\n<section class=\"span3\" style=\"margin-top: -22px;\">\n<div class=\"col-left\">\n<div id=\"execphp-2\" class=\"widget m_bottom_25 widget_execphp\">\n<div class=\"execphpwidget\">\n<div id=\"archives-2\" class=\"widget widget_archive kontakt\" style=\"border-color: #1F97FF !important;\">\n<h4 class=\"h4 heading-h4\" style=\"margin-bottom: 0px; text-align: center;\">Kontakt<\/h4>\n<div class=\"kontakt\" style=\"margin-bottom: 50px;\">\n<p>Mateusz Bachem<\/p>\n<p><a href=\"mailto:fussballschule@skgd.pl\">fussballschule@skgd.pl<\/a><\/p>\n<p>Tel.&nbsp;<span>+48 77 402 10 78<\/span><\/p>\n<\/div>\n<p style=\"text-align: center;\"><strong>Finanzierung<img loading=\"lazy\" decoding=\"async\" class=\" wp-image-37886 aligncenter\" src=\"https:\/\/skgd.pl\/wp-content\/uploads\/2026\/03\/BMI-Logo-2026.png\" alt=\"\" width=\"175\" height=\"179\"><\/strong><\/p>\n<p><img loading=\"lazy\" decoding=\"async\" class=\" wp-image-37896 aligncenter\" src=\"https:\/\/skgd.pl\/wp-content\/uploads\/2020\/10\/Logo_VDG_color_acronim_base-scaled-e1773127649701-300x190.jpg\" alt=\"\" width=\"212\" height=\"134\" srcset=\"https:\/\/skgd.pl\/wp-content\/uploads\/2020\/10\/Logo_VDG_color_acronim_base-scaled-e1773127649701-300x190.jpg 300w, https:\/\/skgd.pl\/wp-content\/uploads\/2020\/10\/Logo_VDG_color_acronim_base-scaled-e1773127649701-1024x650.jpg 1024w, https:\/\/skgd.pl\/wp-content\/uploads\/2020\/10\/Logo_VDG_color_acronim_base-scaled-e1773127649701-768x488.jpg 768w, https:\/\/skgd.pl\/wp-content\/uploads\/2020\/10\/Logo_VDG_color_acronim_base-scaled-e1773127649701-1536x975.jpg 1536w, https:\/\/skgd.pl\/wp-content\/uploads\/2020\/10\/Logo_VDG_color_acronim_base-scaled-e1773127649701-270x170.jpg 270w, https:\/\/skgd.pl\/wp-content\/uploads\/2020\/10\/Logo_VDG_color_acronim_base-scaled-e1773127649701-370x233.jpg 370w, https:\/\/skgd.pl\/wp-content\/uploads\/2020\/10\/Logo_VDG_color_acronim_base-scaled-e1773127649701-570x359.jpg 570w, https:\/\/skgd.pl\/wp-content\/uploads\/2020\/10\/Logo_VDG_color_acronim_base-scaled-e1773127649701-800x508.jpg 800w, https:\/\/skgd.pl\/wp-content\/uploads\/2020\/10\/Logo_VDG_color_acronim_base-scaled-e1773127649701-600x381.jpg 600w, https:\/\/skgd.pl\/wp-content\/uploads\/2020\/10\/Logo_VDG_color_acronim_base-scaled-e1773127649701.jpg 1882w\" sizes=\"auto, (max-width: 212px) 100vw, 212px\" \/><\/p>\n<p style=\"text-align: center;\"><strong>Lokale Gemeinden<\/strong><\/p>\n<p style=\"text-align: center;\">&nbsp;<\/p>\n<p style=\"text-align: center;\"><strong>Partner<\/strong><\/p>\n<p><img loading=\"lazy\" decoding=\"async\" class=\"size-full wp-image-27719 aligncenter\" src=\"https:\/\/skgd.pl\/wp-content\/uploads\/2021\/11\/gi_logo.png\" alt=\"\" width=\"124\" height=\"58\"><\/p>\n<p><img loading=\"lazy\" decoding=\"async\" class=\"size-medium wp-image-33390 aligncenter\" src=\"https:\/\/skgd.pl\/wp-content\/uploads\/2023\/10\/skn_logo-300x122.gif\" alt=\"\" width=\"300\" height=\"122\" srcset=\"https:\/\/skgd.pl\/wp-content\/uploads\/2023\/10\/skn_logo-300x122.gif 300w, https:\/\/skgd.pl\/wp-content\/uploads\/2023\/10\/skn_logo-600x244.gif 600w, https:\/\/skgd.pl\/wp-content\/uploads\/2023\/10\/skn_logo-1024x417.gif 1024w, https:\/\/skgd.pl\/wp-content\/uploads\/2023\/10\/skn_logo-768x312.gif 768w, https:\/\/skgd.pl\/wp-content\/uploads\/2023\/10\/skn_logo-1536x625.gif 1536w, https:\/\/skgd.pl\/wp-content\/uploads\/2023\/10\/skn_logo-2048x833.gif 2048w, https:\/\/skgd.pl\/wp-content\/uploads\/2023\/10\/skn_logo-800x325.gif 800w\" sizes=\"auto, (max-width: 300px) 100vw, 300px\" \/><\/p>\n<p><img loading=\"lazy\" decoding=\"async\" class=\"size-full wp-image-35472 aligncenter\" src=\"https:\/\/skgd.pl\/wp-content\/uploads\/2024\/12\/footbal.jpg\" alt=\"\" width=\"217\" height=\"120\"><\/p>\n<p><img loading=\"lazy\" decoding=\"async\" class=\"size-medium wp-image-36540 aligncenter\" src=\"https:\/\/skgd.pl\/wp-content\/uploads\/2025\/06\/xlogo-wochenblatt-1.jpg.pagespeed.ic_.0i9og7NdyZ-300x37.webp\" alt=\"\" width=\"300\" height=\"37\" srcset=\"https:\/\/skgd.pl\/wp-content\/uploads\/2025\/06\/xlogo-wochenblatt-1.jpg.pagespeed.ic_.0i9og7NdyZ-300x37.webp 300w, https:\/\/skgd.pl\/wp-content\/uploads\/2025\/06\/xlogo-wochenblatt-1.jpg.pagespeed.ic_.0i9og7NdyZ-768x96.webp 768w, https:\/\/skgd.pl\/wp-content\/uploads\/2025\/06\/xlogo-wochenblatt-1.jpg.pagespeed.ic_.0i9og7NdyZ-800x100.webp 800w, https:\/\/skgd.pl\/wp-content\/uploads\/2025\/06\/xlogo-wochenblatt-1.jpg.pagespeed.ic_.0i9og7NdyZ-600x75.webp 600w, https:\/\/skgd.pl\/wp-content\/uploads\/2025\/06\/xlogo-wochenblatt-1.jpg.pagespeed.ic_.0i9og7NdyZ.webp 819w\" sizes=\"auto, (max-width: 300px) 100vw, 300px\" \/><img loading=\"lazy\" decoding=\"async\" class=\"size-full wp-image-35473 aligncenter\" src=\"https:\/\/skgd.pl\/wp-content\/uploads\/2024\/12\/timsport.jpg\" alt=\"\" width=\"217\" height=\"120\"><\/p>\n<p><img loading=\"lazy\" decoding=\"async\" class=\"alignnone size-full wp-image-35474 aligncenter\" src=\"https:\/\/skgd.pl\/wp-content\/uploads\/2024\/12\/spotlight.jpg\" alt=\"\" width=\"217\" height=\"120\"><\/p>\n<p style=\"text-align: center;\"><img loading=\"lazy\" decoding=\"async\" class=\"size-medium wp-image-35475 aligncenter\" src=\"https:\/\/skgd.pl\/wp-content\/uploads\/2024\/12\/transannaberg.jpg\" alt=\"\" width=\"217\" height=\"120\"><\/p>\n<p style=\"text-align: center;\"><img loading=\"lazy\" decoding=\"async\" class=\"size-medium wp-image-35476 aligncenter\" src=\"https:\/\/skgd.pl\/wp-content\/uploads\/2024\/12\/pzu.jpg\" alt=\"\" width=\"217\" height=\"120\"><\/p>\n<p style=\"text-align: center;\"><img loading=\"lazy\" decoding=\"async\" class=\"size-medium wp-image-35477 aligncenter\" src=\"https:\/\/skgd.pl\/wp-content\/uploads\/2024\/12\/capita.jpg\" alt=\"\" width=\"217\" height=\"120\"><\/p>\n<p style=\"text-align: center;\"><img loading=\"lazy\" decoding=\"async\" class=\"size-medium wp-image-35478 aligncenter\" src=\"https:\/\/skgd.pl\/wp-content\/uploads\/2024\/12\/tinaled.jpg\" alt=\"\" width=\"217\" height=\"120\"><\/p>\n<p style=\"text-align: center;\">&nbsp;<\/p>\n<p><img loading=\"lazy\" decoding=\"async\" class=\"size-full wp-image-35481 aligncenter\" src=\"https:\/\/skgd.pl\/wp-content\/uploads\/2024\/12\/agrol-matejka.jpg\" alt=\"\" width=\"217\" height=\"120\"><img loading=\"lazy\" decoding=\"async\" class=\"alignnone size-medium wp-image-35482 aligncenter\" src=\"https:\/\/skgd.pl\/wp-content\/uploads\/2024\/12\/Morawiec.jpg\" alt=\"\" width=\"217\" height=\"120\"><img loading=\"lazy\" decoding=\"async\" class=\"size-medium wp-image-37955 aligncenter\" src=\"https:\/\/skgd.pl\/wp-content\/uploads\/2026\/03\/PLADA-LOGO-2023-MAIN-poziome-scaled-1-300x96.jpg\" alt=\"\" width=\"300\" height=\"96\" srcset=\"https:\/\/skgd.pl\/wp-content\/uploads\/2026\/03\/PLADA-LOGO-2023-MAIN-poziome-scaled-1-300x96.jpg 300w, https:\/\/skgd.pl\/wp-content\/uploads\/2026\/03\/PLADA-LOGO-2023-MAIN-poziome-scaled-1-1024x326.jpg 1024w, https:\/\/skgd.pl\/wp-content\/uploads\/2026\/03\/PLADA-LOGO-2023-MAIN-poziome-scaled-1-768x245.jpg 768w, https:\/\/skgd.pl\/wp-content\/uploads\/2026\/03\/PLADA-LOGO-2023-MAIN-poziome-scaled-1-1536x489.jpg 1536w, https:\/\/skgd.pl\/wp-content\/uploads\/2026\/03\/PLADA-LOGO-2023-MAIN-poziome-scaled-1-2048x652.jpg 2048w, https:\/\/skgd.pl\/wp-content\/uploads\/2026\/03\/PLADA-LOGO-2023-MAIN-poziome-scaled-1-800x255.jpg 800w, https:\/\/skgd.pl\/wp-content\/uploads\/2026\/03\/PLADA-LOGO-2023-MAIN-poziome-scaled-1-600x191.jpg 600w\" sizes=\"auto, (max-width: 300px) 100vw, 300px\" \/><\/p>\n<\/div>\n<\/div>\n<\/div>\n<\/div>\n<p><img loading=\"lazy\" decoding=\"async\" class=\" wp-image-37956 aligncenter\" src=\"https:\/\/skgd.pl\/wp-content\/uploads\/2026\/03\/1460x616-e1774430893268-245x300.jpg\" alt=\"\" width=\"140\" height=\"171\" srcset=\"https:\/\/skgd.pl\/wp-content\/uploads\/2026\/03\/1460x616-e1774430893268-245x300.jpg 245w, https:\/\/skgd.pl\/wp-content\/uploads\/2026\/03\/1460x616-e1774430893268.jpg 430w\" sizes=\"auto, (max-width: 140px) 100vw, 140px\" \/><\/p>\n<p><img loading=\"lazy\" decoding=\"async\" class=\" wp-image-32945 aligncenter\" src=\"https:\/\/skgd.pl\/wp-content\/uploads\/2023\/07\/herb-chrzastowice-ok.png\" alt=\"\" width=\"140\" height=\"192\"><\/p>\n<p><img loading=\"lazy\" decoding=\"async\" class=\" wp-image-37959 aligncenter\" src=\"https:\/\/skgd.pl\/wp-content\/uploads\/2026\/03\/herb-walce-272x300.png\" alt=\"\" width=\"200\" height=\"221\" srcset=\"https:\/\/skgd.pl\/wp-content\/uploads\/2026\/03\/herb-walce-272x300.png 272w, https:\/\/skgd.pl\/wp-content\/uploads\/2026\/03\/herb-walce.png 500w\" sizes=\"auto, (max-width: 200px) 100vw, 200px\" \/><\/p>\n<p><img loading=\"lazy\" decoding=\"async\" class=\"size-full wp-image-37960 aligncenter\" src=\"https:\/\/skgd.pl\/wp-content\/uploads\/2026\/03\/images-e1774431331168.png\" alt=\"\" width=\"189\" height=\"160\"><\/p>\n<p><img loading=\"lazy\" decoding=\"async\" class=\" wp-image-37962 aligncenter\" src=\"https:\/\/skgd.pl\/wp-content\/uploads\/2026\/03\/images-1-300x158.jpg\" alt=\"\" width=\"207\" height=\"109\" srcset=\"https:\/\/skgd.pl\/wp-content\/uploads\/2026\/03\/images-1-300x158.jpg 300w, https:\/\/skgd.pl\/wp-content\/uploads\/2026\/03\/images-1.jpg 310w\" sizes=\"auto, (max-width: 207px) 100vw, 207px\" \/><\/p>\n<p><img loading=\"lazy\" decoding=\"async\" class=\" wp-image-37961 aligncenter\" src=\"https:\/\/skgd.pl\/wp-content\/uploads\/2026\/03\/POL_gmina_Krosnice_COA.svg_-251x300.png\" alt=\"\" width=\"135\" height=\"161\" srcset=\"https:\/\/skgd.pl\/wp-content\/uploads\/2026\/03\/POL_gmina_Krosnice_COA.svg_-251x300.png 251w, https:\/\/skgd.pl\/wp-content\/uploads\/2026\/03\/POL_gmina_Krosnice_COA.svg_-856x1024.png 856w, https:\/\/skgd.pl\/wp-content\/uploads\/2026\/03\/POL_gmina_Krosnice_COA.svg_-768x918.png 768w, https:\/\/skgd.pl\/wp-content\/uploads\/2026\/03\/POL_gmina_Krosnice_COA.svg_-800x957.png 800w, https:\/\/skgd.pl\/wp-content\/uploads\/2026\/03\/POL_gmina_Krosnice_COA.svg_-600x718.png 600w, https:\/\/skgd.pl\/wp-content\/uploads\/2026\/03\/POL_gmina_Krosnice_COA.svg_.png 960w\" sizes=\"auto, (max-width: 135px) 100vw, 135px\" \/><img loading=\"lazy\" decoding=\"async\" class=\" wp-image-37963 aligncenter\" src=\"https:\/\/skgd.pl\/wp-content\/uploads\/2026\/03\/POL_Kolonowskie_COA.svg_-242x300.png\" alt=\"\" width=\"138\" height=\"171\" srcset=\"https:\/\/skgd.pl\/wp-content\/uploads\/2026\/03\/POL_Kolonowskie_COA.svg_-242x300.png 242w, https:\/\/skgd.pl\/wp-content\/uploads\/2026\/03\/POL_Kolonowskie_COA.svg_-825x1024.png 825w, https:\/\/skgd.pl\/wp-content\/uploads\/2026\/03\/POL_Kolonowskie_COA.svg_-768x953.png 768w, https:\/\/skgd.pl\/wp-content\/uploads\/2026\/03\/POL_Kolonowskie_COA.svg_-1238x1536.png 1238w, https:\/\/skgd.pl\/wp-content\/uploads\/2026\/03\/POL_Kolonowskie_COA.svg_-1651x2048.png 1651w, https:\/\/skgd.pl\/wp-content\/uploads\/2026\/03\/POL_Kolonowskie_COA.svg_-800x993.png 800w, https:\/\/skgd.pl\/wp-content\/uploads\/2026\/03\/POL_Kolonowskie_COA.svg_-600x744.png 600w, https:\/\/skgd.pl\/wp-content\/uploads\/2026\/03\/POL_Kolonowskie_COA.svg_.png 1920w\" sizes=\"auto, (max-width: 138px) 100vw, 138px\" \/>[\/vc_column_text][\/vc_column][\/vc_row][vc_row][vc_column][vc_column_text]<\/p>\n<h2><span style=\"font-size: 23px; color: #000000;\"><strong><span class=\"iconized font-icomoon glyph-newspaper\"><\/span> Verwandte Themen:<\/strong><\/span><\/h2>\n<p>[\/vc_column_text][vc_basic_grid post_type=&#8221;post&#8221; max_items=&#8221;100&#8243; style=&#8221;load-more&#8221; items_per_page=&#8221;4&#8243; element_width=&#8221;3&#8243; item=&#8221;masonryGrid_SlideFromLeft&#8221; btn_title=&#8221;Za\u0142aduj wi\u0119cej&#8221; btn_color=&#8221;danger&#8221; grid_id=&#8221;vc_gid:1562242258630-d32e3537-8688-0&#8243; taxonomies=&#8221;734&#8243;][\/vc_column][\/vc_row]<\/p>\n<\/section>\n<p><\/p>","protected":false},"excerpt":{"rendered":"<p>[vc_row][vc_column width=&#8221;3\/4&#8243;][vc_column_text] Die SKGD sucht nach verschiedenen Wegen, um Kinder und Jugendliche zum Lernen der deutschen Sprache anzuregen. Um den Lernprozess mit Spa\u00df und k\u00f6rperlicher Aktivit\u00e4t zu verbinden, hat die Gesellschaft die Gr\u00fcndung der Deutschen Miro Fu\u00dfballschule initiiert. Was ist die Deutsche Miro Fu\u00dfballschule? Die Deutsche Fu\u00dfballschule ist eine Alternative zu den traditionellen Fu\u00dfballschulen. Dort [&hellip;]<\/p>\n","protected":false},"author":1,"featured_media":0,"parent":9331,"menu_order":23,"comment_status":"closed","ping_status":"closed","template":"","meta":{"footnotes":""},"class_list":["post-10354","page","type-page","status-publish","hentry"],"yoast_head":"<!-- This site is optimized with the Yoast SEO plugin v18.9 - https:\/\/yoast.com\/wordpress\/plugins\/seo\/ -->\n<title>Deutschsprachige Fu\u00dfballschulen - Deutsche Minderheit, Sozial-Kulturelle Gesellschaft der Deutschen im Oppelner Schlesien<\/title>\n<meta name=\"robots\" content=\"index, follow, max-snippet:-1, max-image-preview:large, max-video-preview:-1\" \/>\n<link rel=\"canonical\" href=\"https:\/\/skgd.pl\/dzialalnosc-kulturalno-oswiatowa\/niemieckojezyczne-szkolki-pilkarskie\/\" \/>\n<meta property=\"og:locale\" content=\"de_DE\" \/>\n<meta property=\"og:type\" content=\"article\" \/>\n<meta property=\"og:title\" content=\"Deutschsprachige Fu\u00dfballschulen - Deutsche Minderheit, Sozial-Kulturelle Gesellschaft der Deutschen im Oppelner Schlesien\" \/>\n<meta property=\"og:description\" content=\"[vc_row][vc_column width=&#8221;3\/4&#8243;][vc_column_text] Die SKGD sucht nach verschiedenen Wegen, um Kinder und Jugendliche zum Lernen der deutschen Sprache anzuregen. Um den Lernprozess mit Spa\u00df und k\u00f6rperlicher Aktivit\u00e4t zu verbinden, hat die Gesellschaft die Gr\u00fcndung der Deutschen Miro Fu\u00dfballschule initiiert. Was ist die Deutsche Miro Fu\u00dfballschule? Die Deutsche Fu\u00dfballschule ist eine Alternative zu den traditionellen Fu\u00dfballschulen. Dort [&hellip;]\" \/>\n<meta property=\"og:url\" content=\"https:\/\/skgd.pl\/dzialalnosc-kulturalno-oswiatowa\/niemieckojezyczne-szkolki-pilkarskie\/\" \/>\n<meta property=\"og:site_name\" content=\"Deutsche Minderheit, Sozial-Kulturelle Gesellschaft der Deutschen im Oppelner Schlesien\" \/>\n<meta property=\"article:modified_time\" content=\"2026-03-25T09:52:38+00:00\" \/>\n<meta property=\"og:image\" content=\"https:\/\/skgd.pl\/wp-content\/uploads\/2026\/03\/BMI-Logo-2026.png\" \/>\n<meta name=\"twitter:card\" content=\"summary_large_image\" \/>\n<meta name=\"twitter:label1\" content=\"Gesch\u00e4tzte Lesezeit\" \/>\n\t<meta name=\"twitter:data1\" content=\"4\u00a0Minuten\" \/>\n<script type=\"application\/ld+json\" class=\"yoast-schema-graph\">{\"@context\":\"https:\/\/schema.org\",\"@graph\":[{\"@type\":\"WebSite\",\"@id\":\"https:\/\/skgd.pl\/#website\",\"url\":\"https:\/\/skgd.pl\/\",\"name\":\"Deutsche Minderheit, Sozial-Kulturelle Gesellschaft der Deutschen im Oppelner Schlesien\",\"description\":\"Deutsche Minderheit in Polen\",\"potentialAction\":[{\"@type\":\"SearchAction\",\"target\":{\"@type\":\"EntryPoint\",\"urlTemplate\":\"https:\/\/skgd.pl\/?s={search_term_string}\"},\"query-input\":\"required name=search_term_string\"}],\"inLanguage\":\"de\"},{\"@type\":\"ImageObject\",\"inLanguage\":\"de\",\"@id\":\"https:\/\/skgd.pl\/dzialalnosc-kulturalno-oswiatowa\/niemieckojezyczne-szkolki-pilkarskie\/#primaryimage\",\"url\":\"https:\/\/skgd.pl\/wp-content\/uploads\/2026\/03\/BMI-Logo-2026.png\",\"contentUrl\":\"https:\/\/skgd.pl\/wp-content\/uploads\/2026\/03\/BMI-Logo-2026.png\",\"width\":294,\"height\":300},{\"@type\":\"WebPage\",\"@id\":\"https:\/\/skgd.pl\/dzialalnosc-kulturalno-oswiatowa\/niemieckojezyczne-szkolki-pilkarskie\/#webpage\",\"url\":\"https:\/\/skgd.pl\/dzialalnosc-kulturalno-oswiatowa\/niemieckojezyczne-szkolki-pilkarskie\/\",\"name\":\"Deutschsprachige Fu\u00dfballschulen - Deutsche Minderheit, Sozial-Kulturelle Gesellschaft der Deutschen im Oppelner Schlesien\",\"isPartOf\":{\"@id\":\"https:\/\/skgd.pl\/#website\"},\"primaryImageOfPage\":{\"@id\":\"https:\/\/skgd.pl\/dzialalnosc-kulturalno-oswiatowa\/niemieckojezyczne-szkolki-pilkarskie\/#primaryimage\"},\"datePublished\":\"2016-01-28T19:51:01+00:00\",\"dateModified\":\"2026-03-25T09:52:38+00:00\",\"breadcrumb\":{\"@id\":\"https:\/\/skgd.pl\/dzialalnosc-kulturalno-oswiatowa\/niemieckojezyczne-szkolki-pilkarskie\/#breadcrumb\"},\"inLanguage\":\"de\",\"potentialAction\":[{\"@type\":\"ReadAction\",\"target\":[\"https:\/\/skgd.pl\/dzialalnosc-kulturalno-oswiatowa\/niemieckojezyczne-szkolki-pilkarskie\/\"]}]},{\"@type\":\"BreadcrumbList\",\"@id\":\"https:\/\/skgd.pl\/dzialalnosc-kulturalno-oswiatowa\/niemieckojezyczne-szkolki-pilkarskie\/#breadcrumb\",\"itemListElement\":[{\"@type\":\"ListItem\",\"position\":1,\"name\":\"Strona g\u0142\u00f3wna\",\"item\":\"https:\/\/skgd.pl\/\"},{\"@type\":\"ListItem\",\"position\":2,\"name\":\"Dzia\u0142alno\u015b\u0107 kulturalno &#8211; o\u015bwiatowa\",\"item\":\"https:\/\/skgd.pl\/dzialalnosc-kulturalno-oswiatowa\/\"},{\"@type\":\"ListItem\",\"position\":3,\"name\":\"Niemieckoj\u0119zyczne Szk\u00f3\u0142ki Pi\u0142karskie\"}]}]}<\/script>\n<!-- \/ Yoast SEO plugin. -->","yoast_head_json":{"title":"Deutschsprachige Fu\u00dfballschulen - Deutsche Minderheit, Sozial-Kulturelle Gesellschaft der Deutschen im Oppelner Schlesien","robots":{"index":"index","follow":"follow","max-snippet":"max-snippet:-1","max-image-preview":"max-image-preview:large","max-video-preview":"max-video-preview:-1"},"canonical":"https:\/\/skgd.pl\/dzialalnosc-kulturalno-oswiatowa\/niemieckojezyczne-szkolki-pilkarskie\/","og_locale":"de_DE","og_type":"article","og_title":"Deutschsprachige Fu\u00dfballschulen - Deutsche Minderheit, Sozial-Kulturelle Gesellschaft der Deutschen im Oppelner Schlesien","og_description":"[vc_row][vc_column width=&#8221;3\/4&#8243;][vc_column_text] Die SKGD sucht nach verschiedenen Wegen, um Kinder und Jugendliche zum Lernen der deutschen Sprache anzuregen. Um den Lernprozess mit Spa\u00df und k\u00f6rperlicher Aktivit\u00e4t zu verbinden, hat die Gesellschaft die Gr\u00fcndung der Deutschen Miro Fu\u00dfballschule initiiert. Was ist die Deutsche Miro Fu\u00dfballschule? Die Deutsche Fu\u00dfballschule ist eine Alternative zu den traditionellen Fu\u00dfballschulen. Dort [&hellip;]","og_url":"https:\/\/skgd.pl\/dzialalnosc-kulturalno-oswiatowa\/niemieckojezyczne-szkolki-pilkarskie\/","og_site_name":"Deutsche Minderheit, Sozial-Kulturelle Gesellschaft der Deutschen im Oppelner Schlesien","article_modified_time":"2026-03-25T09:52:38+00:00","og_image":[{"url":"https:\/\/skgd.pl\/wp-content\/uploads\/2026\/03\/BMI-Logo-2026.png"}],"twitter_card":"summary_large_image","twitter_misc":{"Gesch\u00e4tzte Lesezeit":"4\u00a0Minuten"},"schema":{"@context":"https:\/\/schema.org","@graph":[{"@type":"WebSite","@id":"https:\/\/skgd.pl\/#website","url":"https:\/\/skgd.pl\/","name":"Deutsche Minderheit, Sozial-Kulturelle Gesellschaft der Deutschen im Oppelner Schlesien","description":"Deutsche Minderheit in Polen","potentialAction":[{"@type":"SearchAction","target":{"@type":"EntryPoint","urlTemplate":"https:\/\/skgd.pl\/?s={search_term_string}"},"query-input":"required name=search_term_string"}],"inLanguage":"de"},{"@type":"ImageObject","inLanguage":"de","@id":"https:\/\/skgd.pl\/dzialalnosc-kulturalno-oswiatowa\/niemieckojezyczne-szkolki-pilkarskie\/#primaryimage","url":"https:\/\/skgd.pl\/wp-content\/uploads\/2026\/03\/BMI-Logo-2026.png","contentUrl":"https:\/\/skgd.pl\/wp-content\/uploads\/2026\/03\/BMI-Logo-2026.png","width":294,"height":300},{"@type":"WebPage","@id":"https:\/\/skgd.pl\/dzialalnosc-kulturalno-oswiatowa\/niemieckojezyczne-szkolki-pilkarskie\/#webpage","url":"https:\/\/skgd.pl\/dzialalnosc-kulturalno-oswiatowa\/niemieckojezyczne-szkolki-pilkarskie\/","name":"Deutschsprachige Fu\u00dfballschulen - Deutsche Minderheit, Sozial-Kulturelle Gesellschaft der Deutschen im Oppelner Schlesien","isPartOf":{"@id":"https:\/\/skgd.pl\/#website"},"primaryImageOfPage":{"@id":"https:\/\/skgd.pl\/dzialalnosc-kulturalno-oswiatowa\/niemieckojezyczne-szkolki-pilkarskie\/#primaryimage"},"datePublished":"2016-01-28T19:51:01+00:00","dateModified":"2026-03-25T09:52:38+00:00","breadcrumb":{"@id":"https:\/\/skgd.pl\/dzialalnosc-kulturalno-oswiatowa\/niemieckojezyczne-szkolki-pilkarskie\/#breadcrumb"},"inLanguage":"de","potentialAction":[{"@type":"ReadAction","target":["https:\/\/skgd.pl\/dzialalnosc-kulturalno-oswiatowa\/niemieckojezyczne-szkolki-pilkarskie\/"]}]},{"@type":"BreadcrumbList","@id":"https:\/\/skgd.pl\/dzialalnosc-kulturalno-oswiatowa\/niemieckojezyczne-szkolki-pilkarskie\/#breadcrumb","itemListElement":[{"@type":"ListItem","position":1,"name":"Strona g\u0142\u00f3wna","item":"https:\/\/skgd.pl\/"},{"@type":"ListItem","position":2,"name":"Dzia\u0142alno\u015b\u0107 kulturalno &#8211; o\u015bwiatowa","item":"https:\/\/skgd.pl\/dzialalnosc-kulturalno-oswiatowa\/"},{"@type":"ListItem","position":3,"name":"Niemieckoj\u0119zyczne Szk\u00f3\u0142ki Pi\u0142karskie"}]}]}},"_links":{"self":[{"href":"https:\/\/skgd.pl\/de\/wp-json\/wp\/v2\/pages\/10354","targetHints":{"allow":["GET"]}}],"collection":[{"href":"https:\/\/skgd.pl\/de\/wp-json\/wp\/v2\/pages"}],"about":[{"href":"https:\/\/skgd.pl\/de\/wp-json\/wp\/v2\/types\/page"}],"author":[{"embeddable":true,"href":"https:\/\/skgd.pl\/de\/wp-json\/wp\/v2\/users\/1"}],"replies":[{"embeddable":true,"href":"https:\/\/skgd.pl\/de\/wp-json\/wp\/v2\/comments?post=10354"}],"version-history":[{"count":37,"href":"https:\/\/skgd.pl\/de\/wp-json\/wp\/v2\/pages\/10354\/revisions"}],"predecessor-version":[{"id":37964,"href":"https:\/\/skgd.pl\/de\/wp-json\/wp\/v2\/pages\/10354\/revisions\/37964"}],"up":[{"embeddable":true,"href":"https:\/\/skgd.pl\/de\/wp-json\/wp\/v2\/pages\/9331"}],"wp:attachment":[{"href":"https:\/\/skgd.pl\/de\/wp-json\/wp\/v2\/media?parent=10354"}],"curies":[{"name":"wp","href":"https:\/\/api.w.org\/{rel}","templated":true}]}}