{"id":10350,"date":"2016-01-28T20:46:08","date_gmt":"2016-01-28T19:46:08","guid":{"rendered":"http:\/\/skgd.pl\/?page_id=10350"},"modified":"2025-01-02T20:15:13","modified_gmt":"2025-01-02T19:15:13","slug":"dwujezyczne-szkolnictwo","status":"publish","type":"page","link":"https:\/\/skgd.pl\/de\/dzialalnosc-kulturalno-oswiatowa\/dwujezyczne-szkolnictwo\/","title":{"rendered":"Zweisprachige Bildung"},"content":{"rendered":"<p>[vc_row][vc_column][vc_column_text]<\/p>\n<p style=\"text-align: justify;\"><span color=\"#000000\"><span face=\"Calibri, serif\"><span size=\"2\"><span face=\"Times New Roman, serif\"><span lang=\"de-DE\">Zu den Hauptzielen der SKGD geh\u00f6rt die Sorge um<a href=\"https:\/\/skgd.pl\/wp-content\/uploads\/2016\/01\/DSC_0014.jpg\" rel=\"attachment wp-att-10444\"><img loading=\"lazy\" decoding=\"async\" class=\"alignleft\" src=\"https:\/\/skgd.pl\/wp-content\/uploads\/2016\/01\/DSC_0014-300x200.jpg\" alt=\"DSC_0014\" width=\"300\" height=\"200\"><\/a> die Bildungsentwicklung<\/span><\/span><span face=\"Times New Roman, serif\"> \u2013 <\/span><span face=\"Times New Roman, serif\"><span lang=\"de-DE\">das zweisprachige Bildungswesen &#8211; sowie Verbreitung der deutschen Sprache<\/span><\/span><span face=\"Times New Roman, serif\">. <\/span><\/span><\/span><\/span><\/p>\n<p style=\"text-align: justify;\">Nach dem polnischen Recht, den Vertr\u00e4gen und internationalen Verpflichtungen sind nationale Minderheiten in Polen dazu berechtigt, ihre kulturelle und sprachliche Identit\u00e4t zu pflegen und aufrechtzuerhalten.<span color=\"#000000\"><span face=\"Calibri, serif\"><span size=\"2\"><span face=\"Times New Roman, serif\"><span lang=\"de-DE\"> Dies wird auch vom Bildungswesen, welches ihren Bed\u00fcrfnissen entspricht, unterst\u00fctzt<\/span><\/span><span face=\"Times New Roman, serif\">. <\/span><span face=\"Times New Roman, serif\"><span lang=\"de-DE\">Dies garantieren uns Dokumente, die bereits in der Spalte \u201e\u00dcber uns<\/span><\/span><span face=\"Times New Roman, serif\">\u201d <\/span><span face=\"Times New Roman, serif\"><span lang=\"de-DE\">erw\u00e4hnt wurden<\/span><\/span><span face=\"Times New Roman, serif\">. <\/span><\/span><\/span><\/span><\/p>\n<p style=\"text-align: justify;\">Schulen und Kinderg\u00e4rten haben die M\u00f6glichkeit, Deutsch als Fremdsprache und Deutsch als Minderheitensprache zu unterrichten.<span color=\"#000000\"><span face=\"Calibri, serif\"><span size=\"2\"><span color=\"#000000\"><span face=\"Times New Roman, serif\"><span size=\"2\"><\/span><\/span><\/span><\/span><\/span><\/span><\/p>\n<p>Die Website <a href=\"http:\/\/supereule.pl\">Supereule.pl<\/a>, die von dem Verband der deutschen sozial-kulturellen Gesellschaften in Polen betrieben wird, bietet auch umfassende Informationen \u00fcber die Organisation von Deutsch als Minderheitensprache in der Schule und deren Finanzierung sowie alle erforderlichen Unterlagen. Supereule.pl ist auch ein einzigartiger Ort, an dem Sie alle Informationen \u00fcber Projekte und Sprachaktivit\u00e4ten finden k\u00f6nnen, die von Organisationen der deutschen Minderheit in Polen durchgef\u00fchrt werden.<\/p>\n<p style=\"text-align: justify;\">Eine weitere Einrichtung der deutschen Minderheit, die sich um Bildungsangelegenheiten k\u00fcmmert, ist die Deutsche Bildungsgesellschaft.&nbsp;<span color=\"#000000\"><span face=\"Calibri, serif\"><span size=\"2\"><span face=\"Times New Roman, serif\"> <\/span><span face=\"Times New Roman, serif\"><span lang=\"de-DE\">Zum T\u00e4tigkeitsbereich der <\/span><\/span><span face=\"Times New Roman, serif\">Deutsche<\/span><span face=\"Times New Roman, serif\"><span lang=\"de-DE\">n<\/span><\/span><span face=\"Times New Roman, serif\"> Bildungsgesellschaft (DB<a href=\"https:\/\/skgd.pl\/wp-content\/uploads\/2016\/01\/DSC_0007.jpg\" rel=\"attachment wp-att-10443\"><img loading=\"lazy\" decoding=\"async\" class=\"alignright\" src=\"https:\/\/skgd.pl\/wp-content\/uploads\/2016\/01\/DSC_0007-300x200.jpg\" alt=\"DSC_0007\" width=\"300\" height=\"200\"><\/a>G) <\/span><span face=\"Times New Roman, serif\"><span lang=\"de-DE\">geh\u00f6ren u.a.: die materielle Unterst\u00fctzung <\/span><\/span><span face=\"Times New Roman, serif\"><span lang=\"pl-PL\">der<\/span><\/span><span face=\"Times New Roman, serif\"><span lang=\"de-DE\"> Kinderg\u00e4rten und zweisprachige<\/span><\/span><span face=\"Times New Roman, serif\"><span lang=\"pl-PL\">n<\/span><\/span><span face=\"Times New Roman, serif\"><span lang=\"de-DE\"> Schulen<\/span><\/span><span face=\"Times New Roman, serif\">, <\/span><span face=\"Times New Roman, serif\"><span lang=\"de-DE\">Schulen mit zus\u00e4tzlichem Unterricht der Muttersprache sowie <\/span><\/span><span face=\"Times New Roman, serif\"><span lang=\"pl-PL\">muttersprachlichen Bildungsgruppen<\/span><\/span><span face=\"Times New Roman, serif\">; <\/span><span face=\"Times New Roman, serif\"><span lang=\"de-DE\">Er\u00f6ffnung und Leitung von Einrichtungen, welche die deutsche Kultur und Kunst verbreiten<\/span><\/span><span face=\"Times New Roman, serif\">, <\/span><\/span><\/span><\/span>die&nbsp;Organisation einer Selbstbildungsbewegung und F\u00f6rderung bei der Durchf\u00fchrung von Kursen, Vortr\u00e4gen, Ausstellungen, Seminaren und Konferenzen;&nbsp;F\u00f6rderung des Jugendaustausches sowie Unterst\u00fctzung des Austausches von Aktivisten in den Bereichen Bildung und Kultur.<\/p>\n<p style=\"text-align: justify;\">Informationen \u00fcber die laufende T\u00e4tigkeit der DBG sowie derzeit realisierte Projekte finden Sie auf der Internetseite:<span color=\"#000000\"><span face=\"Calibri, serif\"><span size=\"2\"> <span color=\"#0000ff\"><span lang=\"zxx\"><a href=\"http:\/\/www.bildung.pl\/\"><span face=\"Times New Roman, serif\"><span size=\"2\">http:\/\/bildung.pl\/<\/span><\/span><\/a><\/span><\/span><span face=\"Times New Roman, serif\"><span size=\"2\">. <\/span><\/span><\/span><\/span><\/span><\/p>\n<p style=\"text-align: justify;\"><span color=\"#000000\"><span face=\"Calibri, serif\"><span size=\"2\"><span color=\"#000000\"><span face=\"Times New Roman, serif\"><span lang=\"de-DE\">Bei der DBG wurde auch das <\/span><\/span><\/span><span color=\"#000000\"><span face=\"Times New Roman, serif\"><span lang=\"de-DE\">Oppelner Lehrerfortbildungszentrum der Deutschen Bildungsgesellschaft gegr\u00fcndet, welches die einzige Einrichtung der deutschen Minderheit ist, <\/span><\/span><\/span><span color=\"#000000\"><span face=\"Times New Roman, serif\"><span lang=\"pl-PL\">die<\/span><\/span><\/span><span color=\"#000000\"><span face=\"Times New Roman, serif\"><span lang=\"de-DE\"> Lehrer fortbildet.<\/span><\/span><\/span> <span color=\"#000000\"><span face=\"Times New Roman, serif\"><span lang=\"de-DE\">Das Zentrum bietet folgende Formen der Lehrerfortbildung an<\/span><\/span><\/span><span color=\"#000000\"><span face=\"Times New Roman, serif\">:<\/span><\/span><\/span><\/span><\/span><\/p>\n<p style=\"text-align: justify;\"><span color=\"#000000\"><span face=\"Calibri, serif\"><span size=\"2\"><span face=\"Times New Roman, serif\">&#8211; <\/span><span face=\"Times New Roman, serif\"><span lang=\"de-DE\">sachliche Beratung in Bereichen Deutsch als Minderheitensprache und zweisprachiger <\/span><\/span><span face=\"Times New Roman, serif\"><span lang=\"pl-PL\">Unterricht,<\/span><\/span><\/span><\/span><\/span><\/p>\n<p style=\"text-align: justify;\"><span color=\"#000000\"><span face=\"Calibri, serif\"><span size=\"2\"><span face=\"Times New Roman, serif\">&#8211; &#8220;<\/span><span face=\"Times New Roman, serif\"><span lang=\"de-DE\">Sprachanimationen<\/span><\/span><span face=\"Times New Roman, serif\">&#8221; \u2013 <\/span><span face=\"Times New Roman, serif\"><span lang=\"de-DE\">Schulungsworkshops f\u00fcr Lehrer<\/span><\/span> <\/span><\/span><\/span><\/p>\n<p style=\"text-align: justify;\"><span color=\"#000000\"><span face=\"Calibri, serif\"><span size=\"2\"><span face=\"Times New Roman, serif\">&#8211; <\/span><span face=\"Times New Roman, serif\"><span lang=\"de-DE\">Internationaler Tag<\/span><\/span> <span face=\"Times New Roman, serif\"><span lang=\"de-DE\">der Muttersprache<\/span><\/span> <\/span><\/span><\/span><\/p>\n<ul style=\"text-align: justify;\">\n<li><span color=\"#000000\"><span face=\"Calibri, serif\"><span size=\"2\"><span face=\"Times New Roman, serif\"><span lang=\"de-DE\">Lehrerfortbildung zur Einf\u00fchrung des Lehrprogrammes im Fach<\/span><\/span><span face=\"Times New Roman, serif\">: &#8220;<\/span><span face=\"Times New Roman, serif\"><span lang=\"de-DE\">Geographie des Herkunftslandes<\/span><\/span><span face=\"Times New Roman, serif\">&#8220;<\/span><\/span><\/span><\/span><\/li>\n<li><span color=\"#000000\"><span face=\"Calibri, serif\"><span size=\"2\"><span face=\"Times New Roman, serif\"><span lang=\"de-DE\">Lehrerfortbildung zur Einf\u00fchrung des Lehrprogrammes im Fach<\/span><\/span><span face=\"Times New Roman, serif\">: <\/span><span face=\"Times New Roman, serif\"><span lang=\"de-DE\">&#8220;Geschichte und Kultur des Herkunftslandes<\/span><\/span><span face=\"Times New Roman, serif\">&#8220;<\/span><\/span><\/span><\/span><\/li>\n<\/ul>\n<p style=\"text-align: justify;\"><span color=\"#000000\"><span face=\"Calibri, serif\"><span size=\"2\"><span face=\"Times New Roman, serif\">&#8211; <\/span><span face=\"Times New Roman, serif\"><span lang=\"de-DE\">Sommerakademie f\u00fcr Deutschlehrer<\/span><\/span><\/span><\/span><\/span><\/p>\n<p style=\"text-align: justify;\"><span color=\"#000000\"><span face=\"Calibri, serif\"><span size=\"2\"><span face=\"Times New Roman, serif\">&#8211; Ver<\/span><span face=\"Times New Roman, serif\"><span lang=\"de-DE\">\u00f6<\/span><\/span><span face=\"Times New Roman, serif\">ffentlich<\/span><span face=\"Times New Roman, serif\"><span lang=\"de-DE\">en<\/span><\/span><span face=\"Times New Roman, serif\"> v<\/span><span face=\"Times New Roman, serif\"><span lang=\"de-DE\">om didaktischen Material<\/span><\/span><span face=\"Times New Roman, serif\">.<\/span><\/span><\/span><\/span><\/p>\n<p style=\"text-align: justify;\"><span color=\"#000000\"><span face=\"Calibri, serif\"><span size=\"2\"><span face=\"Times New Roman, serif\"><span size=\"2\"><span lang=\"de-DE\">Genaue Informationen zum Thema Lehrerfortbildungszentrum finden Sie ebenfalls auf der Homepage der DBG:<\/span><\/span><\/span> <a href=\"http:\/\/bildung.pl\"><span color=\"#0000ff\"><span lang=\"zxx\"><span face=\"Times New Roman, serif\"><span size=\"2\">www.bildung.pl<\/span><\/span><\/span><\/span><\/a><span face=\"Times New Roman, serif\"><span size=\"2\">.<\/span><\/span><\/span><\/span><\/span><\/p>\n<p style=\"text-align: justify;\"><span color=\"#000000\"><span face=\"Calibri, serif\"><span size=\"2\"><span face=\"Times New Roman, serif\"><span size=\"2\"><span lang=\"de-DE\">F\u00fcr die Entwicklung des zweisprachigen Bildungswesens in der Woiwodschaft Oppeln setzten sich in der Woiwodschaft Oppeln:&nbsp;<\/span><\/span><\/span><\/span><\/span><\/span><\/p>\n<p>&#8211; \u00d6ffentlicher Schul- und Kindergartenkomplex mit Unterricht in der nationalen Minderheitensprache &#8211; Deutsch in Kandrzin-Cosel (<a href=\"http:\/\/www.pzpskk.pl\/\">http:\/\/www.pzpskk.pl\/<\/a>)<br \/>\n&#8211; Schul- und Kindergartenkomplex des Vereins Pro Liberis Silesiae in Oppeln (Malino) und Raschau (<a href=\"http:\/\/www.pro-liberis-silesiae.eu\/\">http:\/\/www.pro-liberis-silesiae.eu\/<\/a>)<br \/>\n&#8211; Verein f\u00fcr kreative Bildung mit dem Schul- und Kindergartenkomplex in Goslawitz (<a href=\"https:\/\/www.zspgoslawice.com\/\">https:\/\/www.zspgoslawice.com\/<\/a>)<br \/>\n&#8211; Verein f\u00fcr Dorfentwicklung Grodzisko mit der nicht\u00f6ffentlichen Grundschule in Grodisko (<a href=\"https:\/\/nspgrodzisko.edu.pl\/szkola\/\">https:\/\/nspgrodzisko.edu.pl\/szkola\/<\/a>)<br \/>\n&#8211; CUD-Bildungsverband Chronstau mit dem nicht\u00f6ffentlichen katholischen Kindergarten \u201eOchronka\u201c mit dem Unterricht Deutsch als Minderheitensprache in Chronstau (<a href=\"https:\/\/ochronka-kiga.pl\/\">https:\/\/ochronka-kiga.pl\/<\/a>)<\/p>\n<p style=\"text-align: justify;\"><span size=\"2\">Das Kennenlernen der deutschen Sprache und deren Gebrauch in zwischenmenschlichen Kontakten kann beim Aufbau der Bindung zwischen der deutschen Minderheit und der polnischen Mehrheit eine Schl\u00fcsselfunktion haben. <span lang=\"de-DE\">Die Zweisprachigkeit als gesellschaftlich-kulturelles Ph\u00e4nomen steht auch im Zentrum des Interesses des Projekts des Hauses der Deutsch-Polnischen Zusammenarbeit<\/span>: \u201e<span lang=\"de-DE\">Billingua<\/span> \u2013 <span lang=\"de-DE\">einfach mit Deutsch<\/span>!\u201c, <span lang=\"de-DE\">welches als Kampagne zur St\u00e4rkung der deutsch-polnischen Zweisprachigkeit im Auftrag des Vereins deutscher Sozial-Kulturellen Gesellschaften in Polen seit 2010 realisiert wird<\/span>.<\/span><\/p>\n<p style=\"text-align: justify;\">Zweisprachigkeit soll als eine gro\u00dfe Chance betrachtet werden.<span size=\"2\"><span lang=\"de-DE\"> Insbesondere f\u00fcr Kinder und Jugendliche,&nbsp;die eine unglaubliche Gelegenheit haben, in zwei Kulturen gleichzeitig aufzuwachsen.&nbsp;<\/span>&nbsp;<span lang=\"de-DE\">Die Sprache<\/span> \u2013 <span lang=\"de-DE\">langsfristig die deutsch-polnische Zweisprachigkeit- ist und wird ein besonderes Merkmal der Identit\u00e4t und bietet neue M\u00f6glichkeiten f\u00fcr die pers\u00f6nliche Entwicklung und die Steigerung seines Werts auf dem Arbeitsmarkt<\/span>. <span lang=\"de-DE\">Das Projekt richtet sich nicht nur an die deutsche Minderheit<\/span>, <span lang=\"de-DE\">sondern auch die Mehrheit, denn wir ermutigen alle Deutsch zu lernen<\/span>. <span lang=\"de-DE\">Wir m\u00f6chten, dass in Zukunft diese Sprache zum Markenzeichen wird, welches unsere Region von allen anderen unterscheidet<\/span>.<\/span><\/p>\n<p style=\"text-align: justify;\"><span size=\"2\"><span lang=\"de-DE\">Alle n\u00e4heren Informationen \u00fcber das Projekt finden Sie auf der Internetseite<\/span><\/span> <span color=\"#0000ff\"><span lang=\"zxx\"><a href=\"http:\/\/bilingua.haus.pl\/\"><span size=\"2\">www.bilingua.haus.pl.<\/span><\/a><\/span><\/span><\/p>\n<p>[\/vc_column_text][\/vc_column][\/vc_row]<\/p>","protected":false},"excerpt":{"rendered":"<p>[vc_row][vc_column][vc_column_text] Zu den Hauptzielen der SKGD geh\u00f6rt die Sorge um die Bildungsentwicklung \u2013 das zweisprachige Bildungswesen &#8211; sowie Verbreitung der deutschen Sprache. Nach dem polnischen Recht, den Vertr\u00e4gen und internationalen Verpflichtungen sind nationale Minderheiten in Polen dazu berechtigt, ihre kulturelle und sprachliche Identit\u00e4t zu pflegen und aufrechtzuerhalten. Dies wird auch vom Bildungswesen, welches ihren Bed\u00fcrfnissen [&hellip;]<\/p>\n","protected":false},"author":1,"featured_media":0,"parent":9331,"menu_order":25,"comment_status":"closed","ping_status":"closed","template":"","meta":{"footnotes":""},"class_list":["post-10350","page","type-page","status-publish","hentry"],"yoast_head":"<!-- This site is optimized with the Yoast SEO plugin v18.9 - https:\/\/yoast.com\/wordpress\/plugins\/seo\/ -->\n<title>Zweisprachige Bildung - Deutsche Minderheit, Sozial-Kulturelle Gesellschaft der Deutschen im Oppelner Schlesien<\/title>\n<meta name=\"robots\" content=\"index, follow, max-snippet:-1, max-image-preview:large, max-video-preview:-1\" \/>\n<link rel=\"canonical\" href=\"https:\/\/skgd.pl\/de\/dzialalnosc-kulturalno-oswiatowa\/dwujezyczne-szkolnictwo\/\" \/>\n<meta property=\"og:locale\" content=\"de_DE\" \/>\n<meta property=\"og:type\" content=\"article\" \/>\n<meta property=\"og:title\" content=\"Zweisprachige Bildung - Deutsche Minderheit, Sozial-Kulturelle Gesellschaft der Deutschen im Oppelner Schlesien\" \/>\n<meta property=\"og:description\" content=\"[vc_row][vc_column][vc_column_text] Zu den Hauptzielen der SKGD geh\u00f6rt die Sorge um die Bildungsentwicklung \u2013 das zweisprachige Bildungswesen &#8211; sowie Verbreitung der deutschen Sprache. Nach dem polnischen Recht, den Vertr\u00e4gen und internationalen Verpflichtungen sind nationale Minderheiten in Polen dazu berechtigt, ihre kulturelle und sprachliche Identit\u00e4t zu pflegen und aufrechtzuerhalten. Dies wird auch vom Bildungswesen, welches ihren Bed\u00fcrfnissen [&hellip;]\" \/>\n<meta property=\"og:url\" content=\"https:\/\/skgd.pl\/de\/dzialalnosc-kulturalno-oswiatowa\/dwujezyczne-szkolnictwo\/\" \/>\n<meta property=\"og:site_name\" content=\"Deutsche Minderheit, Sozial-Kulturelle Gesellschaft der Deutschen im Oppelner Schlesien\" \/>\n<meta property=\"article:modified_time\" content=\"2025-01-02T19:15:13+00:00\" \/>\n<meta property=\"og:image\" content=\"https:\/\/skgd.pl\/wp-content\/uploads\/2016\/01\/DSC_0682-1-300x182.jpg\" \/>\n<meta name=\"twitter:card\" content=\"summary_large_image\" \/>\n<meta name=\"twitter:label1\" content=\"Gesch\u00e4tzte Lesezeit\" \/>\n\t<meta name=\"twitter:data1\" content=\"7\u00a0Minuten\" \/>\n<script type=\"application\/ld+json\" class=\"yoast-schema-graph\">{\"@context\":\"https:\/\/schema.org\",\"@graph\":[{\"@type\":\"WebSite\",\"@id\":\"https:\/\/skgd.pl\/#website\",\"url\":\"https:\/\/skgd.pl\/\",\"name\":\"Deutsche Minderheit, Sozial-Kulturelle Gesellschaft der Deutschen im Oppelner Schlesien\",\"description\":\"Deutsche Minderheit in Polen\",\"potentialAction\":[{\"@type\":\"SearchAction\",\"target\":{\"@type\":\"EntryPoint\",\"urlTemplate\":\"https:\/\/skgd.pl\/?s={search_term_string}\"},\"query-input\":\"required name=search_term_string\"}],\"inLanguage\":\"de\"},{\"@type\":\"ImageObject\",\"inLanguage\":\"de\",\"@id\":\"https:\/\/skgd.pl\/de\/dzialalnosc-kulturalno-oswiatowa\/dwujezyczne-szkolnictwo\/#primaryimage\",\"url\":\"https:\/\/skgd.pl\/wp-content\/uploads\/2016\/01\/DSC_0682-1.jpg\",\"contentUrl\":\"https:\/\/skgd.pl\/wp-content\/uploads\/2016\/01\/DSC_0682-1.jpg\",\"width\":1931,\"height\":1169},{\"@type\":\"WebPage\",\"@id\":\"https:\/\/skgd.pl\/de\/dzialalnosc-kulturalno-oswiatowa\/dwujezyczne-szkolnictwo\/#webpage\",\"url\":\"https:\/\/skgd.pl\/de\/dzialalnosc-kulturalno-oswiatowa\/dwujezyczne-szkolnictwo\/\",\"name\":\"Zweisprachige Bildung - Deutsche Minderheit, Sozial-Kulturelle Gesellschaft der Deutschen im Oppelner Schlesien\",\"isPartOf\":{\"@id\":\"https:\/\/skgd.pl\/#website\"},\"primaryImageOfPage\":{\"@id\":\"https:\/\/skgd.pl\/de\/dzialalnosc-kulturalno-oswiatowa\/dwujezyczne-szkolnictwo\/#primaryimage\"},\"datePublished\":\"2016-01-28T19:46:08+00:00\",\"dateModified\":\"2025-01-02T19:15:13+00:00\",\"breadcrumb\":{\"@id\":\"https:\/\/skgd.pl\/de\/dzialalnosc-kulturalno-oswiatowa\/dwujezyczne-szkolnictwo\/#breadcrumb\"},\"inLanguage\":\"de\",\"potentialAction\":[{\"@type\":\"ReadAction\",\"target\":[\"https:\/\/skgd.pl\/de\/dzialalnosc-kulturalno-oswiatowa\/dwujezyczne-szkolnictwo\/\"]}]},{\"@type\":\"BreadcrumbList\",\"@id\":\"https:\/\/skgd.pl\/de\/dzialalnosc-kulturalno-oswiatowa\/dwujezyczne-szkolnictwo\/#breadcrumb\",\"itemListElement\":[{\"@type\":\"ListItem\",\"position\":1,\"name\":\"Strona g\u0142\u00f3wna\",\"item\":\"https:\/\/skgd.pl\/\"},{\"@type\":\"ListItem\",\"position\":2,\"name\":\"Dzia\u0142alno\u015b\u0107 kulturalno &#8211; o\u015bwiatowa\",\"item\":\"https:\/\/skgd.pl\/dzialalnosc-kulturalno-oswiatowa\/\"},{\"@type\":\"ListItem\",\"position\":3,\"name\":\"Zweisprachige Bildung\"}]}]}<\/script>\n<!-- \/ Yoast SEO plugin. -->","yoast_head_json":{"title":"Zweisprachige Bildung - Deutsche Minderheit, Sozial-Kulturelle Gesellschaft der Deutschen im Oppelner Schlesien","robots":{"index":"index","follow":"follow","max-snippet":"max-snippet:-1","max-image-preview":"max-image-preview:large","max-video-preview":"max-video-preview:-1"},"canonical":"https:\/\/skgd.pl\/de\/dzialalnosc-kulturalno-oswiatowa\/dwujezyczne-szkolnictwo\/","og_locale":"de_DE","og_type":"article","og_title":"Zweisprachige Bildung - Deutsche Minderheit, Sozial-Kulturelle Gesellschaft der Deutschen im Oppelner Schlesien","og_description":"[vc_row][vc_column][vc_column_text] Zu den Hauptzielen der SKGD geh\u00f6rt die Sorge um die Bildungsentwicklung \u2013 das zweisprachige Bildungswesen &#8211; sowie Verbreitung der deutschen Sprache. Nach dem polnischen Recht, den Vertr\u00e4gen und internationalen Verpflichtungen sind nationale Minderheiten in Polen dazu berechtigt, ihre kulturelle und sprachliche Identit\u00e4t zu pflegen und aufrechtzuerhalten. Dies wird auch vom Bildungswesen, welches ihren Bed\u00fcrfnissen [&hellip;]","og_url":"https:\/\/skgd.pl\/de\/dzialalnosc-kulturalno-oswiatowa\/dwujezyczne-szkolnictwo\/","og_site_name":"Deutsche Minderheit, Sozial-Kulturelle Gesellschaft der Deutschen im Oppelner Schlesien","article_modified_time":"2025-01-02T19:15:13+00:00","og_image":[{"url":"https:\/\/skgd.pl\/wp-content\/uploads\/2016\/01\/DSC_0682-1-300x182.jpg"}],"twitter_card":"summary_large_image","twitter_misc":{"Gesch\u00e4tzte Lesezeit":"7\u00a0Minuten"},"schema":{"@context":"https:\/\/schema.org","@graph":[{"@type":"WebSite","@id":"https:\/\/skgd.pl\/#website","url":"https:\/\/skgd.pl\/","name":"Deutsche Minderheit, Sozial-Kulturelle Gesellschaft der Deutschen im Oppelner Schlesien","description":"Deutsche Minderheit in Polen","potentialAction":[{"@type":"SearchAction","target":{"@type":"EntryPoint","urlTemplate":"https:\/\/skgd.pl\/?s={search_term_string}"},"query-input":"required name=search_term_string"}],"inLanguage":"de"},{"@type":"ImageObject","inLanguage":"de","@id":"https:\/\/skgd.pl\/de\/dzialalnosc-kulturalno-oswiatowa\/dwujezyczne-szkolnictwo\/#primaryimage","url":"https:\/\/skgd.pl\/wp-content\/uploads\/2016\/01\/DSC_0682-1.jpg","contentUrl":"https:\/\/skgd.pl\/wp-content\/uploads\/2016\/01\/DSC_0682-1.jpg","width":1931,"height":1169},{"@type":"WebPage","@id":"https:\/\/skgd.pl\/de\/dzialalnosc-kulturalno-oswiatowa\/dwujezyczne-szkolnictwo\/#webpage","url":"https:\/\/skgd.pl\/de\/dzialalnosc-kulturalno-oswiatowa\/dwujezyczne-szkolnictwo\/","name":"Zweisprachige Bildung - Deutsche Minderheit, Sozial-Kulturelle Gesellschaft der Deutschen im Oppelner Schlesien","isPartOf":{"@id":"https:\/\/skgd.pl\/#website"},"primaryImageOfPage":{"@id":"https:\/\/skgd.pl\/de\/dzialalnosc-kulturalno-oswiatowa\/dwujezyczne-szkolnictwo\/#primaryimage"},"datePublished":"2016-01-28T19:46:08+00:00","dateModified":"2025-01-02T19:15:13+00:00","breadcrumb":{"@id":"https:\/\/skgd.pl\/de\/dzialalnosc-kulturalno-oswiatowa\/dwujezyczne-szkolnictwo\/#breadcrumb"},"inLanguage":"de","potentialAction":[{"@type":"ReadAction","target":["https:\/\/skgd.pl\/de\/dzialalnosc-kulturalno-oswiatowa\/dwujezyczne-szkolnictwo\/"]}]},{"@type":"BreadcrumbList","@id":"https:\/\/skgd.pl\/de\/dzialalnosc-kulturalno-oswiatowa\/dwujezyczne-szkolnictwo\/#breadcrumb","itemListElement":[{"@type":"ListItem","position":1,"name":"Strona g\u0142\u00f3wna","item":"https:\/\/skgd.pl\/"},{"@type":"ListItem","position":2,"name":"Dzia\u0142alno\u015b\u0107 kulturalno &#8211; o\u015bwiatowa","item":"https:\/\/skgd.pl\/dzialalnosc-kulturalno-oswiatowa\/"},{"@type":"ListItem","position":3,"name":"Zweisprachige Bildung"}]}]}},"_links":{"self":[{"href":"https:\/\/skgd.pl\/de\/wp-json\/wp\/v2\/pages\/10350","targetHints":{"allow":["GET"]}}],"collection":[{"href":"https:\/\/skgd.pl\/de\/wp-json\/wp\/v2\/pages"}],"about":[{"href":"https:\/\/skgd.pl\/de\/wp-json\/wp\/v2\/types\/page"}],"author":[{"embeddable":true,"href":"https:\/\/skgd.pl\/de\/wp-json\/wp\/v2\/users\/1"}],"replies":[{"embeddable":true,"href":"https:\/\/skgd.pl\/de\/wp-json\/wp\/v2\/comments?post=10350"}],"version-history":[{"count":20,"href":"https:\/\/skgd.pl\/de\/wp-json\/wp\/v2\/pages\/10350\/revisions"}],"predecessor-version":[{"id":35623,"href":"https:\/\/skgd.pl\/de\/wp-json\/wp\/v2\/pages\/10350\/revisions\/35623"}],"up":[{"embeddable":true,"href":"https:\/\/skgd.pl\/de\/wp-json\/wp\/v2\/pages\/9331"}],"wp:attachment":[{"href":"https:\/\/skgd.pl\/de\/wp-json\/wp\/v2\/media?parent=10350"}],"curies":[{"name":"wp","href":"https:\/\/api.w.org\/{rel}","templated":true}]}}