{"id":10348,"date":"2016-01-28T20:42:19","date_gmt":"2016-01-28T19:42:19","guid":{"rendered":"http:\/\/skgd.pl\/?page_id=10348"},"modified":"2026-02-24T15:14:58","modified_gmt":"2026-02-24T14:14:58","slug":"kursy-sobotnie-dla-dzieci","status":"publish","type":"page","link":"https:\/\/skgd.pl\/de\/dzialalnosc-kulturalno-oswiatowa\/kursy-sobotnie-dla-dzieci\/","title":{"rendered":"Samstagskurse f\u00fcr Kinder"},"content":{"rendered":"<p>[vc_row][vc_column width=&#8221;3\/4&#8243;][vc_column_text]<\/p>\n<p style=\"text-align: justify;\">Samstagskurse f\u00fcr die j\u00fcngsten Mitglieder der deutschen Minderheit (sogenannte Samstagkurse) sind ein Projekt, welches vom Verband der deutschen Sozial-Kulturellen Gesellschaften in Polen koordiniert und vom Ministerium des Innern der BRD und Ministerium des Innern und der Verwaltung der Republik Polen finanziert wird.<\/p>\n<p style=\"text-align: justify;\"><a href=\"https:\/\/skgd.pl\/wp-content\/uploads\/2016\/01\/19052012153.jpg\" rel=\"attachment wp-att-10442\"><img loading=\"lazy\" decoding=\"async\" class=\"size-medium wp-image-10442 alignleft\" src=\"https:\/\/skgd.pl\/wp-content\/uploads\/2016\/01\/19052012153-300x225.jpg\" alt=\"19052012153\" width=\"300\" height=\"225\" srcset=\"https:\/\/skgd.pl\/wp-content\/uploads\/2016\/01\/19052012153-300x225.jpg 300w, https:\/\/skgd.pl\/wp-content\/uploads\/2016\/01\/19052012153-600x450.jpg 600w, https:\/\/skgd.pl\/wp-content\/uploads\/2016\/01\/19052012153-768x576.jpg 768w, https:\/\/skgd.pl\/wp-content\/uploads\/2016\/01\/19052012153-1024x768.jpg 1024w, https:\/\/skgd.pl\/wp-content\/uploads\/2016\/01\/19052012153-800x600.jpg 800w, https:\/\/skgd.pl\/wp-content\/uploads\/2016\/01\/19052012153.jpg 2048w\" sizes=\"auto, (max-width: 300px) 100vw, 300px\" \/><\/a>Die Kurse finden jedes Jahr in zwei Editionen statt \u2013 im Fr\u00fchling und im Herbst. Jede Edition besteht aus zehn Treffen am Samstag. Die Kinder treffen sich mit ihren Lehrern in der Begegnungsst\u00e4tte, oder an einem anderen Ort, f\u00fcr den der DFK sorgt. &nbsp;Das Treffen dauert etwa 3 Stunden, die Teilnehmer malen oder basteln, lernen Gedichte und Lieder, tanzen und \u00fcben Theatervorstellungen ein. F\u00fcr die Finanzierung des Projekts, Vertragsschlie\u00dfung und Verrechnung mit dem Lehrer, Vorbereitung des Curriculum, welches f\u00fcr die Vorbereitung des Unterrichts ben\u00f6tigt wird sowie Schulung des Lehrers, Ankauf der Materialien und Unterst\u00fctzung des Koordinators des Projekts, der f\u00fcr dessen ordnungsgem\u00e4\u00dfe Durchf\u00fchrung wird Seitens des Veranstalters, des VdG, gesorgt.<\/p>\n<p style=\"text-align: justify;\">Die Eltern zahlen einen Teilnahmebeitrag f\u00fcr jedes Kind ein. Es d\u00fcrfen auch Kinder am Projekt teilnehmen, deren Eltern keine Mitglieder der deutschen Minderheit sind, f\u00fcr diese Kinder ist der Teilnahmebeitrag <span class=\"fJyiwb\" id=\"tw-bil-st\">h\u00f6her<\/span>. Der genaue Betrag wir am Anfang der jeweiligen Edition angegeben.<\/p>\n<p style=\"text-align: justify;\">Bei der Realisierung des Projekts wird ber\u00fccksichtigt, dass die Kinder bei den gemeinsamen Treffen Deutsch Sprechen und Geschichte, Kultur sowie Traditionen auf spielerische Weise kennenlernen. Wichtig ist auch die Tatsache, dass die \u00e4lteren und j\u00fcngeren Generationen der Deutschen Minderheit ihre DFKs wiederentdecken, diese als Begegnungsst\u00e4tten wahrnehmen und dort der Austausch zwischen den Generationen stattfindet.&nbsp;Samstagskurse erfreuen sich \u00fcber ein gro\u00dfes Interesse seitens des DFK, insbesondere in der Woiwodschaft Oppeln!<\/p>\n<p style=\"text-align: justify;\">N\u00e4here Informationen zum <a href=\"http:\/\/samstagskurs.vdg.pl\/\">Nachlesen<\/a> oder <a href=\"https:\/\/www.facebook.com\/samstagskurs\/?fref=ts.\">facebook<\/a>.<\/p>\n<p>[\/vc_column_text][\/vc_column][vc_column width=&#8221;1\/4&#8243;][vc_column_text]<\/p>\n<section class=\"span3\" style=\"margin-top: -22px;\">\n<div class=\"col-left\">\n<div id=\"execphp-2\" class=\"widget m_bottom_25 widget_execphp\">\n<div class=\"execphpwidget\">\n<div id=\"archives-2\" class=\"widget widget_archive kontakt\" style=\"border-color: #1F97FF !important;\">\n<h4 class=\"h4 heading-h4\" style=\"margin-bottom: 0px; text-align: center;\">Kontakt<\/h4>\n<div class=\"kontakt\">\n<p>Ryszard Karolkiewicz<\/p>\n<p><a href=\"mailto:samstagskurs@vdg.pl\" target=\"_blank\" rel=\"noopener noreferrer\">samstagskurs@vdg.<span class=\"il\">pl<\/span><\/a><\/p>\n<\/div>\n<h4 class=\"h4 heading-h4\" style=\"margin-bottom: 10px; text-align: center;\">Partner<\/h4>\n<p>&nbsp;<\/p>\n<p><img loading=\"lazy\" decoding=\"async\" class=\"size-medium wp-image-37692 aligncenter\" src=\"https:\/\/skgd.pl\/wp-content\/uploads\/2026\/01\/Logo_VDG_color_acronim_base-300x140.gif\" alt=\"\" width=\"300\" height=\"140\" srcset=\"https:\/\/skgd.pl\/wp-content\/uploads\/2026\/01\/Logo_VDG_color_acronim_base-300x140.gif 300w, https:\/\/skgd.pl\/wp-content\/uploads\/2026\/01\/Logo_VDG_color_acronim_base-1024x478.gif 1024w, https:\/\/skgd.pl\/wp-content\/uploads\/2026\/01\/Logo_VDG_color_acronim_base-768x359.gif 768w, https:\/\/skgd.pl\/wp-content\/uploads\/2026\/01\/Logo_VDG_color_acronim_base-1536x717.gif 1536w, https:\/\/skgd.pl\/wp-content\/uploads\/2026\/01\/Logo_VDG_color_acronim_base-800x374.gif 800w, https:\/\/skgd.pl\/wp-content\/uploads\/2026\/01\/Logo_VDG_color_acronim_base-600x280.gif 600w\" sizes=\"auto, (max-width: 300px) 100vw, 300px\" \/><\/p>\n<p><img loading=\"lazy\" decoding=\"async\" class=\"size-medium wp-image-33664 aligncenter\" src=\"https:\/\/skgd.pl\/wp-content\/uploads\/2023\/11\/finansowanie-mswia-logo-2-300x79.png\" alt=\"\" width=\"300\" height=\"79\"><img loading=\"lazy\" decoding=\"async\" class=\"alignnone size-medium wp-image-27689 aligncenter\" src=\"https:\/\/skgd.pl\/wp-content\/uploads\/2021\/11\/Zadania_ze_srodkow_budzetu_panstwa-300x135.jpg\" alt=\"\" width=\"300\" height=\"135\" srcset=\"https:\/\/skgd.pl\/wp-content\/uploads\/2021\/11\/Zadania_ze_srodkow_budzetu_panstwa-300x135.jpg 300w, https:\/\/skgd.pl\/wp-content\/uploads\/2021\/11\/Zadania_ze_srodkow_budzetu_panstwa-600x269.jpg 600w, https:\/\/skgd.pl\/wp-content\/uploads\/2021\/11\/Zadania_ze_srodkow_budzetu_panstwa.jpg 767w\" sizes=\"auto, (max-width: 300px) 100vw, 300px\" \/><\/p>\n<\/div>\n<\/div>\n<\/div>\n<\/div>\n<\/section>\n<p>[\/vc_column_text][\/vc_column][\/vc_row]<\/p>","protected":false},"excerpt":{"rendered":"<p>[vc_row][vc_column width=&#8221;3\/4&#8243;][vc_column_text] Samstagskurse f\u00fcr die j\u00fcngsten Mitglieder der deutschen Minderheit (sogenannte Samstagkurse) sind ein Projekt, welches vom Verband der deutschen Sozial-Kulturellen Gesellschaften in Polen koordiniert und vom Ministerium des Innern der BRD und Ministerium des Innern und der Verwaltung der Republik Polen finanziert wird. Die Kurse finden jedes Jahr in zwei Editionen statt \u2013 im [&hellip;]<\/p>\n","protected":false},"author":1,"featured_media":0,"parent":9331,"menu_order":27,"comment_status":"closed","ping_status":"closed","template":"","meta":{"footnotes":""},"class_list":["post-10348","page","type-page","status-publish","hentry"],"yoast_head":"<!-- This site is optimized with the Yoast SEO plugin v18.9 - https:\/\/yoast.com\/wordpress\/plugins\/seo\/ -->\n<title>Samstagskurse f\u00fcr Kinder - Deutsche Minderheit, Sozial-Kulturelle Gesellschaft der Deutschen im Oppelner Schlesien<\/title>\n<meta name=\"robots\" content=\"index, follow, max-snippet:-1, max-image-preview:large, max-video-preview:-1\" \/>\n<link rel=\"canonical\" href=\"https:\/\/skgd.pl\/dzialalnosc-kulturalno-oswiatowa\/kursy-sobotnie-dla-dzieci\/\" \/>\n<meta property=\"og:locale\" content=\"de_DE\" \/>\n<meta property=\"og:type\" content=\"article\" \/>\n<meta property=\"og:title\" content=\"Samstagskurse f\u00fcr Kinder - Deutsche Minderheit, Sozial-Kulturelle Gesellschaft der Deutschen im Oppelner Schlesien\" \/>\n<meta property=\"og:description\" content=\"[vc_row][vc_column width=&#8221;3\/4&#8243;][vc_column_text] Samstagskurse f\u00fcr die j\u00fcngsten Mitglieder der deutschen Minderheit (sogenannte Samstagkurse) sind ein Projekt, welches vom Verband der deutschen Sozial-Kulturellen Gesellschaften in Polen koordiniert und vom Ministerium des Innern der BRD und Ministerium des Innern und der Verwaltung der Republik Polen finanziert wird. Die Kurse finden jedes Jahr in zwei Editionen statt \u2013 im [&hellip;]\" \/>\n<meta property=\"og:url\" content=\"https:\/\/skgd.pl\/dzialalnosc-kulturalno-oswiatowa\/kursy-sobotnie-dla-dzieci\/\" \/>\n<meta property=\"og:site_name\" content=\"Deutsche Minderheit, Sozial-Kulturelle Gesellschaft der Deutschen im Oppelner Schlesien\" \/>\n<meta property=\"article:modified_time\" content=\"2026-02-24T14:14:58+00:00\" \/>\n<meta property=\"og:image\" content=\"https:\/\/skgd.pl\/wp-content\/uploads\/2016\/01\/19052012153-300x225.jpg\" \/>\n<meta name=\"twitter:card\" content=\"summary_large_image\" \/>\n<meta name=\"twitter:label1\" content=\"Gesch\u00e4tzte Lesezeit\" \/>\n\t<meta name=\"twitter:data1\" content=\"3\u00a0Minuten\" \/>\n<script type=\"application\/ld+json\" class=\"yoast-schema-graph\">{\"@context\":\"https:\/\/schema.org\",\"@graph\":[{\"@type\":\"WebSite\",\"@id\":\"https:\/\/skgd.pl\/#website\",\"url\":\"https:\/\/skgd.pl\/\",\"name\":\"Deutsche Minderheit, Sozial-Kulturelle Gesellschaft der Deutschen im Oppelner Schlesien\",\"description\":\"Deutsche Minderheit in Polen\",\"potentialAction\":[{\"@type\":\"SearchAction\",\"target\":{\"@type\":\"EntryPoint\",\"urlTemplate\":\"https:\/\/skgd.pl\/?s={search_term_string}\"},\"query-input\":\"required name=search_term_string\"}],\"inLanguage\":\"de\"},{\"@type\":\"ImageObject\",\"inLanguage\":\"de\",\"@id\":\"https:\/\/skgd.pl\/dzialalnosc-kulturalno-oswiatowa\/kursy-sobotnie-dla-dzieci\/#primaryimage\",\"url\":\"https:\/\/skgd.pl\/wp-content\/uploads\/2016\/01\/19052012153.jpg\",\"contentUrl\":\"https:\/\/skgd.pl\/wp-content\/uploads\/2016\/01\/19052012153.jpg\",\"width\":2048,\"height\":1536},{\"@type\":\"WebPage\",\"@id\":\"https:\/\/skgd.pl\/dzialalnosc-kulturalno-oswiatowa\/kursy-sobotnie-dla-dzieci\/#webpage\",\"url\":\"https:\/\/skgd.pl\/dzialalnosc-kulturalno-oswiatowa\/kursy-sobotnie-dla-dzieci\/\",\"name\":\"Samstagskurse f\u00fcr Kinder - Deutsche Minderheit, Sozial-Kulturelle Gesellschaft der Deutschen im Oppelner Schlesien\",\"isPartOf\":{\"@id\":\"https:\/\/skgd.pl\/#website\"},\"primaryImageOfPage\":{\"@id\":\"https:\/\/skgd.pl\/dzialalnosc-kulturalno-oswiatowa\/kursy-sobotnie-dla-dzieci\/#primaryimage\"},\"datePublished\":\"2016-01-28T19:42:19+00:00\",\"dateModified\":\"2026-02-24T14:14:58+00:00\",\"breadcrumb\":{\"@id\":\"https:\/\/skgd.pl\/dzialalnosc-kulturalno-oswiatowa\/kursy-sobotnie-dla-dzieci\/#breadcrumb\"},\"inLanguage\":\"de\",\"potentialAction\":[{\"@type\":\"ReadAction\",\"target\":[\"https:\/\/skgd.pl\/dzialalnosc-kulturalno-oswiatowa\/kursy-sobotnie-dla-dzieci\/\"]}]},{\"@type\":\"BreadcrumbList\",\"@id\":\"https:\/\/skgd.pl\/dzialalnosc-kulturalno-oswiatowa\/kursy-sobotnie-dla-dzieci\/#breadcrumb\",\"itemListElement\":[{\"@type\":\"ListItem\",\"position\":1,\"name\":\"Strona g\u0142\u00f3wna\",\"item\":\"https:\/\/skgd.pl\/\"},{\"@type\":\"ListItem\",\"position\":2,\"name\":\"Dzia\u0142alno\u015b\u0107 kulturalno &#8211; o\u015bwiatowa\",\"item\":\"https:\/\/skgd.pl\/dzialalnosc-kulturalno-oswiatowa\/\"},{\"@type\":\"ListItem\",\"position\":3,\"name\":\"Kursy sobotnie dla dzieci\"}]}]}<\/script>\n<!-- \/ Yoast SEO plugin. -->","yoast_head_json":{"title":"Samstagskurse f\u00fcr Kinder - Deutsche Minderheit, Sozial-Kulturelle Gesellschaft der Deutschen im Oppelner Schlesien","robots":{"index":"index","follow":"follow","max-snippet":"max-snippet:-1","max-image-preview":"max-image-preview:large","max-video-preview":"max-video-preview:-1"},"canonical":"https:\/\/skgd.pl\/dzialalnosc-kulturalno-oswiatowa\/kursy-sobotnie-dla-dzieci\/","og_locale":"de_DE","og_type":"article","og_title":"Samstagskurse f\u00fcr Kinder - Deutsche Minderheit, Sozial-Kulturelle Gesellschaft der Deutschen im Oppelner Schlesien","og_description":"[vc_row][vc_column width=&#8221;3\/4&#8243;][vc_column_text] Samstagskurse f\u00fcr die j\u00fcngsten Mitglieder der deutschen Minderheit (sogenannte Samstagkurse) sind ein Projekt, welches vom Verband der deutschen Sozial-Kulturellen Gesellschaften in Polen koordiniert und vom Ministerium des Innern der BRD und Ministerium des Innern und der Verwaltung der Republik Polen finanziert wird. Die Kurse finden jedes Jahr in zwei Editionen statt \u2013 im [&hellip;]","og_url":"https:\/\/skgd.pl\/dzialalnosc-kulturalno-oswiatowa\/kursy-sobotnie-dla-dzieci\/","og_site_name":"Deutsche Minderheit, Sozial-Kulturelle Gesellschaft der Deutschen im Oppelner Schlesien","article_modified_time":"2026-02-24T14:14:58+00:00","og_image":[{"url":"https:\/\/skgd.pl\/wp-content\/uploads\/2016\/01\/19052012153-300x225.jpg"}],"twitter_card":"summary_large_image","twitter_misc":{"Gesch\u00e4tzte Lesezeit":"3\u00a0Minuten"},"schema":{"@context":"https:\/\/schema.org","@graph":[{"@type":"WebSite","@id":"https:\/\/skgd.pl\/#website","url":"https:\/\/skgd.pl\/","name":"Deutsche Minderheit, Sozial-Kulturelle Gesellschaft der Deutschen im Oppelner Schlesien","description":"Deutsche Minderheit in Polen","potentialAction":[{"@type":"SearchAction","target":{"@type":"EntryPoint","urlTemplate":"https:\/\/skgd.pl\/?s={search_term_string}"},"query-input":"required name=search_term_string"}],"inLanguage":"de"},{"@type":"ImageObject","inLanguage":"de","@id":"https:\/\/skgd.pl\/dzialalnosc-kulturalno-oswiatowa\/kursy-sobotnie-dla-dzieci\/#primaryimage","url":"https:\/\/skgd.pl\/wp-content\/uploads\/2016\/01\/19052012153.jpg","contentUrl":"https:\/\/skgd.pl\/wp-content\/uploads\/2016\/01\/19052012153.jpg","width":2048,"height":1536},{"@type":"WebPage","@id":"https:\/\/skgd.pl\/dzialalnosc-kulturalno-oswiatowa\/kursy-sobotnie-dla-dzieci\/#webpage","url":"https:\/\/skgd.pl\/dzialalnosc-kulturalno-oswiatowa\/kursy-sobotnie-dla-dzieci\/","name":"Samstagskurse f\u00fcr Kinder - Deutsche Minderheit, Sozial-Kulturelle Gesellschaft der Deutschen im Oppelner Schlesien","isPartOf":{"@id":"https:\/\/skgd.pl\/#website"},"primaryImageOfPage":{"@id":"https:\/\/skgd.pl\/dzialalnosc-kulturalno-oswiatowa\/kursy-sobotnie-dla-dzieci\/#primaryimage"},"datePublished":"2016-01-28T19:42:19+00:00","dateModified":"2026-02-24T14:14:58+00:00","breadcrumb":{"@id":"https:\/\/skgd.pl\/dzialalnosc-kulturalno-oswiatowa\/kursy-sobotnie-dla-dzieci\/#breadcrumb"},"inLanguage":"de","potentialAction":[{"@type":"ReadAction","target":["https:\/\/skgd.pl\/dzialalnosc-kulturalno-oswiatowa\/kursy-sobotnie-dla-dzieci\/"]}]},{"@type":"BreadcrumbList","@id":"https:\/\/skgd.pl\/dzialalnosc-kulturalno-oswiatowa\/kursy-sobotnie-dla-dzieci\/#breadcrumb","itemListElement":[{"@type":"ListItem","position":1,"name":"Strona g\u0142\u00f3wna","item":"https:\/\/skgd.pl\/"},{"@type":"ListItem","position":2,"name":"Dzia\u0142alno\u015b\u0107 kulturalno &#8211; o\u015bwiatowa","item":"https:\/\/skgd.pl\/dzialalnosc-kulturalno-oswiatowa\/"},{"@type":"ListItem","position":3,"name":"Kursy sobotnie dla dzieci"}]}]}},"_links":{"self":[{"href":"https:\/\/skgd.pl\/de\/wp-json\/wp\/v2\/pages\/10348","targetHints":{"allow":["GET"]}}],"collection":[{"href":"https:\/\/skgd.pl\/de\/wp-json\/wp\/v2\/pages"}],"about":[{"href":"https:\/\/skgd.pl\/de\/wp-json\/wp\/v2\/types\/page"}],"author":[{"embeddable":true,"href":"https:\/\/skgd.pl\/de\/wp-json\/wp\/v2\/users\/1"}],"replies":[{"embeddable":true,"href":"https:\/\/skgd.pl\/de\/wp-json\/wp\/v2\/comments?post=10348"}],"version-history":[{"count":17,"href":"https:\/\/skgd.pl\/de\/wp-json\/wp\/v2\/pages\/10348\/revisions"}],"predecessor-version":[{"id":37819,"href":"https:\/\/skgd.pl\/de\/wp-json\/wp\/v2\/pages\/10348\/revisions\/37819"}],"up":[{"embeddable":true,"href":"https:\/\/skgd.pl\/de\/wp-json\/wp\/v2\/pages\/9331"}],"wp:attachment":[{"href":"https:\/\/skgd.pl\/de\/wp-json\/wp\/v2\/media?parent=10348"}],"curies":[{"name":"wp","href":"https:\/\/api.w.org\/{rel}","templated":true}]}}