{"id":10344,"date":"2016-01-28T20:38:45","date_gmt":"2016-01-28T19:38:45","guid":{"rendered":"http:\/\/skgd.pl\/?page_id=10344"},"modified":"2026-03-30T08:36:26","modified_gmt":"2026-03-30T06:36:26","slug":"wojewodzkie-konkursy-jezyka-niemieckiego","status":"publish","type":"page","link":"https:\/\/skgd.pl\/de\/dzialalnosc-kulturalno-oswiatowa\/wojewodzkie-konkursy-jezyka-niemieckiego\/","title":{"rendered":"Woiwodschaftswettbewerb der deutschen Sprache"},"content":{"rendered":"<p>[vc_row][vc_column width=&#8221;3\/4&#8243;][vc_column_text]<\/p>\n<p style=\"text-align: justify;\">In Zusammenarbeit mit dem Bildungskuratorium in Oppeln organisiert unsere Gesellschaft jedes Jahr zwei Sprachwettbewerbe. Ein Wettbewerb ist f\u00fcr Grundschulkinder und der andere f\u00fcr Gymnasialsch\u00fcler gedacht. In beiden Wettbewerben nehmen insgesamt 4000 Teilnehmer teil.<\/p>\n<p style=\"text-align: justify;\">Die erste Etappe (Schulebene) f<a href=\"https:\/\/skgd.pl\/wp-content\/uploads\/2016\/01\/DSC_0014.jpg\" rel=\"attachment wp-att-10444\"><img loading=\"lazy\" decoding=\"async\" class=\"size-medium wp-image-10444 alignleft\" src=\"https:\/\/skgd.pl\/wp-content\/uploads\/2016\/01\/DSC_0014-300x200.jpg\" alt=\"DSC_0014\" width=\"300\" height=\"200\" srcset=\"https:\/\/skgd.pl\/wp-content\/uploads\/2016\/01\/DSC_0014-300x200.jpg 300w, https:\/\/skgd.pl\/wp-content\/uploads\/2016\/01\/DSC_0014-600x400.jpg 600w, https:\/\/skgd.pl\/wp-content\/uploads\/2016\/01\/DSC_0014-768x512.jpg 768w, https:\/\/skgd.pl\/wp-content\/uploads\/2016\/01\/DSC_0014-1024x683.jpg 1024w, https:\/\/skgd.pl\/wp-content\/uploads\/2016\/01\/DSC_0014-800x533.jpg 800w\" sizes=\"auto, (max-width: 300px) 100vw, 300px\" \/><\/a>indet in den Schulen statt. Daran nehmen etwa 2000 Sch\u00fcler teil. Sch\u00fcler, die 75% der m\u00f6glichen Punktzahl erhalten, qualifizieren sich f\u00fcr die n\u00e4chste Etappe.<\/p>\n<p style=\"text-align: justify;\">Die zweite Etappe (Gemeindeetappe) findet meistens im Januar in allen Schulen der Woiwodschaft statt (meistens melden sich etwa 50 Gemeinde, es sind etwa 600 Sch\u00fcler aus 100 Schulen). F\u00fcr das Finale qualifizieren sich Sch\u00fcler, die ein Minimum von 85% erzielt haben. Ds Finale findet im Jugendkulturhaus in Oppeln statt.<\/p>\n<p style=\"text-align: justify;\">Das Niveau des Wettbewerbs ist bei allen Etappen sehr hoch. Die Sch\u00fcler m\u00fcssen bei der Schuletappe einen Test in Grammatik l\u00f6sen, auf Gemeindeebene werden H\u00f6rverstehen, landeskundliches Wissen und Grammatik gepr\u00fcft. Im Finale wird H\u00f6rverstehen auf die Probe gestellt, ein Test in Grammatik sowie Sprachf\u00e4higkeiten werden zudem gepr\u00fcft.<\/p>\n<p>[\/vc_column_text][\/vc_column][vc_column width=&#8221;1\/4&#8243;][vc_column_text]<\/p>\n<section class=\"span3\" style=\"margin-top: -22px;\">\n<div class=\"col-left\">\n<div id=\"execphp-2\" class=\"widget m_bottom_25 widget_execphp\">\n<div class=\"execphpwidget\">\n<div id=\"archives-2\" class=\"widget widget_archive kontakt\" style=\"border-color: #1F97FF !important;\">\n<h4 class=\"h4 heading-h4\" style=\"margin-bottom: 0px; text-align: center;\">Kontakt<\/h4>\n<div class=\"kontakt\">\n<p><span>Michaela Przezdzink<\/span><\/p>\n<p>+48 77 402 10 73<\/p>\n<p>+48 506 432 429<\/p>\n<p><span><a href=\"mailto:michaela.przezdzink@skgd.pl\">michaela.przezdzink@skgd.pl<\/a><\/span><\/p>\n<\/div>\n<h4 class=\"h4 heading-h4\" style=\"margin-bottom: 20px;\">Download<\/h4>\n<ul>\n<li class=\"linki\"><a href=\"https:\/\/www.kuratorium.opole.pl\/wp-content\/uploads\/2023\/09\/regulamin-wojewodzkiego-konkursu-jezyka-niemieckiego-o-dla-uczniow-szkol-podstawowych-wojewodztwa-opolskiego-w-roku-szkolnym-2023-2024.pdf\">Regulamin Konkursu<\/a><\/li>\n<li class=\"linki\"><a href=\"https:\/\/skgd.pl\/wp-content\/uploads\/2021\/11\/Zala\u0328cznik-nr-1-do-regulaminu.-niem.-SP-2021.docx\">Zakres<\/a><\/li>\n<\/ul>\n<p>&nbsp;<\/p>\n<p style=\"text-align: left;\"><a href=\"https:\/\/skgd.pl\/wp-content\/uploads\/2016\/01\/logo_koopole_center.png\" rel=\"attachment wp-att-10564\"><strong><img loading=\"lazy\" decoding=\"async\" class=\"size-full wp-image-10564 aligncenter\" src=\"https:\/\/skgd.pl\/wp-content\/uploads\/2016\/01\/logo_koopole_center.png\" alt=\"logo_koopole_center\" width=\"257\" height=\"128\"><\/strong><\/a>&nbsp; &nbsp;&nbsp;<\/p>\n<p style=\"text-align: center;\">&nbsp;<\/p>\n<\/div>\n<\/div>\n<\/div>\n<\/div>\n<\/section>\n<p>[\/vc_column_text][\/vc_column][\/vc_row]<\/p>","protected":false},"excerpt":{"rendered":"<p>[vc_row][vc_column width=&#8221;3\/4&#8243;][vc_column_text] In Zusammenarbeit mit dem Bildungskuratorium in Oppeln organisiert unsere Gesellschaft jedes Jahr zwei Sprachwettbewerbe. Ein Wettbewerb ist f\u00fcr Grundschulkinder und der andere f\u00fcr Gymnasialsch\u00fcler gedacht. In beiden Wettbewerben nehmen insgesamt 4000 Teilnehmer teil. Die erste Etappe (Schulebene) findet in den Schulen statt. Daran nehmen etwa 2000 Sch\u00fcler teil. Sch\u00fcler, die 75% der m\u00f6glichen [&hellip;]<\/p>\n","protected":false},"author":1,"featured_media":0,"parent":9331,"menu_order":26,"comment_status":"closed","ping_status":"closed","template":"","meta":{"footnotes":""},"class_list":["post-10344","page","type-page","status-publish","hentry"],"yoast_head":"<!-- This site is optimized with the Yoast SEO plugin v18.9 - https:\/\/yoast.com\/wordpress\/plugins\/seo\/ -->\n<title>Woiwodschaftswettbewerb der deutschen Sprache - Deutsche Minderheit, Sozial-Kulturelle Gesellschaft der Deutschen im Oppelner Schlesien<\/title>\n<meta name=\"robots\" content=\"index, follow, max-snippet:-1, max-image-preview:large, max-video-preview:-1\" \/>\n<link rel=\"canonical\" href=\"https:\/\/skgd.pl\/dzialalnosc-kulturalno-oswiatowa\/wojewodzkie-konkursy-jezyka-niemieckiego\/\" \/>\n<meta property=\"og:locale\" content=\"de_DE\" \/>\n<meta property=\"og:type\" content=\"article\" \/>\n<meta property=\"og:title\" content=\"Woiwodschaftswettbewerb der deutschen Sprache - Deutsche Minderheit, Sozial-Kulturelle Gesellschaft der Deutschen im Oppelner Schlesien\" \/>\n<meta property=\"og:description\" content=\"[vc_row][vc_column width=&#8221;3\/4&#8243;][vc_column_text] In Zusammenarbeit mit dem Bildungskuratorium in Oppeln organisiert unsere Gesellschaft jedes Jahr zwei Sprachwettbewerbe. Ein Wettbewerb ist f\u00fcr Grundschulkinder und der andere f\u00fcr Gymnasialsch\u00fcler gedacht. In beiden Wettbewerben nehmen insgesamt 4000 Teilnehmer teil. Die erste Etappe (Schulebene) findet in den Schulen statt. Daran nehmen etwa 2000 Sch\u00fcler teil. Sch\u00fcler, die 75% der m\u00f6glichen [&hellip;]\" \/>\n<meta property=\"og:url\" content=\"https:\/\/skgd.pl\/dzialalnosc-kulturalno-oswiatowa\/wojewodzkie-konkursy-jezyka-niemieckiego\/\" \/>\n<meta property=\"og:site_name\" content=\"Deutsche Minderheit, Sozial-Kulturelle Gesellschaft der Deutschen im Oppelner Schlesien\" \/>\n<meta property=\"article:modified_time\" content=\"2026-03-30T06:36:26+00:00\" \/>\n<meta property=\"og:image\" content=\"https:\/\/skgd.pl\/wp-content\/uploads\/2024\/02\/r9-300x200.jpg\" \/>\n<meta name=\"twitter:card\" content=\"summary_large_image\" \/>\n<meta name=\"twitter:label1\" content=\"Gesch\u00e4tzte Lesezeit\" \/>\n\t<meta name=\"twitter:data1\" content=\"2\u00a0Minuten\" \/>\n<script type=\"application\/ld+json\" class=\"yoast-schema-graph\">{\"@context\":\"https:\/\/schema.org\",\"@graph\":[{\"@type\":\"WebSite\",\"@id\":\"https:\/\/skgd.pl\/#website\",\"url\":\"https:\/\/skgd.pl\/\",\"name\":\"Deutsche Minderheit, Sozial-Kulturelle Gesellschaft der Deutschen im Oppelner Schlesien\",\"description\":\"Deutsche Minderheit in Polen\",\"potentialAction\":[{\"@type\":\"SearchAction\",\"target\":{\"@type\":\"EntryPoint\",\"urlTemplate\":\"https:\/\/skgd.pl\/?s={search_term_string}\"},\"query-input\":\"required name=search_term_string\"}],\"inLanguage\":\"de\"},{\"@type\":\"ImageObject\",\"inLanguage\":\"de\",\"@id\":\"https:\/\/skgd.pl\/dzialalnosc-kulturalno-oswiatowa\/wojewodzkie-konkursy-jezyka-niemieckiego\/#primaryimage\",\"url\":\"https:\/\/skgd.pl\/wp-content\/uploads\/2024\/02\/r9-300x200.jpg\",\"contentUrl\":\"https:\/\/skgd.pl\/wp-content\/uploads\/2024\/02\/r9-300x200.jpg\"},{\"@type\":\"WebPage\",\"@id\":\"https:\/\/skgd.pl\/dzialalnosc-kulturalno-oswiatowa\/wojewodzkie-konkursy-jezyka-niemieckiego\/#webpage\",\"url\":\"https:\/\/skgd.pl\/dzialalnosc-kulturalno-oswiatowa\/wojewodzkie-konkursy-jezyka-niemieckiego\/\",\"name\":\"Woiwodschaftswettbewerb der deutschen Sprache - Deutsche Minderheit, Sozial-Kulturelle Gesellschaft der Deutschen im Oppelner Schlesien\",\"isPartOf\":{\"@id\":\"https:\/\/skgd.pl\/#website\"},\"primaryImageOfPage\":{\"@id\":\"https:\/\/skgd.pl\/dzialalnosc-kulturalno-oswiatowa\/wojewodzkie-konkursy-jezyka-niemieckiego\/#primaryimage\"},\"datePublished\":\"2016-01-28T19:38:45+00:00\",\"dateModified\":\"2026-03-30T06:36:26+00:00\",\"breadcrumb\":{\"@id\":\"https:\/\/skgd.pl\/dzialalnosc-kulturalno-oswiatowa\/wojewodzkie-konkursy-jezyka-niemieckiego\/#breadcrumb\"},\"inLanguage\":\"de\",\"potentialAction\":[{\"@type\":\"ReadAction\",\"target\":[\"https:\/\/skgd.pl\/dzialalnosc-kulturalno-oswiatowa\/wojewodzkie-konkursy-jezyka-niemieckiego\/\"]}]},{\"@type\":\"BreadcrumbList\",\"@id\":\"https:\/\/skgd.pl\/dzialalnosc-kulturalno-oswiatowa\/wojewodzkie-konkursy-jezyka-niemieckiego\/#breadcrumb\",\"itemListElement\":[{\"@type\":\"ListItem\",\"position\":1,\"name\":\"Strona g\u0142\u00f3wna\",\"item\":\"https:\/\/skgd.pl\/\"},{\"@type\":\"ListItem\",\"position\":2,\"name\":\"Dzia\u0142alno\u015b\u0107 kulturalno &#8211; o\u015bwiatowa\",\"item\":\"https:\/\/skgd.pl\/dzialalnosc-kulturalno-oswiatowa\/\"},{\"@type\":\"ListItem\",\"position\":3,\"name\":\"Wojew\u00f3dzki Konkurs J\u0119zyka Niemieckiego\"}]}]}<\/script>\n<!-- \/ Yoast SEO plugin. -->","yoast_head_json":{"title":"Woiwodschaftswettbewerb der deutschen Sprache - Deutsche Minderheit, Sozial-Kulturelle Gesellschaft der Deutschen im Oppelner Schlesien","robots":{"index":"index","follow":"follow","max-snippet":"max-snippet:-1","max-image-preview":"max-image-preview:large","max-video-preview":"max-video-preview:-1"},"canonical":"https:\/\/skgd.pl\/dzialalnosc-kulturalno-oswiatowa\/wojewodzkie-konkursy-jezyka-niemieckiego\/","og_locale":"de_DE","og_type":"article","og_title":"Woiwodschaftswettbewerb der deutschen Sprache - Deutsche Minderheit, Sozial-Kulturelle Gesellschaft der Deutschen im Oppelner Schlesien","og_description":"[vc_row][vc_column width=&#8221;3\/4&#8243;][vc_column_text] In Zusammenarbeit mit dem Bildungskuratorium in Oppeln organisiert unsere Gesellschaft jedes Jahr zwei Sprachwettbewerbe. Ein Wettbewerb ist f\u00fcr Grundschulkinder und der andere f\u00fcr Gymnasialsch\u00fcler gedacht. In beiden Wettbewerben nehmen insgesamt 4000 Teilnehmer teil. Die erste Etappe (Schulebene) findet in den Schulen statt. Daran nehmen etwa 2000 Sch\u00fcler teil. Sch\u00fcler, die 75% der m\u00f6glichen [&hellip;]","og_url":"https:\/\/skgd.pl\/dzialalnosc-kulturalno-oswiatowa\/wojewodzkie-konkursy-jezyka-niemieckiego\/","og_site_name":"Deutsche Minderheit, Sozial-Kulturelle Gesellschaft der Deutschen im Oppelner Schlesien","article_modified_time":"2026-03-30T06:36:26+00:00","og_image":[{"url":"https:\/\/skgd.pl\/wp-content\/uploads\/2024\/02\/r9-300x200.jpg"}],"twitter_card":"summary_large_image","twitter_misc":{"Gesch\u00e4tzte Lesezeit":"2\u00a0Minuten"},"schema":{"@context":"https:\/\/schema.org","@graph":[{"@type":"WebSite","@id":"https:\/\/skgd.pl\/#website","url":"https:\/\/skgd.pl\/","name":"Deutsche Minderheit, Sozial-Kulturelle Gesellschaft der Deutschen im Oppelner Schlesien","description":"Deutsche Minderheit in Polen","potentialAction":[{"@type":"SearchAction","target":{"@type":"EntryPoint","urlTemplate":"https:\/\/skgd.pl\/?s={search_term_string}"},"query-input":"required name=search_term_string"}],"inLanguage":"de"},{"@type":"ImageObject","inLanguage":"de","@id":"https:\/\/skgd.pl\/dzialalnosc-kulturalno-oswiatowa\/wojewodzkie-konkursy-jezyka-niemieckiego\/#primaryimage","url":"https:\/\/skgd.pl\/wp-content\/uploads\/2024\/02\/r9-300x200.jpg","contentUrl":"https:\/\/skgd.pl\/wp-content\/uploads\/2024\/02\/r9-300x200.jpg"},{"@type":"WebPage","@id":"https:\/\/skgd.pl\/dzialalnosc-kulturalno-oswiatowa\/wojewodzkie-konkursy-jezyka-niemieckiego\/#webpage","url":"https:\/\/skgd.pl\/dzialalnosc-kulturalno-oswiatowa\/wojewodzkie-konkursy-jezyka-niemieckiego\/","name":"Woiwodschaftswettbewerb der deutschen Sprache - Deutsche Minderheit, Sozial-Kulturelle Gesellschaft der Deutschen im Oppelner Schlesien","isPartOf":{"@id":"https:\/\/skgd.pl\/#website"},"primaryImageOfPage":{"@id":"https:\/\/skgd.pl\/dzialalnosc-kulturalno-oswiatowa\/wojewodzkie-konkursy-jezyka-niemieckiego\/#primaryimage"},"datePublished":"2016-01-28T19:38:45+00:00","dateModified":"2026-03-30T06:36:26+00:00","breadcrumb":{"@id":"https:\/\/skgd.pl\/dzialalnosc-kulturalno-oswiatowa\/wojewodzkie-konkursy-jezyka-niemieckiego\/#breadcrumb"},"inLanguage":"de","potentialAction":[{"@type":"ReadAction","target":["https:\/\/skgd.pl\/dzialalnosc-kulturalno-oswiatowa\/wojewodzkie-konkursy-jezyka-niemieckiego\/"]}]},{"@type":"BreadcrumbList","@id":"https:\/\/skgd.pl\/dzialalnosc-kulturalno-oswiatowa\/wojewodzkie-konkursy-jezyka-niemieckiego\/#breadcrumb","itemListElement":[{"@type":"ListItem","position":1,"name":"Strona g\u0142\u00f3wna","item":"https:\/\/skgd.pl\/"},{"@type":"ListItem","position":2,"name":"Dzia\u0142alno\u015b\u0107 kulturalno &#8211; o\u015bwiatowa","item":"https:\/\/skgd.pl\/dzialalnosc-kulturalno-oswiatowa\/"},{"@type":"ListItem","position":3,"name":"Wojew\u00f3dzki Konkurs J\u0119zyka Niemieckiego"}]}]}},"_links":{"self":[{"href":"https:\/\/skgd.pl\/de\/wp-json\/wp\/v2\/pages\/10344","targetHints":{"allow":["GET"]}}],"collection":[{"href":"https:\/\/skgd.pl\/de\/wp-json\/wp\/v2\/pages"}],"about":[{"href":"https:\/\/skgd.pl\/de\/wp-json\/wp\/v2\/types\/page"}],"author":[{"embeddable":true,"href":"https:\/\/skgd.pl\/de\/wp-json\/wp\/v2\/users\/1"}],"replies":[{"embeddable":true,"href":"https:\/\/skgd.pl\/de\/wp-json\/wp\/v2\/comments?post=10344"}],"version-history":[{"count":31,"href":"https:\/\/skgd.pl\/de\/wp-json\/wp\/v2\/pages\/10344\/revisions"}],"predecessor-version":[{"id":37977,"href":"https:\/\/skgd.pl\/de\/wp-json\/wp\/v2\/pages\/10344\/revisions\/37977"}],"up":[{"embeddable":true,"href":"https:\/\/skgd.pl\/de\/wp-json\/wp\/v2\/pages\/9331"}],"wp:attachment":[{"href":"https:\/\/skgd.pl\/de\/wp-json\/wp\/v2\/media?parent=10344"}],"curies":[{"name":"wp","href":"https:\/\/api.w.org\/{rel}","templated":true}]}}