{"id":10337,"date":"2016-01-28T20:21:34","date_gmt":"2016-01-28T19:21:34","guid":{"rendered":"http:\/\/skgd.pl\/?page_id=10337"},"modified":"2026-04-16T17:04:00","modified_gmt":"2026-04-16T15:04:00","slug":"konkurs-piosenki-niemieckojezycznej-superstar","status":"publish","type":"page","link":"https:\/\/skgd.pl\/de\/dzialalnosc-kulturalno-oswiatowa\/konkurs-piosenki-niemieckojezycznej-superstar\/","title":{"rendered":"Deutscher Liederwettbewerb \u201eSuperstar\u201c"},"content":{"rendered":"<p>[vc_row][vc_column width=&#8221;3\/4&#8243;][vc_column_text]<\/p>\n<p style=\"text-align: justify;\"><img loading=\"lazy\" decoding=\"async\" class=\"size-medium wp-image-32069 alignleft\" src=\"https:\/\/skgd.pl\/wp-content\/uploads\/2023\/03\/image238-300x200.jpg\" alt=\"\" width=\"300\" height=\"200\" srcset=\"https:\/\/skgd.pl\/wp-content\/uploads\/2023\/03\/image238-300x200.jpg 300w, https:\/\/skgd.pl\/wp-content\/uploads\/2023\/03\/image238-scaled-600x400.jpg 600w, https:\/\/skgd.pl\/wp-content\/uploads\/2023\/03\/image238-1024x683.jpg 1024w, https:\/\/skgd.pl\/wp-content\/uploads\/2023\/03\/image238-768x512.jpg 768w, https:\/\/skgd.pl\/wp-content\/uploads\/2023\/03\/image238-1536x1024.jpg 1536w, https:\/\/skgd.pl\/wp-content\/uploads\/2023\/03\/image238-2048x1365.jpg 2048w, https:\/\/skgd.pl\/wp-content\/uploads\/2023\/03\/image238-800x533.jpg 800w\" sizes=\"auto, (max-width: 300px) 100vw, 300px\" \/>Dieser Wettbewerb ist offen f\u00fcr alle, die sich f\u00fcr deutschsprachige Musik interessieren und wurde im Jahr 2008 zum ersten mal veranstaltet.<\/p>\n<p style=\"text-align: justify;\">Das Ziel des Wettbewerbs besteht darin, junge Menschen zum Singen in deutscher Sprache zu ermutigen und auf diesem Weg die deutsche Sprache zu verbreiten und die Sprachkompetenzen der Teilnehmer zu steigern.<\/p>\n<p>&nbsp;<\/p>\n<p style=\"text-align: justify;\">Der Wettbewerb findet in zwei Etappen statt:<\/p>\n<p style=\"text-align: justify;\">&#8211; Qualifikation f\u00fcr den finalen Wettbewerb (online)<\/p>\n<p style=\"text-align: justify;\">&#8211; Finale des Wettbewerb.<\/p>\n<p style=\"text-align: justify;\">W\u00e4hrend des Finalkonzerts (Solisten, Duetts, Gruppen) pr\u00e4sentieren die K\u00fcnstler zuvor einge\u00fcbte Lieder. Die Teilnehmer pr\u00e4sentieren ein breites Repertoire an deutscher Musik von Roy Black, Andrea J\u00fcrgens, Peter Maffay bis Tokio Hotel, Wir Sind Helden oder Ich und Ich.<\/p>\n<p style=\"text-align: justify;\">Die Gewinner erhalten Diplome, B\u00fcchergutscheine, Sticks, Statuetten, MP3-Player, Schreibwaren. Der Wettbewerb zeigt ein gro\u00dfes Potenzial der jungen Generation in Oberschlesien. Das Projekt wird vom Ministerium des Innern in Warschau und dem Konsulat der Bundesrepublik in Oppeln finanziell unterst\u00fctzt.<\/p>\n<p>[\/vc_column_text][\/vc_column][vc_column width=&#8221;1\/4&#8243;][vc_column_text]<\/p>\n<section class=\"span3\" style=\"margin-top: -22px;\">\n<div class=\"col-left\">\n<div id=\"execphp-2\" class=\"widget m_bottom_25 widget_execphp\">\n<div class=\"execphpwidget\">\n<div id=\"archives-2\" class=\"widget widget_archive kontakt\" style=\"border-color: #1F97FF !important;\">\n<h4 class=\"h4 heading-h4\" style=\"margin-bottom: 0px; text-align: center;\">Logo<\/h4>\n<h4 class=\"h4 heading-h4\" style=\"margin-bottom: 0px;\"><a href=\"https:\/\/skgd.pl\/wp-content\/uploads\/2016\/01\/TSKN_Superstar_logo2015.jpg\" rel=\"attachment wp-att-10546\"><img loading=\"lazy\" decoding=\"async\" class=\"wp-image-10546 size-thumbnail aligncenter\" src=\"https:\/\/skgd.pl\/wp-content\/uploads\/2016\/01\/TSKN_Superstar_logo2015-150x150.jpg\" alt=\"TSKN_Superstar_logo2015\" width=\"150\" height=\"150\" srcset=\"https:\/\/skgd.pl\/wp-content\/uploads\/2016\/01\/TSKN_Superstar_logo2015-150x150.jpg 150w, https:\/\/skgd.pl\/wp-content\/uploads\/2016\/01\/TSKN_Superstar_logo2015-300x300.jpg 300w, https:\/\/skgd.pl\/wp-content\/uploads\/2016\/01\/TSKN_Superstar_logo2015-100x100.jpg 100w, https:\/\/skgd.pl\/wp-content\/uploads\/2016\/01\/TSKN_Superstar_logo2015-290x290.jpg 290w, https:\/\/skgd.pl\/wp-content\/uploads\/2016\/01\/TSKN_Superstar_logo2015-250x250.jpg 250w, https:\/\/skgd.pl\/wp-content\/uploads\/2016\/01\/TSKN_Superstar_logo2015-170x170.jpg 170w, https:\/\/skgd.pl\/wp-content\/uploads\/2016\/01\/TSKN_Superstar_logo2015-120x120.jpg 120w, https:\/\/skgd.pl\/wp-content\/uploads\/2016\/01\/TSKN_Superstar_logo2015-70x70.jpg 70w\" sizes=\"auto, (max-width: 150px) 100vw, 150px\" \/><\/a><\/h4>\n<h4 class=\"h4 heading-h4\" style=\"margin-bottom: 0px; text-align: center;\">Kontakt<\/h4>\n<div class=\"kontakt\">\n<p>Ewa Mr\u00f3z<\/p>\n<p><a href=\"mailto:ewa.mroz@skgd.pl\">ewa.mroz@skgd.pl<\/a><\/p>\n<p>Tel.&nbsp;<span>+48 77 402 10 77<\/span><\/p>\n<p>&nbsp;<\/p>\n<\/div>\n<h4 class=\"h4 heading-h4\" style=\"margin-bottom: 20px; margin-top: 10px; text-align: center;\">Download<\/h4>\n<ul>\n<li><a href=\"https:\/\/skgd.pl\/wp-content\/uploads\/2026\/03\/Regulamin-Superstar-2026.docx\">Regelment 2026<\/a><\/li>\n<li><a href=\"https:\/\/skgd.pl\/wp-content\/uploads\/2026\/03\/Karta-zgloszeniowa-SUPERSTAR.doc\">Anmeldungsformular<\/a><\/li>\n<li><a href=\"https:\/\/skgd.pl\/wp-content\/uploads\/2026\/04\/superstar-plakat.pdf\">Superstar 2026 Plakat<\/a><\/li>\n<li><a href=\"https:\/\/docs.google.com\/forms\/d\/e\/1FAIpQLSdGUfkD0KvS8kQ2aTEtmqqZmdobuCWaesNXW6EtXTNol4WvtQ\/viewform\">Online- Anmeldungsformular<\/a><\/li>\n<\/ul>\n<h4 class=\"h4 heading-h4\" style=\"margin-bottom: 10px; text-align: center;\">Partner<\/h4>\n<p><img loading=\"lazy\" decoding=\"async\" class=\" wp-image-37886 aligncenter\" src=\"https:\/\/skgd.pl\/wp-content\/uploads\/2026\/03\/BMI-Logo-2026.png\" alt=\"\" width=\"126\" height=\"129\"><\/p>\n<p><img loading=\"lazy\" decoding=\"async\" class=\" wp-image-37896 aligncenter\" src=\"https:\/\/skgd.pl\/wp-content\/uploads\/2020\/10\/Logo_VDG_color_acronim_base-scaled-e1773127649701-300x190.jpg\" alt=\"\" width=\"174\" height=\"110\" srcset=\"https:\/\/skgd.pl\/wp-content\/uploads\/2020\/10\/Logo_VDG_color_acronim_base-scaled-e1773127649701-300x190.jpg 300w, https:\/\/skgd.pl\/wp-content\/uploads\/2020\/10\/Logo_VDG_color_acronim_base-scaled-e1773127649701-1024x650.jpg 1024w, https:\/\/skgd.pl\/wp-content\/uploads\/2020\/10\/Logo_VDG_color_acronim_base-scaled-e1773127649701-768x488.jpg 768w, https:\/\/skgd.pl\/wp-content\/uploads\/2020\/10\/Logo_VDG_color_acronim_base-scaled-e1773127649701-1536x975.jpg 1536w, https:\/\/skgd.pl\/wp-content\/uploads\/2020\/10\/Logo_VDG_color_acronim_base-scaled-e1773127649701-270x170.jpg 270w, https:\/\/skgd.pl\/wp-content\/uploads\/2020\/10\/Logo_VDG_color_acronim_base-scaled-e1773127649701-370x233.jpg 370w, https:\/\/skgd.pl\/wp-content\/uploads\/2020\/10\/Logo_VDG_color_acronim_base-scaled-e1773127649701-570x359.jpg 570w, https:\/\/skgd.pl\/wp-content\/uploads\/2020\/10\/Logo_VDG_color_acronim_base-scaled-e1773127649701-800x508.jpg 800w, https:\/\/skgd.pl\/wp-content\/uploads\/2020\/10\/Logo_VDG_color_acronim_base-scaled-e1773127649701-600x381.jpg 600w, https:\/\/skgd.pl\/wp-content\/uploads\/2020\/10\/Logo_VDG_color_acronim_base-scaled-e1773127649701.jpg 1882w\" sizes=\"auto, (max-width: 174px) 100vw, 174px\" \/><img loading=\"lazy\" decoding=\"async\" class=\"size-medium wp-image-32064 aligncenter\" src=\"https:\/\/skgd.pl\/wp-content\/uploads\/2023\/03\/logo_mswia_kolor_biale_tlo-300x79.png\" alt=\"\" width=\"300\" height=\"79\" srcset=\"https:\/\/skgd.pl\/wp-content\/uploads\/2023\/03\/logo_mswia_kolor_biale_tlo-300x79.png 300w, https:\/\/skgd.pl\/wp-content\/uploads\/2023\/03\/logo_mswia_kolor_biale_tlo-600x159.png 600w, https:\/\/skgd.pl\/wp-content\/uploads\/2023\/03\/logo_mswia_kolor_biale_tlo-1024x271.png 1024w, https:\/\/skgd.pl\/wp-content\/uploads\/2023\/03\/logo_mswia_kolor_biale_tlo-768x203.png 768w, https:\/\/skgd.pl\/wp-content\/uploads\/2023\/03\/logo_mswia_kolor_biale_tlo-1536x406.png 1536w, https:\/\/skgd.pl\/wp-content\/uploads\/2023\/03\/logo_mswia_kolor_biale_tlo-800x211.png 800w, https:\/\/skgd.pl\/wp-content\/uploads\/2023\/03\/logo_mswia_kolor_biale_tlo.png 1635w\" sizes=\"auto, (max-width: 300px) 100vw, 300px\" \/><img loading=\"lazy\" decoding=\"async\" class=\"alignnone size-medium wp-image-27689 aligncenter\" src=\"https:\/\/skgd.pl\/wp-content\/uploads\/2021\/11\/Zadania_ze_srodkow_budzetu_panstwa-300x135.jpg\" alt=\"\" width=\"300\" height=\"135\" srcset=\"https:\/\/skgd.pl\/wp-content\/uploads\/2021\/11\/Zadania_ze_srodkow_budzetu_panstwa-300x135.jpg 300w, https:\/\/skgd.pl\/wp-content\/uploads\/2021\/11\/Zadania_ze_srodkow_budzetu_panstwa-600x269.jpg 600w, https:\/\/skgd.pl\/wp-content\/uploads\/2021\/11\/Zadania_ze_srodkow_budzetu_panstwa.jpg 767w\" sizes=\"auto, (max-width: 300px) 100vw, 300px\" \/><\/p>\n<\/div>\n<\/div>\n<\/div>\n<\/div>\n<\/section>\n<p>[\/vc_column_text][\/vc_column][\/vc_row]<\/p>","protected":false},"excerpt":{"rendered":"<p>[vc_row][vc_column width=&#8221;3\/4&#8243;][vc_column_text] Dieser Wettbewerb ist offen f\u00fcr alle, die sich f\u00fcr deutschsprachige Musik interessieren und wurde im Jahr 2008 zum ersten mal veranstaltet. Das Ziel des Wettbewerbs besteht darin, junge Menschen zum Singen in deutscher Sprache zu ermutigen und auf diesem Weg die deutsche Sprache zu verbreiten und die Sprachkompetenzen der Teilnehmer zu steigern. &nbsp; [&hellip;]<\/p>\n","protected":false},"author":1,"featured_media":0,"parent":9331,"menu_order":28,"comment_status":"closed","ping_status":"closed","template":"","meta":{"footnotes":""},"class_list":["post-10337","page","type-page","status-publish","hentry"],"yoast_head":"<!-- This site is optimized with the Yoast SEO plugin v18.9 - https:\/\/yoast.com\/wordpress\/plugins\/seo\/ -->\n<title>Deutscher Liederwettbewerb \u201eSuperstar\u201c - Deutsche Minderheit, Sozial-Kulturelle Gesellschaft der Deutschen im Oppelner Schlesien<\/title>\n<meta name=\"robots\" content=\"index, follow, max-snippet:-1, max-image-preview:large, max-video-preview:-1\" \/>\n<link rel=\"canonical\" href=\"https:\/\/skgd.pl\/dzialalnosc-kulturalno-oswiatowa\/konkurs-piosenki-niemieckojezycznej-superstar\/\" \/>\n<meta property=\"og:locale\" content=\"de_DE\" \/>\n<meta property=\"og:type\" content=\"article\" \/>\n<meta property=\"og:title\" content=\"Deutscher Liederwettbewerb \u201eSuperstar\u201c - Deutsche Minderheit, Sozial-Kulturelle Gesellschaft der Deutschen im Oppelner Schlesien\" \/>\n<meta property=\"og:description\" content=\"[vc_row][vc_column width=&#8221;3\/4&#8243;][vc_column_text] Dieser Wettbewerb ist offen f\u00fcr alle, die sich f\u00fcr deutschsprachige Musik interessieren und wurde im Jahr 2008 zum ersten mal veranstaltet. Das Ziel des Wettbewerbs besteht darin, junge Menschen zum Singen in deutscher Sprache zu ermutigen und auf diesem Weg die deutsche Sprache zu verbreiten und die Sprachkompetenzen der Teilnehmer zu steigern. &nbsp; [&hellip;]\" \/>\n<meta property=\"og:url\" content=\"https:\/\/skgd.pl\/dzialalnosc-kulturalno-oswiatowa\/konkurs-piosenki-niemieckojezycznej-superstar\/\" \/>\n<meta property=\"og:site_name\" content=\"Deutsche Minderheit, Sozial-Kulturelle Gesellschaft der Deutschen im Oppelner Schlesien\" \/>\n<meta property=\"article:modified_time\" content=\"2026-04-16T15:04:00+00:00\" \/>\n<meta property=\"og:image\" content=\"https:\/\/skgd.pl\/wp-content\/uploads\/2023\/03\/image068-300x200.jpg\" \/>\n<meta name=\"twitter:card\" content=\"summary_large_image\" \/>\n<meta name=\"twitter:label1\" content=\"Gesch\u00e4tzte Lesezeit\" \/>\n\t<meta name=\"twitter:data1\" content=\"3\u00a0Minuten\" \/>\n<script type=\"application\/ld+json\" class=\"yoast-schema-graph\">{\"@context\":\"https:\/\/schema.org\",\"@graph\":[{\"@type\":\"WebSite\",\"@id\":\"https:\/\/skgd.pl\/#website\",\"url\":\"https:\/\/skgd.pl\/\",\"name\":\"Deutsche Minderheit, Sozial-Kulturelle Gesellschaft der Deutschen im Oppelner Schlesien\",\"description\":\"Deutsche Minderheit in Polen\",\"potentialAction\":[{\"@type\":\"SearchAction\",\"target\":{\"@type\":\"EntryPoint\",\"urlTemplate\":\"https:\/\/skgd.pl\/?s={search_term_string}\"},\"query-input\":\"required name=search_term_string\"}],\"inLanguage\":\"de\"},{\"@type\":\"ImageObject\",\"inLanguage\":\"de\",\"@id\":\"https:\/\/skgd.pl\/dzialalnosc-kulturalno-oswiatowa\/konkurs-piosenki-niemieckojezycznej-superstar\/#primaryimage\",\"url\":\"https:\/\/skgd.pl\/wp-content\/uploads\/2023\/03\/image068-300x200.jpg\",\"contentUrl\":\"https:\/\/skgd.pl\/wp-content\/uploads\/2023\/03\/image068-300x200.jpg\"},{\"@type\":\"WebPage\",\"@id\":\"https:\/\/skgd.pl\/dzialalnosc-kulturalno-oswiatowa\/konkurs-piosenki-niemieckojezycznej-superstar\/#webpage\",\"url\":\"https:\/\/skgd.pl\/dzialalnosc-kulturalno-oswiatowa\/konkurs-piosenki-niemieckojezycznej-superstar\/\",\"name\":\"Deutscher Liederwettbewerb \u201eSuperstar\u201c - Deutsche Minderheit, Sozial-Kulturelle Gesellschaft der Deutschen im Oppelner Schlesien\",\"isPartOf\":{\"@id\":\"https:\/\/skgd.pl\/#website\"},\"primaryImageOfPage\":{\"@id\":\"https:\/\/skgd.pl\/dzialalnosc-kulturalno-oswiatowa\/konkurs-piosenki-niemieckojezycznej-superstar\/#primaryimage\"},\"datePublished\":\"2016-01-28T19:21:34+00:00\",\"dateModified\":\"2026-04-16T15:04:00+00:00\",\"breadcrumb\":{\"@id\":\"https:\/\/skgd.pl\/dzialalnosc-kulturalno-oswiatowa\/konkurs-piosenki-niemieckojezycznej-superstar\/#breadcrumb\"},\"inLanguage\":\"de\",\"potentialAction\":[{\"@type\":\"ReadAction\",\"target\":[\"https:\/\/skgd.pl\/dzialalnosc-kulturalno-oswiatowa\/konkurs-piosenki-niemieckojezycznej-superstar\/\"]}]},{\"@type\":\"BreadcrumbList\",\"@id\":\"https:\/\/skgd.pl\/dzialalnosc-kulturalno-oswiatowa\/konkurs-piosenki-niemieckojezycznej-superstar\/#breadcrumb\",\"itemListElement\":[{\"@type\":\"ListItem\",\"position\":1,\"name\":\"Strona g\u0142\u00f3wna\",\"item\":\"https:\/\/skgd.pl\/\"},{\"@type\":\"ListItem\",\"position\":2,\"name\":\"Dzia\u0142alno\u015b\u0107 kulturalno &#8211; o\u015bwiatowa\",\"item\":\"https:\/\/skgd.pl\/dzialalnosc-kulturalno-oswiatowa\/\"},{\"@type\":\"ListItem\",\"position\":3,\"name\":\"Konkurs Piosenki Niemieckoj\u0119zycznej \u201eSuperstar\u201c\"}]}]}<\/script>\n<!-- \/ Yoast SEO plugin. -->","yoast_head_json":{"title":"Deutscher Liederwettbewerb \u201eSuperstar\u201c - Deutsche Minderheit, Sozial-Kulturelle Gesellschaft der Deutschen im Oppelner Schlesien","robots":{"index":"index","follow":"follow","max-snippet":"max-snippet:-1","max-image-preview":"max-image-preview:large","max-video-preview":"max-video-preview:-1"},"canonical":"https:\/\/skgd.pl\/dzialalnosc-kulturalno-oswiatowa\/konkurs-piosenki-niemieckojezycznej-superstar\/","og_locale":"de_DE","og_type":"article","og_title":"Deutscher Liederwettbewerb \u201eSuperstar\u201c - Deutsche Minderheit, Sozial-Kulturelle Gesellschaft der Deutschen im Oppelner Schlesien","og_description":"[vc_row][vc_column width=&#8221;3\/4&#8243;][vc_column_text] Dieser Wettbewerb ist offen f\u00fcr alle, die sich f\u00fcr deutschsprachige Musik interessieren und wurde im Jahr 2008 zum ersten mal veranstaltet. Das Ziel des Wettbewerbs besteht darin, junge Menschen zum Singen in deutscher Sprache zu ermutigen und auf diesem Weg die deutsche Sprache zu verbreiten und die Sprachkompetenzen der Teilnehmer zu steigern. &nbsp; [&hellip;]","og_url":"https:\/\/skgd.pl\/dzialalnosc-kulturalno-oswiatowa\/konkurs-piosenki-niemieckojezycznej-superstar\/","og_site_name":"Deutsche Minderheit, Sozial-Kulturelle Gesellschaft der Deutschen im Oppelner Schlesien","article_modified_time":"2026-04-16T15:04:00+00:00","og_image":[{"url":"https:\/\/skgd.pl\/wp-content\/uploads\/2023\/03\/image068-300x200.jpg"}],"twitter_card":"summary_large_image","twitter_misc":{"Gesch\u00e4tzte Lesezeit":"3\u00a0Minuten"},"schema":{"@context":"https:\/\/schema.org","@graph":[{"@type":"WebSite","@id":"https:\/\/skgd.pl\/#website","url":"https:\/\/skgd.pl\/","name":"Deutsche Minderheit, Sozial-Kulturelle Gesellschaft der Deutschen im Oppelner Schlesien","description":"Deutsche Minderheit in Polen","potentialAction":[{"@type":"SearchAction","target":{"@type":"EntryPoint","urlTemplate":"https:\/\/skgd.pl\/?s={search_term_string}"},"query-input":"required name=search_term_string"}],"inLanguage":"de"},{"@type":"ImageObject","inLanguage":"de","@id":"https:\/\/skgd.pl\/dzialalnosc-kulturalno-oswiatowa\/konkurs-piosenki-niemieckojezycznej-superstar\/#primaryimage","url":"https:\/\/skgd.pl\/wp-content\/uploads\/2023\/03\/image068-300x200.jpg","contentUrl":"https:\/\/skgd.pl\/wp-content\/uploads\/2023\/03\/image068-300x200.jpg"},{"@type":"WebPage","@id":"https:\/\/skgd.pl\/dzialalnosc-kulturalno-oswiatowa\/konkurs-piosenki-niemieckojezycznej-superstar\/#webpage","url":"https:\/\/skgd.pl\/dzialalnosc-kulturalno-oswiatowa\/konkurs-piosenki-niemieckojezycznej-superstar\/","name":"Deutscher Liederwettbewerb \u201eSuperstar\u201c - Deutsche Minderheit, Sozial-Kulturelle Gesellschaft der Deutschen im Oppelner Schlesien","isPartOf":{"@id":"https:\/\/skgd.pl\/#website"},"primaryImageOfPage":{"@id":"https:\/\/skgd.pl\/dzialalnosc-kulturalno-oswiatowa\/konkurs-piosenki-niemieckojezycznej-superstar\/#primaryimage"},"datePublished":"2016-01-28T19:21:34+00:00","dateModified":"2026-04-16T15:04:00+00:00","breadcrumb":{"@id":"https:\/\/skgd.pl\/dzialalnosc-kulturalno-oswiatowa\/konkurs-piosenki-niemieckojezycznej-superstar\/#breadcrumb"},"inLanguage":"de","potentialAction":[{"@type":"ReadAction","target":["https:\/\/skgd.pl\/dzialalnosc-kulturalno-oswiatowa\/konkurs-piosenki-niemieckojezycznej-superstar\/"]}]},{"@type":"BreadcrumbList","@id":"https:\/\/skgd.pl\/dzialalnosc-kulturalno-oswiatowa\/konkurs-piosenki-niemieckojezycznej-superstar\/#breadcrumb","itemListElement":[{"@type":"ListItem","position":1,"name":"Strona g\u0142\u00f3wna","item":"https:\/\/skgd.pl\/"},{"@type":"ListItem","position":2,"name":"Dzia\u0142alno\u015b\u0107 kulturalno &#8211; o\u015bwiatowa","item":"https:\/\/skgd.pl\/dzialalnosc-kulturalno-oswiatowa\/"},{"@type":"ListItem","position":3,"name":"Konkurs Piosenki Niemieckoj\u0119zycznej \u201eSuperstar\u201c"}]}]}},"_links":{"self":[{"href":"https:\/\/skgd.pl\/de\/wp-json\/wp\/v2\/pages\/10337","targetHints":{"allow":["GET"]}}],"collection":[{"href":"https:\/\/skgd.pl\/de\/wp-json\/wp\/v2\/pages"}],"about":[{"href":"https:\/\/skgd.pl\/de\/wp-json\/wp\/v2\/types\/page"}],"author":[{"embeddable":true,"href":"https:\/\/skgd.pl\/de\/wp-json\/wp\/v2\/users\/1"}],"replies":[{"embeddable":true,"href":"https:\/\/skgd.pl\/de\/wp-json\/wp\/v2\/comments?post=10337"}],"version-history":[{"count":55,"href":"https:\/\/skgd.pl\/de\/wp-json\/wp\/v2\/pages\/10337\/revisions"}],"predecessor-version":[{"id":38062,"href":"https:\/\/skgd.pl\/de\/wp-json\/wp\/v2\/pages\/10337\/revisions\/38062"}],"up":[{"embeddable":true,"href":"https:\/\/skgd.pl\/de\/wp-json\/wp\/v2\/pages\/9331"}],"wp:attachment":[{"href":"https:\/\/skgd.pl\/de\/wp-json\/wp\/v2\/media?parent=10337"}],"curies":[{"name":"wp","href":"https:\/\/api.w.org\/{rel}","templated":true}]}}