{"id":10333,"date":"2016-01-28T20:17:47","date_gmt":"2016-01-28T19:17:47","guid":{"rendered":"http:\/\/skgd.pl\/?page_id=10333"},"modified":"2026-03-25T09:45:18","modified_gmt":"2026-03-25T08:45:18","slug":"konkurs-recytatorski-w-jezyku-niemieckim-mlodziez-recytuje-poezje","status":"publish","type":"page","link":"https:\/\/skgd.pl\/de\/dzialalnosc-kulturalno-oswiatowa\/dzialalnosc-oswiatowa-tskn\/konkurs-recytatorski-w-jezyku-niemieckim-mlodziez-recytuje-poezje\/","title":{"rendered":"Rezitationswettbewerb in deutscher Sprache \u201eJugend tr\u00e4gt Gedichte vor\u201c"},"content":{"rendered":"<p>[vc_row][vc_column width=&#8221;3\/4&#8243;][vc_column_text]<\/p>\n<p style=\"text-align: justify;\"><img loading=\"lazy\" decoding=\"async\" class=\"size-medium wp-image-21046 alignleft\" src=\"https:\/\/skgd.pl\/wp-content\/uploads\/2019\/06\/238-300x200.jpg\" alt=\"\" width=\"300\" height=\"200\" srcset=\"https:\/\/skgd.pl\/wp-content\/uploads\/2019\/06\/238-300x200.jpg 300w, https:\/\/skgd.pl\/wp-content\/uploads\/2019\/06\/238-600x400.jpg 600w, https:\/\/skgd.pl\/wp-content\/uploads\/2019\/06\/238-768x512.jpg 768w, https:\/\/skgd.pl\/wp-content\/uploads\/2019\/06\/238-1024x683.jpg 1024w, https:\/\/skgd.pl\/wp-content\/uploads\/2019\/06\/238-800x534.jpg 800w, https:\/\/skgd.pl\/wp-content\/uploads\/2019\/06\/238.jpg 1600w\" sizes=\"auto, (max-width: 300px) 100vw, 300px\" \/><\/p>\n<p style=\"text-align: justify;\"><strong>&nbsp;<\/strong><\/p>\n<p style=\"text-align: justify;\">Der Rezitationswettbewerb, gemessen an der Zahl der Teilnehmer, ist einer der gr\u00f6\u00dften SKGD-Projekte. Es ist ein hervorragendes Beispiel f\u00fcr die Arbeit der Organisation f\u00fcr die Region. Der Wettbewerb wird seit 1994 organisiert und findet in der Regel jedes Jahr auf vier Stufen statt: die Schulstufe, die Kommunalstufe, die Bezirksstufe&nbsp; und das Woiwodschaftsfinale.<\/p>\n<p style=\"text-align: justify;\">Der Zeitplan f\u00fcr den Wettbewerb:<\/p>\n<ul>\n<li>Schulebene &#8211; <strong>Januar\/Februar 2026<\/strong><\/li>\n<li>Am <strong>15.01.2026 um 17:00 Uhr findet eine Online-Schulung f\u00fcr Lehrer zum Thema<\/strong> \u201eWie man junge K\u00fcnstler bei der Vorbereitung auf eine Rezitation und w\u00e4hrend der Rezitation unterst\u00fctzt\u201d statt. Die Schulung wird von Frau Anna Graczyk durchgef\u00fchrt.<\/li>\n<\/ul>\n<p><a href=\"https:\/\/teams.microsoft.com\/l\/meetup-join\/19%3ameeting_YzU4ZjRlMzQtYmU1MS00NTczLWJmYmQtNzA3ZDE4N2JjNGI2%40thread.v2\/0?context=%7b%22Tid%22%3a%224d430686-3ad2-4919-b8ae-2fb829e1f2e6%22%2c%22Oid%22%3a%225e9342d9-1d2c-4154-b0ac-78f6886fddfb%22%7d\">Link zum Meeting<\/a><\/p>\n<p>Treffen-ID: 332 236 865 197 5<\/p>\n<p>Zugangscode: Gi6aj2d5<\/p>\n<ul>\n<li>Gemeindeebene &#8211; die Frist f\u00fcr die Einreichung der Protokolle der Gemeindeebene mit den ausgef\u00fcllten Vortragsbl\u00e4ttern, den Dokumenten f\u00fcr die Kreisebene qualifizierten Teilnehmern und den Erkl\u00e4rungen der Lehrkr\u00e4fte ist der <strong>20. M\u00e4rz 2026<\/strong>. Die Anmeldeformulare sind per E-Mail zu anzureichen unter: <strong><em>konkurs@skgd.pl<\/em><\/strong>. Die Ergebnisse der Gemeindeebene mit der Liste der f\u00fcr die Kreiseliminationen qualifizierten Personen werden auf der Website skgd.pl ver\u00f6ffentlicht.<\/li>\n<li>Kreisebene \u2013 eine speziell ernannte Jury bewertet die Rezitationen der Teilnehmer und w\u00e4hlt die Finalisten aus. Die Kreisebenen finden im <strong>April 2026<\/strong>&nbsp;statt (die genauen Daten sind in dem Wettbewerbsreglement angegeben). Die Ergebnisse der Kreisebenen werden auf der Website www.skgd.pl ver\u00f6ffentlicht.<\/li>\n<li><strong>Das Finale des Wettbewerbs findet am 2. Juni 2026 im Studentischen Kulturzentrum in Oppeln, Katowicka-Stra\u00dfe 95, um 9.30 Uhr statt.<\/strong><\/li>\n<\/ul>\n<p style=\"text-align: justify;\">Einzelheiten zum Wettbewerb finden Sie im Reglement (Datei zum Herunterladen auf der rechten Seite zu finden).<\/p>\n<p style=\"text-align: justify;\"><img loading=\"lazy\" decoding=\"async\" class=\"size-medium wp-image-21019 alignright\" src=\"https:\/\/skgd.pl\/wp-content\/uploads\/2019\/06\/117-300x200.jpg\" alt=\"\" width=\"300\" height=\"200\" srcset=\"https:\/\/skgd.pl\/wp-content\/uploads\/2019\/06\/117-300x200.jpg 300w, https:\/\/skgd.pl\/wp-content\/uploads\/2019\/06\/117-600x400.jpg 600w, https:\/\/skgd.pl\/wp-content\/uploads\/2019\/06\/117-768x512.jpg 768w, https:\/\/skgd.pl\/wp-content\/uploads\/2019\/06\/117-1024x683.jpg 1024w, https:\/\/skgd.pl\/wp-content\/uploads\/2019\/06\/117-800x534.jpg 800w, https:\/\/skgd.pl\/wp-content\/uploads\/2019\/06\/117.jpg 1600w\" sizes=\"auto, (max-width: 300px) 100vw, 300px\" \/><\/p>\n<p style=\"text-align: justify;\">Das Projekt wird seit vielen Jahren vom Ministerium f\u00fcr Inneres und Verwaltung in Warschau und vom Innenministerium der Bundesrepublik Deutschland, mittels des VDG finanziell unterst\u00fctzt.<\/p>\n<p>&nbsp;<\/p>\n<p>Wichtige Fragen:<\/p>\n<p>1) M\u00fcssen die Gedichte aus dem Kompendium ausgew\u00e4hlt werden?<\/p>\n<p>Die Auswahl der Gedichte ist frei. Das Kompendium ist lediglich eine Hilfe bei der Auswahl eines Gedichtes. Die Gedichte d\u00fcrfen keine \u00dcbersetzungen aus anderen Sprachen ins Deutsche sein.<\/p>\n<p>2) Was und wohin soll ich die Unterlagen der Teilnehmer nach der Schulebene schicken?<\/p>\n<p>Die ausgef\u00fcllten Unterlagen der Schulebene, wie das Protokoll, die Karte des Vorsprechers, die Karte des Teilnehmers und die Erkl\u00e4rung des Lehrers, m\u00fcssen innerhalb der in dem Reglement festgelegten Frist an die vom B\u00fcrgermeister gew\u00e4hlte Organisationsinstitution der Gemeindeebene geschickt werden.[\/vc_column_text][\/vc_column][vc_column width=&#8221;1\/4&#8243;][vc_column_text]<\/p>\n<section class=\"span3\" style=\"margin-top: -22px;\">\n<div class=\"col-left\">\n<div id=\"execphp-2\" class=\"widget m_bottom_25 widget_execphp\">\n<div class=\"execphpwidget\">\n<div id=\"archives-2\" class=\"widget widget_archive kontakt\" style=\"border-color: #1F97FF !important;\">\n<h4 class=\"h4 heading-h4\" style=\"margin-bottom: 0px;\"><a href=\"https:\/\/skgd.pl\/wp-content\/uploads\/2016\/01\/TSKN_KonkursRecytatorski_logo-3.jpg\" rel=\"attachment wp-att-10121\"><img loading=\"lazy\" decoding=\"async\" class=\"aligncenter wp-image-10121 size-thumbnail\" src=\"https:\/\/skgd.pl\/wp-content\/uploads\/2016\/01\/TSKN_KonkursRecytatorski_logo-3-150x150.jpg\" alt=\"TSKN_KonkursRecytatorski_logo-3\" width=\"150\" height=\"150\" srcset=\"https:\/\/skgd.pl\/wp-content\/uploads\/2016\/01\/TSKN_KonkursRecytatorski_logo-3-150x150.jpg 150w, https:\/\/skgd.pl\/wp-content\/uploads\/2016\/01\/TSKN_KonkursRecytatorski_logo-3-300x300.jpg 300w, https:\/\/skgd.pl\/wp-content\/uploads\/2016\/01\/TSKN_KonkursRecytatorski_logo-3-100x100.jpg 100w, https:\/\/skgd.pl\/wp-content\/uploads\/2016\/01\/TSKN_KonkursRecytatorski_logo-3-290x290.jpg 290w, https:\/\/skgd.pl\/wp-content\/uploads\/2016\/01\/TSKN_KonkursRecytatorski_logo-3-250x250.jpg 250w, https:\/\/skgd.pl\/wp-content\/uploads\/2016\/01\/TSKN_KonkursRecytatorski_logo-3-170x170.jpg 170w, https:\/\/skgd.pl\/wp-content\/uploads\/2016\/01\/TSKN_KonkursRecytatorski_logo-3-120x120.jpg 120w, https:\/\/skgd.pl\/wp-content\/uploads\/2016\/01\/TSKN_KonkursRecytatorski_logo-3-70x70.jpg 70w\" sizes=\"auto, (max-width: 150px) 100vw, 150px\" \/><\/a><\/h4>\n<h4 class=\"h4 heading-h4\" style=\"margin-bottom: 0px; text-align: center;\">Kontakt<\/h4>\n<p>Sabina Kawecka<\/p>\n<p>+ 48 77 402 10 76<\/p>\n<p>+48 506 432 595<\/p>\n<p><span><a href=\"mailto:sabina.kawecka@skgd.pl\">sabina.kawecka@skgd.pl<\/a><\/span><\/p>\n<p><a href=\"mailto:konkurs@skgd.pl\">konkurs@skgd.pl<\/a><\/p>\n<h4 class=\"h4 heading-h4\" style=\"margin-bottom: 20px; margin-top: 10px; text-align: center;\">Download<\/h4>\n<ul>\n<li>\n<h5><em><strong><a href=\"https:\/\/skgd.pl\/wp-content\/uploads\/2016\/01\/KOMPENDIA.zip\">KOMPENDIUM<\/a><\/strong><\/em><\/h5>\n<\/li>\n<li>\n<h5><em><strong><a href=\"https:\/\/skgd.pl\/wp-content\/uploads\/2025\/12\/oswiadczenie-nauczyciela-1.doc\">LEHRERBESCHEINIGUNG<\/a><\/strong><\/em><em><br \/>\n<\/em><\/h5>\n<\/li>\n<li><strong><a href=\"https:\/\/skgd.pl\/wp-content\/uploads\/2026\/01\/Regulamin-Konkurs-Recytatorski-2026.doc\">REGLEMNT DES WETTBEWERBS<\/a><\/strong><\/li>\n<li>\n<h5><strong><a href=\"https:\/\/skgd.pl\/wp-content\/uploads\/2025\/12\/karta-uczestnika-Konkurs-Recytatorski.doc\">ANMELDEFORMULAR DES TEILNEHMERS<\/a><\/strong><\/h5>\n<\/li>\n<li>\n<h5><strong><a href=\"https:\/\/skgd.pl\/wp-content\/uploads\/2025\/12\/protok_elim_podstawowe.doc\">PROTOKOLL DER SCHULEBENE<\/a><\/strong><\/h5>\n<\/li>\n<li>\n<h5><strong><a href=\"https:\/\/skgd.pl\/wp-content\/uploads\/2025\/12\/karta_recytatora.doc\">REZITATORENFORMULAR<\/a><\/strong><\/h5>\n<\/li>\n<li>\n<h5><span style=\"text-align: center; font-size: 16px;\"><\/span><a style=\"text-align: center; font-size: 16px;\" href=\"https:\/\/skgd.pl\/wp-content\/uploads\/2025\/12\/protok_elim_gminne.doc\">PROTOKOLL DER GEMEINDEEBENE<\/a><\/h5>\n<\/li>\n<\/ul>\n<h5 style=\"text-align: center;\"><span style=\"text-align: center; font-size: 16px;\">Finanzierung<\/span><\/h5>\n<p><img loading=\"lazy\" decoding=\"async\" class=\"size-medium wp-image-33664 aligncenter\" src=\"https:\/\/skgd.pl\/wp-content\/uploads\/2023\/11\/finansowanie-mswia-logo-2-300x79.png\" alt=\"\" width=\"300\" height=\"79\"><img loading=\"lazy\" decoding=\"async\" class=\"wp-image-37886 size-thumbnail aligncenter\" src=\"https:\/\/skgd.pl\/wp-content\/uploads\/2026\/03\/BMI-Logo-2026-150x150.png\" alt=\"\" width=\"150\" height=\"150\" srcset=\"https:\/\/skgd.pl\/wp-content\/uploads\/2026\/03\/BMI-Logo-2026-150x150.png 150w, https:\/\/skgd.pl\/wp-content\/uploads\/2026\/03\/BMI-Logo-2026-290x290.png 290w, https:\/\/skgd.pl\/wp-content\/uploads\/2026\/03\/BMI-Logo-2026-250x250.png 250w, https:\/\/skgd.pl\/wp-content\/uploads\/2026\/03\/BMI-Logo-2026-170x170.png 170w, https:\/\/skgd.pl\/wp-content\/uploads\/2026\/03\/BMI-Logo-2026-120x120.png 120w, https:\/\/skgd.pl\/wp-content\/uploads\/2026\/03\/BMI-Logo-2026-70x70.png 70w, https:\/\/skgd.pl\/wp-content\/uploads\/2026\/03\/BMI-Logo-2026-100x100.png 100w\" sizes=\"auto, (max-width: 150px) 100vw, 150px\" \/><\/p>\n<p>&nbsp;<\/p>\n<p style=\"text-align: center;\"><strong><img loading=\"lazy\" decoding=\"async\" class=\"alignnone wp-image-37896\" src=\"https:\/\/skgd.pl\/wp-content\/uploads\/2020\/10\/Logo_VDG_color_acronim_base-scaled-e1773127649701-300x190.jpg\" alt=\"\" width=\"115\" height=\"73\" srcset=\"https:\/\/skgd.pl\/wp-content\/uploads\/2020\/10\/Logo_VDG_color_acronim_base-scaled-e1773127649701-300x190.jpg 300w, https:\/\/skgd.pl\/wp-content\/uploads\/2020\/10\/Logo_VDG_color_acronim_base-scaled-e1773127649701-1024x650.jpg 1024w, https:\/\/skgd.pl\/wp-content\/uploads\/2020\/10\/Logo_VDG_color_acronim_base-scaled-e1773127649701-768x488.jpg 768w, https:\/\/skgd.pl\/wp-content\/uploads\/2020\/10\/Logo_VDG_color_acronim_base-scaled-e1773127649701-1536x975.jpg 1536w, https:\/\/skgd.pl\/wp-content\/uploads\/2020\/10\/Logo_VDG_color_acronim_base-scaled-e1773127649701-270x170.jpg 270w, https:\/\/skgd.pl\/wp-content\/uploads\/2020\/10\/Logo_VDG_color_acronim_base-scaled-e1773127649701-370x233.jpg 370w, https:\/\/skgd.pl\/wp-content\/uploads\/2020\/10\/Logo_VDG_color_acronim_base-scaled-e1773127649701-570x359.jpg 570w, https:\/\/skgd.pl\/wp-content\/uploads\/2020\/10\/Logo_VDG_color_acronim_base-scaled-e1773127649701-800x508.jpg 800w, https:\/\/skgd.pl\/wp-content\/uploads\/2020\/10\/Logo_VDG_color_acronim_base-scaled-e1773127649701-600x381.jpg 600w, https:\/\/skgd.pl\/wp-content\/uploads\/2020\/10\/Logo_VDG_color_acronim_base-scaled-e1773127649701.jpg 1882w\" sizes=\"auto, (max-width: 115px) 100vw, 115px\" \/><\/strong><\/p>\n<p style=\"text-align: center;\"><strong>Schirmherrschaft<\/strong><\/p>\n<p><img loading=\"lazy\" decoding=\"async\" class=\"alignnone wp-image-28853 aligncenter\" src=\"https:\/\/skgd.pl\/wp-content\/uploads\/2022\/03\/kuratorium-300x300.jpg\" alt=\"\" width=\"129\" height=\"129\" srcset=\"https:\/\/skgd.pl\/wp-content\/uploads\/2022\/03\/kuratorium-300x300.jpg 300w, https:\/\/skgd.pl\/wp-content\/uploads\/2022\/03\/kuratorium-100x100.jpg 100w, https:\/\/skgd.pl\/wp-content\/uploads\/2022\/03\/kuratorium-150x150.jpg 150w, https:\/\/skgd.pl\/wp-content\/uploads\/2022\/03\/kuratorium-290x290.jpg 290w, https:\/\/skgd.pl\/wp-content\/uploads\/2022\/03\/kuratorium-250x250.jpg 250w, https:\/\/skgd.pl\/wp-content\/uploads\/2022\/03\/kuratorium-170x170.jpg 170w, https:\/\/skgd.pl\/wp-content\/uploads\/2022\/03\/kuratorium-120x120.jpg 120w, https:\/\/skgd.pl\/wp-content\/uploads\/2022\/03\/kuratorium-70x70.jpg 70w, https:\/\/skgd.pl\/wp-content\/uploads\/2022\/03\/kuratorium.jpg 431w\" sizes=\"auto, (max-width: 129px) 100vw, 129px\" \/><\/p>\n<\/div>\n<\/div>\n<\/div>\n<\/div>\n<\/section>\n<p>[\/vc_column_text][\/vc_column][\/vc_row]<\/p>","protected":false},"excerpt":{"rendered":"<p>[vc_row][vc_column width=&#8221;3\/4&#8243;][vc_column_text] &nbsp; Der Rezitationswettbewerb, gemessen an der Zahl der Teilnehmer, ist einer der gr\u00f6\u00dften SKGD-Projekte. Es ist ein hervorragendes Beispiel f\u00fcr die Arbeit der Organisation f\u00fcr die Region. Der Wettbewerb wird seit 1994 organisiert und findet in der Regel jedes Jahr auf vier Stufen statt: die Schulstufe, die Kommunalstufe, die Bezirksstufe&nbsp; und das Woiwodschaftsfinale. [&hellip;]<\/p>\n","protected":false},"author":1,"featured_media":0,"parent":9337,"menu_order":29,"comment_status":"closed","ping_status":"closed","template":"","meta":{"footnotes":""},"class_list":["post-10333","page","type-page","status-publish","hentry"],"yoast_head":"<!-- This site is optimized with the Yoast SEO plugin v18.9 - https:\/\/yoast.com\/wordpress\/plugins\/seo\/ -->\n<title>Rezitationswettbewerb in deutscher Sprache \u201eJugend tr\u00e4gt Gedichte vor\u201c - Deutsche Minderheit, Sozial-Kulturelle Gesellschaft der Deutschen im Oppelner Schlesien<\/title>\n<meta name=\"robots\" content=\"index, follow, max-snippet:-1, max-image-preview:large, max-video-preview:-1\" \/>\n<link rel=\"canonical\" href=\"https:\/\/skgd.pl\/dzialalnosc-kulturalno-oswiatowa\/dzialalnosc-oswiatowa-tskn\/konkurs-recytatorski-w-jezyku-niemieckim-mlodziez-recytuje-poezje\/\" \/>\n<meta property=\"og:locale\" content=\"de_DE\" \/>\n<meta property=\"og:type\" content=\"article\" \/>\n<meta property=\"og:title\" content=\"Rezitationswettbewerb in deutscher Sprache \u201eJugend tr\u00e4gt Gedichte vor\u201c - Deutsche Minderheit, Sozial-Kulturelle Gesellschaft der Deutschen im Oppelner Schlesien\" \/>\n<meta property=\"og:description\" content=\"[vc_row][vc_column width=&#8221;3\/4&#8243;][vc_column_text] &nbsp; Der Rezitationswettbewerb, gemessen an der Zahl der Teilnehmer, ist einer der gr\u00f6\u00dften SKGD-Projekte. Es ist ein hervorragendes Beispiel f\u00fcr die Arbeit der Organisation f\u00fcr die Region. Der Wettbewerb wird seit 1994 organisiert und findet in der Regel jedes Jahr auf vier Stufen statt: die Schulstufe, die Kommunalstufe, die Bezirksstufe&nbsp; und das Woiwodschaftsfinale. [&hellip;]\" \/>\n<meta property=\"og:url\" content=\"https:\/\/skgd.pl\/dzialalnosc-kulturalno-oswiatowa\/dzialalnosc-oswiatowa-tskn\/konkurs-recytatorski-w-jezyku-niemieckim-mlodziez-recytuje-poezje\/\" \/>\n<meta property=\"og:site_name\" content=\"Deutsche Minderheit, Sozial-Kulturelle Gesellschaft der Deutschen im Oppelner Schlesien\" \/>\n<meta property=\"article:modified_time\" content=\"2026-03-25T08:45:18+00:00\" \/>\n<meta property=\"og:image\" content=\"https:\/\/skgd.pl\/wp-content\/uploads\/2019\/06\/238-300x200.jpg\" \/>\n<meta name=\"twitter:card\" content=\"summary_large_image\" \/>\n<meta name=\"twitter:label1\" content=\"Gesch\u00e4tzte Lesezeit\" \/>\n\t<meta name=\"twitter:data1\" content=\"4\u00a0Minuten\" \/>\n<script type=\"application\/ld+json\" class=\"yoast-schema-graph\">{\"@context\":\"https:\/\/schema.org\",\"@graph\":[{\"@type\":\"WebSite\",\"@id\":\"https:\/\/skgd.pl\/#website\",\"url\":\"https:\/\/skgd.pl\/\",\"name\":\"Deutsche Minderheit, Sozial-Kulturelle Gesellschaft der Deutschen im Oppelner Schlesien\",\"description\":\"Deutsche Minderheit in Polen\",\"potentialAction\":[{\"@type\":\"SearchAction\",\"target\":{\"@type\":\"EntryPoint\",\"urlTemplate\":\"https:\/\/skgd.pl\/?s={search_term_string}\"},\"query-input\":\"required name=search_term_string\"}],\"inLanguage\":\"de\"},{\"@type\":\"ImageObject\",\"inLanguage\":\"de\",\"@id\":\"https:\/\/skgd.pl\/dzialalnosc-kulturalno-oswiatowa\/dzialalnosc-oswiatowa-tskn\/konkurs-recytatorski-w-jezyku-niemieckim-mlodziez-recytuje-poezje\/#primaryimage\",\"url\":\"https:\/\/skgd.pl\/wp-content\/uploads\/2019\/06\/238.jpg\",\"contentUrl\":\"https:\/\/skgd.pl\/wp-content\/uploads\/2019\/06\/238.jpg\",\"width\":1600,\"height\":1067},{\"@type\":\"WebPage\",\"@id\":\"https:\/\/skgd.pl\/dzialalnosc-kulturalno-oswiatowa\/dzialalnosc-oswiatowa-tskn\/konkurs-recytatorski-w-jezyku-niemieckim-mlodziez-recytuje-poezje\/#webpage\",\"url\":\"https:\/\/skgd.pl\/dzialalnosc-kulturalno-oswiatowa\/dzialalnosc-oswiatowa-tskn\/konkurs-recytatorski-w-jezyku-niemieckim-mlodziez-recytuje-poezje\/\",\"name\":\"Rezitationswettbewerb in deutscher Sprache \u201eJugend tr\u00e4gt Gedichte vor\u201c - Deutsche Minderheit, Sozial-Kulturelle Gesellschaft der Deutschen im Oppelner Schlesien\",\"isPartOf\":{\"@id\":\"https:\/\/skgd.pl\/#website\"},\"primaryImageOfPage\":{\"@id\":\"https:\/\/skgd.pl\/dzialalnosc-kulturalno-oswiatowa\/dzialalnosc-oswiatowa-tskn\/konkurs-recytatorski-w-jezyku-niemieckim-mlodziez-recytuje-poezje\/#primaryimage\"},\"datePublished\":\"2016-01-28T19:17:47+00:00\",\"dateModified\":\"2026-03-25T08:45:18+00:00\",\"breadcrumb\":{\"@id\":\"https:\/\/skgd.pl\/dzialalnosc-kulturalno-oswiatowa\/dzialalnosc-oswiatowa-tskn\/konkurs-recytatorski-w-jezyku-niemieckim-mlodziez-recytuje-poezje\/#breadcrumb\"},\"inLanguage\":\"de\",\"potentialAction\":[{\"@type\":\"ReadAction\",\"target\":[\"https:\/\/skgd.pl\/dzialalnosc-kulturalno-oswiatowa\/dzialalnosc-oswiatowa-tskn\/konkurs-recytatorski-w-jezyku-niemieckim-mlodziez-recytuje-poezje\/\"]}]},{\"@type\":\"BreadcrumbList\",\"@id\":\"https:\/\/skgd.pl\/dzialalnosc-kulturalno-oswiatowa\/dzialalnosc-oswiatowa-tskn\/konkurs-recytatorski-w-jezyku-niemieckim-mlodziez-recytuje-poezje\/#breadcrumb\",\"itemListElement\":[{\"@type\":\"ListItem\",\"position\":1,\"name\":\"Strona g\u0142\u00f3wna\",\"item\":\"https:\/\/skgd.pl\/\"},{\"@type\":\"ListItem\",\"position\":2,\"name\":\"Dzia\u0142alno\u015b\u0107 kulturalno &#8211; o\u015bwiatowa\",\"item\":\"https:\/\/skgd.pl\/dzialalnosc-kulturalno-oswiatowa\/\"},{\"@type\":\"ListItem\",\"position\":3,\"name\":\"Dzia\u0142alno\u015b\u0107 o\u015bwiatowa TSKN\",\"item\":\"https:\/\/skgd.pl\/dzialalnosc-kulturalno-oswiatowa\/dzialalnosc-oswiatowa-tskn\/\"},{\"@type\":\"ListItem\",\"position\":4,\"name\":\"Konkurs recytatorski w j\u0119zyku niemieckim \u201eM\u0142odzie\u017c recytuje poezj\u0119\u201c\"}]}]}<\/script>\n<!-- \/ Yoast SEO plugin. -->","yoast_head_json":{"title":"Rezitationswettbewerb in deutscher Sprache \u201eJugend tr\u00e4gt Gedichte vor\u201c - Deutsche Minderheit, Sozial-Kulturelle Gesellschaft der Deutschen im Oppelner Schlesien","robots":{"index":"index","follow":"follow","max-snippet":"max-snippet:-1","max-image-preview":"max-image-preview:large","max-video-preview":"max-video-preview:-1"},"canonical":"https:\/\/skgd.pl\/dzialalnosc-kulturalno-oswiatowa\/dzialalnosc-oswiatowa-tskn\/konkurs-recytatorski-w-jezyku-niemieckim-mlodziez-recytuje-poezje\/","og_locale":"de_DE","og_type":"article","og_title":"Rezitationswettbewerb in deutscher Sprache \u201eJugend tr\u00e4gt Gedichte vor\u201c - Deutsche Minderheit, Sozial-Kulturelle Gesellschaft der Deutschen im Oppelner Schlesien","og_description":"[vc_row][vc_column width=&#8221;3\/4&#8243;][vc_column_text] &nbsp; Der Rezitationswettbewerb, gemessen an der Zahl der Teilnehmer, ist einer der gr\u00f6\u00dften SKGD-Projekte. Es ist ein hervorragendes Beispiel f\u00fcr die Arbeit der Organisation f\u00fcr die Region. Der Wettbewerb wird seit 1994 organisiert und findet in der Regel jedes Jahr auf vier Stufen statt: die Schulstufe, die Kommunalstufe, die Bezirksstufe&nbsp; und das Woiwodschaftsfinale. [&hellip;]","og_url":"https:\/\/skgd.pl\/dzialalnosc-kulturalno-oswiatowa\/dzialalnosc-oswiatowa-tskn\/konkurs-recytatorski-w-jezyku-niemieckim-mlodziez-recytuje-poezje\/","og_site_name":"Deutsche Minderheit, Sozial-Kulturelle Gesellschaft der Deutschen im Oppelner Schlesien","article_modified_time":"2026-03-25T08:45:18+00:00","og_image":[{"url":"https:\/\/skgd.pl\/wp-content\/uploads\/2019\/06\/238-300x200.jpg"}],"twitter_card":"summary_large_image","twitter_misc":{"Gesch\u00e4tzte Lesezeit":"4\u00a0Minuten"},"schema":{"@context":"https:\/\/schema.org","@graph":[{"@type":"WebSite","@id":"https:\/\/skgd.pl\/#website","url":"https:\/\/skgd.pl\/","name":"Deutsche Minderheit, Sozial-Kulturelle Gesellschaft der Deutschen im Oppelner Schlesien","description":"Deutsche Minderheit in Polen","potentialAction":[{"@type":"SearchAction","target":{"@type":"EntryPoint","urlTemplate":"https:\/\/skgd.pl\/?s={search_term_string}"},"query-input":"required name=search_term_string"}],"inLanguage":"de"},{"@type":"ImageObject","inLanguage":"de","@id":"https:\/\/skgd.pl\/dzialalnosc-kulturalno-oswiatowa\/dzialalnosc-oswiatowa-tskn\/konkurs-recytatorski-w-jezyku-niemieckim-mlodziez-recytuje-poezje\/#primaryimage","url":"https:\/\/skgd.pl\/wp-content\/uploads\/2019\/06\/238.jpg","contentUrl":"https:\/\/skgd.pl\/wp-content\/uploads\/2019\/06\/238.jpg","width":1600,"height":1067},{"@type":"WebPage","@id":"https:\/\/skgd.pl\/dzialalnosc-kulturalno-oswiatowa\/dzialalnosc-oswiatowa-tskn\/konkurs-recytatorski-w-jezyku-niemieckim-mlodziez-recytuje-poezje\/#webpage","url":"https:\/\/skgd.pl\/dzialalnosc-kulturalno-oswiatowa\/dzialalnosc-oswiatowa-tskn\/konkurs-recytatorski-w-jezyku-niemieckim-mlodziez-recytuje-poezje\/","name":"Rezitationswettbewerb in deutscher Sprache \u201eJugend tr\u00e4gt Gedichte vor\u201c - Deutsche Minderheit, Sozial-Kulturelle Gesellschaft der Deutschen im Oppelner Schlesien","isPartOf":{"@id":"https:\/\/skgd.pl\/#website"},"primaryImageOfPage":{"@id":"https:\/\/skgd.pl\/dzialalnosc-kulturalno-oswiatowa\/dzialalnosc-oswiatowa-tskn\/konkurs-recytatorski-w-jezyku-niemieckim-mlodziez-recytuje-poezje\/#primaryimage"},"datePublished":"2016-01-28T19:17:47+00:00","dateModified":"2026-03-25T08:45:18+00:00","breadcrumb":{"@id":"https:\/\/skgd.pl\/dzialalnosc-kulturalno-oswiatowa\/dzialalnosc-oswiatowa-tskn\/konkurs-recytatorski-w-jezyku-niemieckim-mlodziez-recytuje-poezje\/#breadcrumb"},"inLanguage":"de","potentialAction":[{"@type":"ReadAction","target":["https:\/\/skgd.pl\/dzialalnosc-kulturalno-oswiatowa\/dzialalnosc-oswiatowa-tskn\/konkurs-recytatorski-w-jezyku-niemieckim-mlodziez-recytuje-poezje\/"]}]},{"@type":"BreadcrumbList","@id":"https:\/\/skgd.pl\/dzialalnosc-kulturalno-oswiatowa\/dzialalnosc-oswiatowa-tskn\/konkurs-recytatorski-w-jezyku-niemieckim-mlodziez-recytuje-poezje\/#breadcrumb","itemListElement":[{"@type":"ListItem","position":1,"name":"Strona g\u0142\u00f3wna","item":"https:\/\/skgd.pl\/"},{"@type":"ListItem","position":2,"name":"Dzia\u0142alno\u015b\u0107 kulturalno &#8211; o\u015bwiatowa","item":"https:\/\/skgd.pl\/dzialalnosc-kulturalno-oswiatowa\/"},{"@type":"ListItem","position":3,"name":"Dzia\u0142alno\u015b\u0107 o\u015bwiatowa TSKN","item":"https:\/\/skgd.pl\/dzialalnosc-kulturalno-oswiatowa\/dzialalnosc-oswiatowa-tskn\/"},{"@type":"ListItem","position":4,"name":"Konkurs recytatorski w j\u0119zyku niemieckim \u201eM\u0142odzie\u017c recytuje poezj\u0119\u201c"}]}]}},"_links":{"self":[{"href":"https:\/\/skgd.pl\/de\/wp-json\/wp\/v2\/pages\/10333","targetHints":{"allow":["GET"]}}],"collection":[{"href":"https:\/\/skgd.pl\/de\/wp-json\/wp\/v2\/pages"}],"about":[{"href":"https:\/\/skgd.pl\/de\/wp-json\/wp\/v2\/types\/page"}],"author":[{"embeddable":true,"href":"https:\/\/skgd.pl\/de\/wp-json\/wp\/v2\/users\/1"}],"replies":[{"embeddable":true,"href":"https:\/\/skgd.pl\/de\/wp-json\/wp\/v2\/comments?post=10333"}],"version-history":[{"count":111,"href":"https:\/\/skgd.pl\/de\/wp-json\/wp\/v2\/pages\/10333\/revisions"}],"predecessor-version":[{"id":37949,"href":"https:\/\/skgd.pl\/de\/wp-json\/wp\/v2\/pages\/10333\/revisions\/37949"}],"up":[{"embeddable":true,"href":"https:\/\/skgd.pl\/de\/wp-json\/wp\/v2\/pages\/9337"}],"wp:attachment":[{"href":"https:\/\/skgd.pl\/de\/wp-json\/wp\/v2\/media?parent=10333"}],"curies":[{"name":"wp","href":"https:\/\/api.w.org\/{rel}","templated":true}]}}