{"id":10328,"date":"2016-01-28T20:14:49","date_gmt":"2016-01-28T19:14:49","guid":{"rendered":"http:\/\/skgd.pl\/?page_id=10328"},"modified":"2025-10-01T10:49:42","modified_gmt":"2025-10-01T08:49:42","slug":"dni-kultury-niemieckiej-na-slasku-opolskim","status":"publish","type":"page","link":"https:\/\/skgd.pl\/de\/dzialalnosc-kulturalno-oswiatowa\/dni-kultury-niemieckiej-na-slasku-opolskim\/","title":{"rendered":"Deutsche Kulturtage im Oppelner Schlesien"},"content":{"rendered":"<p>[vc_row][vc_column width=&#8221;3\/4&#8243;][vc_column_text]<\/p>\n<p style=\"text-align: justify;\">Es ist das gr\u00f6\u00dfte Kulturprojekt der SKGD \u2013 eigentlich ein Zyklus von kulturellen Ereignissen- dessen Ziel Intergration und St\u00e4rkung der deutschen Sprache im Oppelner Schlesien ist. Diese Kulturtage werden seit 2004 ab Mitte Oktober bis Mitte November organisiert. In dieser Zeit lenken wichtigere kulturelle Institutionen im Oppelner Schlesien und Organisationen der deutschen Minderheit ihre Aufmerksamkeit auf das k\u00fcnstlerische Wirken deutscher und <a href=\"https:\/\/skgd.pl\/wp-content\/uploads\/2016\/01\/MG_7938.jpg\" rel=\"attachment wp-att-10454\"><img loading=\"lazy\" decoding=\"async\" class=\"size-medium wp-image-10454 alignright\" src=\"https:\/\/skgd.pl\/wp-content\/uploads\/2016\/01\/MG_7938-300x200.jpg\" alt=\"_MG_7938\" width=\"300\" height=\"200\" srcset=\"https:\/\/skgd.pl\/wp-content\/uploads\/2016\/01\/MG_7938-300x200.jpg 300w, https:\/\/skgd.pl\/wp-content\/uploads\/2016\/01\/MG_7938-600x400.jpg 600w, https:\/\/skgd.pl\/wp-content\/uploads\/2016\/01\/MG_7938-768x512.jpg 768w, https:\/\/skgd.pl\/wp-content\/uploads\/2016\/01\/MG_7938-1024x682.jpg 1024w, https:\/\/skgd.pl\/wp-content\/uploads\/2016\/01\/MG_7938-800x533.jpg 800w, https:\/\/skgd.pl\/wp-content\/uploads\/2016\/01\/MG_7938.jpg 2000w\" sizes=\"auto, (max-width: 300px) 100vw, 300px\" \/><\/a>schlesischer Autoren, Komponisten und K\u00fcnstler. Dazu z\u00e4hlen u.a. die \u00d6ffentliche Woiwodschaftsbibliotken, die \u00d6sterreich-Bibliothek, die Oppelner Philharmonie, das Jan-Kochanowski-Theater in Oppeln, Das Oppelner Puppentheater, der Bund der Jugend der Deutschen Minderheit, die Deutsch-Polnische Caritas-Bibliothek sowie das Institut f\u00fcr Auslandsbeziehungen (IFA) aus Stuttgart.<\/p>\n<p style=\"text-align: justify;\">Ziele des Projekts:<\/p>\n<ul style=\"text-align: justify;\">\n<li>Ann\u00e4herung der Bewohner des Oppelner Schlesiens und G\u00e4ste an die deutsche Kultur und Kultur der deutschen Minderheit<\/li>\n<li>St\u00e4rkung der deutschen Identit\u00e4t<\/li>\n<li>Pr\u00e4sentation der deutschen Minderheit als Botschafter deutscher Kultur<\/li>\n<\/ul>\n<p style=\"text-align: justify;\">Deutsche Kulturtage finden unter Schirmherrschaft des Konsuls der Bundesrepublik Deutschland in Oppeln und des Marshalls der Woiwodschaft Oppeln. Im Rahmen der Deutschen Kulturtage finden Konzerte, Ausstellungen, Vorlesungen, Theatervorstellungen, Filmvorf\u00fchrungen, Workshops u.\u00e4. statt. An allen Ereignissen nehmen einige tausend Menschen im verschiedenen Alter jedes Jahr teil: Kinder, Jugendliche und auch Erwachsene. Tausende Bewohner der Woiwodschaft Oppeln werden laufend in den Medien \u00fcber die Deutschen Kulturtage im Oppelner Schlesien informiert.<\/p>\n<p style=\"text-align: justify;\">Dank diesem Projekt \u00fcbernimmt die SKGD die Rolle des Botschafters der deutschen Kultur. Sie spricht nicht nur \u00fcber Kultur, diese selbst spricht \u00fcber Bilder, Literatur und Musik das Publikum an. Wir hoffen, dass die Teilnehmer der Ereignisse, dank der Begegnung mit Kunst, Deutschland und uns unter dem Gesichtspunkt der Kultur betrachten. Wir rechnen damit, dass dank den Deutschen Kulturtagen die Bewohner der Woiwodschaft Oppeln und zahlreiche G\u00e4ste das deutsche Kulturerbe dieser Region als eines der sch\u00f6neren Z\u00fcge dieser facettenreichen Kulturlandschaft des Oppelner Schlesiens anerkennen.<\/p>\n<p style=\"text-align: justify;\">Das Projekt wird seit Jahren vom Konsulat der Bundesrepublik Deutschland in Oppeln, Marshallamt der Woiwodschaft Oppeln und Sponsoren unterst\u00fctzt.<\/p>\n<p>[\/vc_column_text][\/vc_column][vc_column width=&#8221;1\/4&#8243;][vc_column_text]<\/p>\n<section class=\"span3\" style=\"margin-top: -22px;\">\n<div class=\"col-left\">\n<div id=\"execphp-2\" class=\"widget m_bottom_25 widget_execphp\">\n<div class=\"execphpwidget\">\n<div id=\"archives-2\" class=\"widget widget_archive kontakt\" style=\"border-color: #1F97FF !important;\">\n<h4 class=\"h4 heading-h4\" style=\"margin-bottom: 0px; text-align: center;\">&nbsp;<\/h4>\n<div class=\"kontakt\">\n<h4 class=\"h4 heading-h4\" style=\"margin-bottom: 0px; text-align: center;\">&nbsp;<\/h4>\n<h4 class=\"h4 heading-h4\" style=\"margin-bottom: 0px; text-align: center;\"><img loading=\"lazy\" decoding=\"async\" class=\"alignnone size-medium wp-image-34980\" src=\"https:\/\/skgd.pl\/wp-content\/uploads\/2024\/09\/21DniKultury_logo_podstawowe-225x300.png\" alt=\"\" width=\"225\" height=\"300\" srcset=\"https:\/\/skgd.pl\/wp-content\/uploads\/2024\/09\/21DniKultury_logo_podstawowe-225x300.png 225w, https:\/\/skgd.pl\/wp-content\/uploads\/2024\/09\/21DniKultury_logo_podstawowe-600x800.png 600w, https:\/\/skgd.pl\/wp-content\/uploads\/2024\/09\/21DniKultury_logo_podstawowe-768x1023.png 768w, https:\/\/skgd.pl\/wp-content\/uploads\/2024\/09\/21DniKultury_logo_podstawowe-1153x1536.png 1153w, https:\/\/skgd.pl\/wp-content\/uploads\/2024\/09\/21DniKultury_logo_podstawowe-800x1066.png 800w, https:\/\/skgd.pl\/wp-content\/uploads\/2024\/09\/21DniKultury_logo_podstawowe.png 1407w\" sizes=\"auto, (max-width: 225px) 100vw, 225px\" \/><\/h4>\n<h4 class=\"h4 heading-h4\" style=\"margin-bottom: 0px; text-align: center;\">Kontakt<\/h4>\n<div class=\"kontakt\">\n<p>Sabina Kawecka<\/p>\n<p>sabina.kawecka@skgd.pl<\/p>\n<\/div>\n<p>Tel. +48 77 402 10 76<\/p>\n<\/div>\n<h4 class=\"h4 heading-h4\" style=\"margin-bottom: 20px; margin-top: 10px; text-align: center;\">Download<\/h4>\n<ul>\n<li class=\"h4 heading-h4\" style=\"text-align: left;\"><a href=\"https:\/\/skgd.pl\/wp-content\/uploads\/2024\/09\/21DniKultury_ProgramA3-1.pdf\">21. Deutsche Kulturtage Programm<\/a><\/li>\n<\/ul>\n<p style=\"text-align: center;\"><strong>Finanzierung<\/strong><\/p>\n<p><img decoding=\"async\" class=\"aligncenter\" src=\"https:\/\/skgd.pl\/wp-content\/uploads\/2016\/01\/Konsulat.png\" alt=\"Konsulat\"><\/p>\n<p><img loading=\"lazy\" decoding=\"async\" class=\"alignnone size-full wp-image-10124 aligncenter\" src=\"https:\/\/skgd.pl\/wp-content\/uploads\/2016\/01\/5-UMWO-1.png\" alt=\"\" width=\"217\" height=\"120\"><\/p>\n<p><img loading=\"lazy\" decoding=\"async\" class=\"size-medium wp-image-33182 aligncenter\" src=\"https:\/\/skgd.pl\/wp-content\/uploads\/2023\/09\/LOGO-OPOLA-KOLOR_cmyk-300x163.jpg\" alt=\"\" width=\"300\" height=\"163\" srcset=\"https:\/\/skgd.pl\/wp-content\/uploads\/2023\/09\/LOGO-OPOLA-KOLOR_cmyk-300x163.jpg 300w, https:\/\/skgd.pl\/wp-content\/uploads\/2023\/09\/LOGO-OPOLA-KOLOR_cmyk-600x327.jpg 600w, https:\/\/skgd.pl\/wp-content\/uploads\/2023\/09\/LOGO-OPOLA-KOLOR_cmyk-1024x558.jpg 1024w, https:\/\/skgd.pl\/wp-content\/uploads\/2023\/09\/LOGO-OPOLA-KOLOR_cmyk-768x418.jpg 768w, https:\/\/skgd.pl\/wp-content\/uploads\/2023\/09\/LOGO-OPOLA-KOLOR_cmyk-1536x837.jpg 1536w, https:\/\/skgd.pl\/wp-content\/uploads\/2023\/09\/LOGO-OPOLA-KOLOR_cmyk-2048x1116.jpg 2048w, https:\/\/skgd.pl\/wp-content\/uploads\/2023\/09\/LOGO-OPOLA-KOLOR_cmyk-800x436.jpg 800w\" sizes=\"auto, (max-width: 300px) 100vw, 300px\" \/><\/p>\n<\/div>\n<\/div>\n<\/div>\n<\/div>\n<\/section>\n<p>[\/vc_column_text][\/vc_column][\/vc_row]<\/p>","protected":false},"excerpt":{"rendered":"<p>[vc_row][vc_column width=&#8221;3\/4&#8243;][vc_column_text] Es ist das gr\u00f6\u00dfte Kulturprojekt der SKGD \u2013 eigentlich ein Zyklus von kulturellen Ereignissen- dessen Ziel Intergration und St\u00e4rkung der deutschen Sprache im Oppelner Schlesien ist. Diese Kulturtage werden seit 2004 ab Mitte Oktober bis Mitte November organisiert. In dieser Zeit lenken wichtigere kulturelle Institutionen im Oppelner Schlesien und Organisationen der deutschen Minderheit [&hellip;]<\/p>\n","protected":false},"author":1,"featured_media":0,"parent":9331,"menu_order":31,"comment_status":"closed","ping_status":"closed","template":"","meta":{"footnotes":""},"class_list":["post-10328","page","type-page","status-publish","hentry"],"yoast_head":"<!-- This site is optimized with the Yoast SEO plugin v18.9 - https:\/\/yoast.com\/wordpress\/plugins\/seo\/ -->\n<title>Deutsche Kulturtage im Oppelner Schlesien - Deutsche Minderheit, Sozial-Kulturelle Gesellschaft der Deutschen im Oppelner Schlesien<\/title>\n<meta name=\"robots\" content=\"index, follow, max-snippet:-1, max-image-preview:large, max-video-preview:-1\" \/>\n<link rel=\"canonical\" href=\"https:\/\/skgd.pl\/dzialalnosc-kulturalno-oswiatowa\/dni-kultury-niemieckiej-na-slasku-opolskim\/\" \/>\n<meta property=\"og:locale\" content=\"de_DE\" \/>\n<meta property=\"og:type\" content=\"article\" \/>\n<meta property=\"og:title\" content=\"Deutsche Kulturtage im Oppelner Schlesien - Deutsche Minderheit, Sozial-Kulturelle Gesellschaft der Deutschen im Oppelner Schlesien\" \/>\n<meta property=\"og:description\" content=\"[vc_row][vc_column width=&#8221;3\/4&#8243;][vc_column_text] Es ist das gr\u00f6\u00dfte Kulturprojekt der SKGD \u2013 eigentlich ein Zyklus von kulturellen Ereignissen- dessen Ziel Intergration und St\u00e4rkung der deutschen Sprache im Oppelner Schlesien ist. Diese Kulturtage werden seit 2004 ab Mitte Oktober bis Mitte November organisiert. In dieser Zeit lenken wichtigere kulturelle Institutionen im Oppelner Schlesien und Organisationen der deutschen Minderheit [&hellip;]\" \/>\n<meta property=\"og:url\" content=\"https:\/\/skgd.pl\/dzialalnosc-kulturalno-oswiatowa\/dni-kultury-niemieckiej-na-slasku-opolskim\/\" \/>\n<meta property=\"og:site_name\" content=\"Deutsche Minderheit, Sozial-Kulturelle Gesellschaft der Deutschen im Oppelner Schlesien\" \/>\n<meta property=\"article:modified_time\" content=\"2025-10-01T08:49:42+00:00\" \/>\n<meta property=\"og:image\" content=\"https:\/\/skgd.pl\/wp-content\/uploads\/2016\/01\/MG_7938-300x200.jpg\" \/>\n<meta name=\"twitter:card\" content=\"summary_large_image\" \/>\n<meta name=\"twitter:label1\" content=\"Gesch\u00e4tzte Lesezeit\" \/>\n\t<meta name=\"twitter:data1\" content=\"3\u00a0Minuten\" \/>\n<script type=\"application\/ld+json\" class=\"yoast-schema-graph\">{\"@context\":\"https:\/\/schema.org\",\"@graph\":[{\"@type\":\"WebSite\",\"@id\":\"https:\/\/skgd.pl\/#website\",\"url\":\"https:\/\/skgd.pl\/\",\"name\":\"Deutsche Minderheit, Sozial-Kulturelle Gesellschaft der Deutschen im Oppelner Schlesien\",\"description\":\"Deutsche Minderheit in Polen\",\"potentialAction\":[{\"@type\":\"SearchAction\",\"target\":{\"@type\":\"EntryPoint\",\"urlTemplate\":\"https:\/\/skgd.pl\/?s={search_term_string}\"},\"query-input\":\"required name=search_term_string\"}],\"inLanguage\":\"de\"},{\"@type\":\"ImageObject\",\"inLanguage\":\"de\",\"@id\":\"https:\/\/skgd.pl\/dzialalnosc-kulturalno-oswiatowa\/dni-kultury-niemieckiej-na-slasku-opolskim\/#primaryimage\",\"url\":\"https:\/\/skgd.pl\/wp-content\/uploads\/2016\/01\/MG_7938.jpg\",\"contentUrl\":\"https:\/\/skgd.pl\/wp-content\/uploads\/2016\/01\/MG_7938.jpg\",\"width\":2000,\"height\":1333},{\"@type\":\"WebPage\",\"@id\":\"https:\/\/skgd.pl\/dzialalnosc-kulturalno-oswiatowa\/dni-kultury-niemieckiej-na-slasku-opolskim\/#webpage\",\"url\":\"https:\/\/skgd.pl\/dzialalnosc-kulturalno-oswiatowa\/dni-kultury-niemieckiej-na-slasku-opolskim\/\",\"name\":\"Deutsche Kulturtage im Oppelner Schlesien - Deutsche Minderheit, Sozial-Kulturelle Gesellschaft der Deutschen im Oppelner Schlesien\",\"isPartOf\":{\"@id\":\"https:\/\/skgd.pl\/#website\"},\"primaryImageOfPage\":{\"@id\":\"https:\/\/skgd.pl\/dzialalnosc-kulturalno-oswiatowa\/dni-kultury-niemieckiej-na-slasku-opolskim\/#primaryimage\"},\"datePublished\":\"2016-01-28T19:14:49+00:00\",\"dateModified\":\"2025-10-01T08:49:42+00:00\",\"breadcrumb\":{\"@id\":\"https:\/\/skgd.pl\/dzialalnosc-kulturalno-oswiatowa\/dni-kultury-niemieckiej-na-slasku-opolskim\/#breadcrumb\"},\"inLanguage\":\"de\",\"potentialAction\":[{\"@type\":\"ReadAction\",\"target\":[\"https:\/\/skgd.pl\/dzialalnosc-kulturalno-oswiatowa\/dni-kultury-niemieckiej-na-slasku-opolskim\/\"]}]},{\"@type\":\"BreadcrumbList\",\"@id\":\"https:\/\/skgd.pl\/dzialalnosc-kulturalno-oswiatowa\/dni-kultury-niemieckiej-na-slasku-opolskim\/#breadcrumb\",\"itemListElement\":[{\"@type\":\"ListItem\",\"position\":1,\"name\":\"Strona g\u0142\u00f3wna\",\"item\":\"https:\/\/skgd.pl\/\"},{\"@type\":\"ListItem\",\"position\":2,\"name\":\"Dzia\u0142alno\u015b\u0107 kulturalno &#8211; o\u015bwiatowa\",\"item\":\"https:\/\/skgd.pl\/dzialalnosc-kulturalno-oswiatowa\/\"},{\"@type\":\"ListItem\",\"position\":3,\"name\":\"Dni Kultury Niemieckiej na \u015al\u0105sku Opolskim\"}]}]}<\/script>\n<!-- \/ Yoast SEO plugin. -->","yoast_head_json":{"title":"Deutsche Kulturtage im Oppelner Schlesien - Deutsche Minderheit, Sozial-Kulturelle Gesellschaft der Deutschen im Oppelner Schlesien","robots":{"index":"index","follow":"follow","max-snippet":"max-snippet:-1","max-image-preview":"max-image-preview:large","max-video-preview":"max-video-preview:-1"},"canonical":"https:\/\/skgd.pl\/dzialalnosc-kulturalno-oswiatowa\/dni-kultury-niemieckiej-na-slasku-opolskim\/","og_locale":"de_DE","og_type":"article","og_title":"Deutsche Kulturtage im Oppelner Schlesien - Deutsche Minderheit, Sozial-Kulturelle Gesellschaft der Deutschen im Oppelner Schlesien","og_description":"[vc_row][vc_column width=&#8221;3\/4&#8243;][vc_column_text] Es ist das gr\u00f6\u00dfte Kulturprojekt der SKGD \u2013 eigentlich ein Zyklus von kulturellen Ereignissen- dessen Ziel Intergration und St\u00e4rkung der deutschen Sprache im Oppelner Schlesien ist. Diese Kulturtage werden seit 2004 ab Mitte Oktober bis Mitte November organisiert. In dieser Zeit lenken wichtigere kulturelle Institutionen im Oppelner Schlesien und Organisationen der deutschen Minderheit [&hellip;]","og_url":"https:\/\/skgd.pl\/dzialalnosc-kulturalno-oswiatowa\/dni-kultury-niemieckiej-na-slasku-opolskim\/","og_site_name":"Deutsche Minderheit, Sozial-Kulturelle Gesellschaft der Deutschen im Oppelner Schlesien","article_modified_time":"2025-10-01T08:49:42+00:00","og_image":[{"url":"https:\/\/skgd.pl\/wp-content\/uploads\/2016\/01\/MG_7938-300x200.jpg"}],"twitter_card":"summary_large_image","twitter_misc":{"Gesch\u00e4tzte Lesezeit":"3\u00a0Minuten"},"schema":{"@context":"https:\/\/schema.org","@graph":[{"@type":"WebSite","@id":"https:\/\/skgd.pl\/#website","url":"https:\/\/skgd.pl\/","name":"Deutsche Minderheit, Sozial-Kulturelle Gesellschaft der Deutschen im Oppelner Schlesien","description":"Deutsche Minderheit in Polen","potentialAction":[{"@type":"SearchAction","target":{"@type":"EntryPoint","urlTemplate":"https:\/\/skgd.pl\/?s={search_term_string}"},"query-input":"required name=search_term_string"}],"inLanguage":"de"},{"@type":"ImageObject","inLanguage":"de","@id":"https:\/\/skgd.pl\/dzialalnosc-kulturalno-oswiatowa\/dni-kultury-niemieckiej-na-slasku-opolskim\/#primaryimage","url":"https:\/\/skgd.pl\/wp-content\/uploads\/2016\/01\/MG_7938.jpg","contentUrl":"https:\/\/skgd.pl\/wp-content\/uploads\/2016\/01\/MG_7938.jpg","width":2000,"height":1333},{"@type":"WebPage","@id":"https:\/\/skgd.pl\/dzialalnosc-kulturalno-oswiatowa\/dni-kultury-niemieckiej-na-slasku-opolskim\/#webpage","url":"https:\/\/skgd.pl\/dzialalnosc-kulturalno-oswiatowa\/dni-kultury-niemieckiej-na-slasku-opolskim\/","name":"Deutsche Kulturtage im Oppelner Schlesien - Deutsche Minderheit, Sozial-Kulturelle Gesellschaft der Deutschen im Oppelner Schlesien","isPartOf":{"@id":"https:\/\/skgd.pl\/#website"},"primaryImageOfPage":{"@id":"https:\/\/skgd.pl\/dzialalnosc-kulturalno-oswiatowa\/dni-kultury-niemieckiej-na-slasku-opolskim\/#primaryimage"},"datePublished":"2016-01-28T19:14:49+00:00","dateModified":"2025-10-01T08:49:42+00:00","breadcrumb":{"@id":"https:\/\/skgd.pl\/dzialalnosc-kulturalno-oswiatowa\/dni-kultury-niemieckiej-na-slasku-opolskim\/#breadcrumb"},"inLanguage":"de","potentialAction":[{"@type":"ReadAction","target":["https:\/\/skgd.pl\/dzialalnosc-kulturalno-oswiatowa\/dni-kultury-niemieckiej-na-slasku-opolskim\/"]}]},{"@type":"BreadcrumbList","@id":"https:\/\/skgd.pl\/dzialalnosc-kulturalno-oswiatowa\/dni-kultury-niemieckiej-na-slasku-opolskim\/#breadcrumb","itemListElement":[{"@type":"ListItem","position":1,"name":"Strona g\u0142\u00f3wna","item":"https:\/\/skgd.pl\/"},{"@type":"ListItem","position":2,"name":"Dzia\u0142alno\u015b\u0107 kulturalno &#8211; o\u015bwiatowa","item":"https:\/\/skgd.pl\/dzialalnosc-kulturalno-oswiatowa\/"},{"@type":"ListItem","position":3,"name":"Dni Kultury Niemieckiej na \u015al\u0105sku Opolskim"}]}]}},"_links":{"self":[{"href":"https:\/\/skgd.pl\/de\/wp-json\/wp\/v2\/pages\/10328","targetHints":{"allow":["GET"]}}],"collection":[{"href":"https:\/\/skgd.pl\/de\/wp-json\/wp\/v2\/pages"}],"about":[{"href":"https:\/\/skgd.pl\/de\/wp-json\/wp\/v2\/types\/page"}],"author":[{"embeddable":true,"href":"https:\/\/skgd.pl\/de\/wp-json\/wp\/v2\/users\/1"}],"replies":[{"embeddable":true,"href":"https:\/\/skgd.pl\/de\/wp-json\/wp\/v2\/comments?post=10328"}],"version-history":[{"count":31,"href":"https:\/\/skgd.pl\/de\/wp-json\/wp\/v2\/pages\/10328\/revisions"}],"predecessor-version":[{"id":37068,"href":"https:\/\/skgd.pl\/de\/wp-json\/wp\/v2\/pages\/10328\/revisions\/37068"}],"up":[{"embeddable":true,"href":"https:\/\/skgd.pl\/de\/wp-json\/wp\/v2\/pages\/9331"}],"wp:attachment":[{"href":"https:\/\/skgd.pl\/de\/wp-json\/wp\/v2\/media?parent=10328"}],"curies":[{"name":"wp","href":"https:\/\/api.w.org\/{rel}","templated":true}]}}