{"id":10183,"date":"2016-01-25T09:32:57","date_gmt":"2016-01-25T08:32:57","guid":{"rendered":"http:\/\/skgd.pl\/?page_id=10183"},"modified":"2019-02-28T10:42:14","modified_gmt":"2019-02-28T09:42:14","slug":"radni-powiatowi","status":"publish","type":"page","link":"https:\/\/skgd.pl\/de\/dzialalnosc-polityczno-spoleczna\/aktywnosc-polityczna\/udzial-w-wyborach-samorzadowych\/radni-powiatowi\/","title":{"rendered":"Ratsmitglieder der Kreisr\u00e4te"},"content":{"rendered":"<p>[vc_row][vc_column][vc_column_text]<\/p>\n<table class=\"minimalistBlack\">\n<thead>\n<tr>\n<th>Powiat<\/th>\n<th>Funkcja\/urz\u0105d<\/th>\n<th>Imi\u0119<\/th>\n<th>Nazwisko<\/th>\n<\/tr>\n<\/thead>\n<tbody>\n<tr>\n<td class=\"v_td_price\">POWIAT K\u0118DZIERZYN-KO\u0179LE \/ KREIS KANDRZIN-COSEL<\/td>\n<td>&nbsp;<\/td>\n<td>&nbsp;<\/td>\n<td>&nbsp;<\/td>\n<\/tr>\n<tr>\n<td rowspan=\"6\">&nbsp;<\/td>\n<td>Przewodnicz\u0105ca Rady Powiatu<\/td>\n<td>Danuta<\/td>\n<td>Wr\u00f3bel<\/td>\n<\/tr>\n<tr>\n<td>Radny Powiatu K-Kozielskiego<\/td>\n<td>Alojzy<\/td>\n<td>Parys<\/td>\n<\/tr>\n<tr>\n<td>Radny Powiatu K-Kozielskiego<\/td>\n<td>Ireneusz<\/td>\n<td>Smal<\/td>\n<\/tr>\n<tr>\n<td>Wicesatorsta K-Kozielski<\/td>\n<td>J\u00f3zef<\/td>\n<td>Gisman<\/td>\n<\/tr>\n<tr>\n<td>Radny Powiatu K-Kozielskiego &#8211; Cz\u0142onek Zarz\u0105du<\/td>\n<td>Marian<\/td>\n<td>Wojciechowski<\/td>\n<\/tr>\n<tr>\n<td>Radna Powiatu K-Kozielskiego<\/td>\n<td>Barbara<\/td>\n<td>Wo\u0142owska<\/td>\n<\/tr>\n<tr>\n<td>POWIAT KRAPKOWICE \/ KREIS KRAPPITZ<\/td>\n<td>&nbsp;<\/td>\n<td>&nbsp;<\/td>\n<td>&nbsp;<\/td>\n<\/tr>\n<tr>\n<td rowspan=\"7\">&nbsp;<\/td>\n<td>Radna Powiatu Krapkowickiego<\/td>\n<td>Kinga<\/td>\n<td>Kaptur<\/td>\n<\/tr>\n<tr>\n<td>Wiceprzewodnicz\u0105ca Rady Powiatu<\/td>\n<td>Krystian<\/td>\n<td>Komander<\/td>\n<\/tr>\n<tr>\n<td>Radny Powiatu Krapkowickiego<\/td>\n<td>Arnold&nbsp;<\/td>\n<td>Donitza<\/td>\n<\/tr>\n<tr>\n<td>Radny Powiatu Krapkowickiego<\/td>\n<td>Szczepan<\/td>\n<td>Bry\u015b<\/td>\n<\/tr>\n<tr>\n<td>Radny Powiatu Krapkowickiego<\/td>\n<td>Roman<\/td>\n<td>Heinz<\/td>\n<\/tr>\n<tr>\n<td>Radny Powiatu Krapkowickiego<\/td>\n<td>Joachim<\/td>\n<td>Kamrad<\/td>\n<\/tr>\n<tr>\n<td>Wiceprzewodnicz\u0105cy Rady Powiatu<\/td>\n<td>Monika<\/td>\n<td>W\u0105sik-Kudla<\/td>\n<\/tr>\n<tr>\n<td>POWIAT OLESKI \/ KREIS ROSENBERG<\/td>\n<td>&nbsp;<\/td>\n<td>&nbsp;<\/td>\n<td>&nbsp;<\/td>\n<\/tr>\n<tr>\n<td rowspan=\"6\">&nbsp;<\/td>\n<td>Starosta Oleski<\/td>\n<td>Roland<\/td>\n<td>Fabianek<\/td>\n<\/tr>\n<tr>\n<td>Radna Powiatu Oleskiego<\/td>\n<td>Sylwia<\/td>\n<td>Kus<\/td>\n<\/tr>\n<tr>\n<td>Radny Powiatu Oleskiego<\/td>\n<td>Jacek<\/td>\n<td>Wr\u00f3bel<\/td>\n<\/tr>\n<tr>\n<td>Radny Powiatu Oleskiego &#8211; Cz\u0142onek Zarz\u0105du<\/td>\n<td>Damian<\/td>\n<td>Hutsch<\/td>\n<\/tr>\n<tr>\n<td>Wiceprzewodnicz\u0105ca Rady Powiatu<\/td>\n<td>Barbara<\/td>\n<td>Kaczmarczyk<\/td>\n<\/tr>\n<tr>\n<td>Radna Powiatu Oleskiego<\/td>\n<td>Teresa&nbsp;<\/td>\n<td>Czaja<\/td>\n<\/tr>\n<tr>\n<td>POWIAT OPOLSKI \/ KREIS OPPELN<\/td>\n<td>&nbsp;<\/td>\n<td>&nbsp;<\/td>\n<td>&nbsp;<\/td>\n<\/tr>\n<tr>\n<td rowspan=\"12\">&nbsp;<\/td>\n<td>Radny Powiatu Opolskiego&nbsp;<\/td>\n<td>Antoni<\/td>\n<td>Gryc<\/td>\n<\/tr>\n<tr>\n<td>Radny Powiatu Opolskiego&nbsp;<\/td>\n<td>Krzysztof<\/td>\n<td>Ko\u017alik<\/td>\n<\/tr>\n<tr>\n<td>Cz\u0142onek Zarz\u0105du<\/td>\n<td>Krzysztof<\/td>\n<td>Wysdak<\/td>\n<\/tr>\n<tr>\n<td>Radna Powiatu Opolskiego&nbsp;<\/td>\n<td>Irena&nbsp;<\/td>\n<td>\u0141ysy-Cichon<\/td>\n<\/tr>\n<tr>\n<td>Wiceprzewodnicz\u0105cy Rady Powiatu<\/td>\n<td>Krystian&nbsp;<\/td>\n<td>Cichos<\/td>\n<\/tr>\n<tr>\n<td>Radna Powiatu Opolskiego&nbsp;<\/td>\n<td>Maria<\/td>\n<td>Koschny<\/td>\n<\/tr>\n<tr>\n<td>Przewodnicz\u0105cy Rady Powiatu<\/td>\n<td>Stefan&nbsp;<\/td>\n<td>Warzecha<\/td>\n<\/tr>\n<tr>\n<td>Starosta Opolski<\/td>\n<td>Henryk<\/td>\n<td>Lakwa<\/td>\n<\/tr>\n<tr>\n<td>Radny Powiatu Opolskiego&nbsp;<\/td>\n<td>Henryk<\/td>\n<td>Wodausz<\/td>\n<\/tr>\n<tr>\n<td>Radny Powiatu Opolskiego&nbsp;<\/td>\n<td>Joachim<\/td>\n<td>\u015awierc<\/td>\n<\/tr>\n<tr>\n<td>Radny Powiatu Opolskiego&nbsp;<\/td>\n<td>Henryk<\/td>\n<td>Zapi\u00f3r<\/td>\n<\/tr>\n<tr>\n<td>Radny Powiatu Opolskiego&nbsp;<\/td>\n<td>Rudolf<\/td>\n<td>Lawa<\/td>\n<\/tr>\n<tr>\n<td>POWIAT PRUDNICKI \/ KREIS NEUSTADT<\/td>\n<td>&nbsp;<\/td>\n<td>&nbsp;<\/td>\n<td>&nbsp;<\/td>\n<\/tr>\n<tr>\n<td rowspan=\"5\">&nbsp;<\/td>\n<td>Wicestarosta prudnicki<\/td>\n<td>Janusz<\/td>\n<td>Siano<\/td>\n<\/tr>\n<tr>\n<td>Radna Powiatu Prudnickiego<\/td>\n<td>Judyta<\/td>\n<td>Walocha<\/td>\n<\/tr>\n<tr>\n<td>Radny Powiatu Prudnickiego<\/td>\n<td>Joachim<\/td>\n<td>Kosz<\/td>\n<\/tr>\n<tr>\n<td>Przewodnicz\u0105cy Rady Powiatu<\/td>\n<td>J\u00f3zef<\/td>\n<td>Janeczko<\/td>\n<\/tr>\n<tr>\n<td>Radny Powiatu Prudnickiego<\/td>\n<td>Kazimierz<\/td>\n<td>Bodaszewski<\/td>\n<\/tr>\n<tr>\n<td>POWIAT STRZELECKI \/ KREIS GROSS STREHLITZ<\/td>\n<td>&nbsp;<\/td>\n<td>&nbsp;<\/td>\n<td>&nbsp;<\/td>\n<\/tr>\n<tr>\n<td rowspan=\"9\">&nbsp;<\/td>\n<td>Wicestarosta Strzelecki<\/td>\n<td>Waldemar<\/td>\n<td>Gaida<\/td>\n<\/tr>\n<tr>\n<td>Przewodnicz\u0105cy Rady Powiatu<\/td>\n<td>Stefan&nbsp;<\/td>\n<td>Sz\u0142apa<\/td>\n<\/tr>\n<tr>\n<td>Radna Powiatu Strzeleckiego<\/td>\n<td>Edyta&nbsp;<\/td>\n<td>Bem<\/td>\n<\/tr>\n<tr>\n<td>Starosta Strzelecki<\/td>\n<td>J\u00f3zef<\/td>\n<td>Swaczyna<\/td>\n<\/tr>\n<tr>\n<td>Radna Powiatu Strzeleckiego<\/td>\n<td>Gizela<\/td>\n<td>Szendzielorz<\/td>\n<\/tr>\n<tr>\n<td>Cz\u0142onek Zarz\u0105du<\/td>\n<td>Waldemar<\/td>\n<td>Bednarek<\/td>\n<\/tr>\n<tr>\n<td>Radny Powiatu Strzeleckiego<\/td>\n<td>Tadeusz&nbsp;<\/td>\n<td>Kauch<\/td>\n<\/tr>\n<tr>\n<td>Radny Powiatu Strzeleckiego<\/td>\n<td>Joachim<\/td>\n<td>Szostok<\/td>\n<\/tr>\n<tr>\n<td>Wiceprzewodnicz\u0105cy Rady Powiatu<\/td>\n<td>Ryszard&nbsp;<\/td>\n<td>Noco\u0144<\/td>\n<\/tr>\n<\/tbody>\n<\/table>\n<p>&nbsp;[\/vc_column_text][\/vc_column][\/vc_row]<\/p>","protected":false},"excerpt":{"rendered":"<p>[vc_row][vc_column][vc_column_text] Powiat Funkcja\/urz\u0105d Imi\u0119 Nazwisko POWIAT K\u0118DZIERZYN-KO\u0179LE \/ KREIS KANDRZIN-COSEL &nbsp; &nbsp; &nbsp; &nbsp; Przewodnicz\u0105ca Rady Powiatu Danuta Wr\u00f3bel Radny Powiatu K-Kozielskiego Alojzy Parys Radny Powiatu K-Kozielskiego Ireneusz Smal Wicesatorsta K-Kozielski J\u00f3zef Gisman Radny Powiatu K-Kozielskiego &#8211; Cz\u0142onek Zarz\u0105du Marian Wojciechowski Radna Powiatu K-Kozielskiego Barbara Wo\u0142owska POWIAT KRAPKOWICE \/ KREIS KRAPPITZ &nbsp; &nbsp; &nbsp; &nbsp; [&hellip;]<\/p>\n","protected":false},"author":1,"featured_media":0,"parent":9992,"menu_order":33,"comment_status":"closed","ping_status":"closed","template":"","meta":{"footnotes":""},"class_list":["post-10183","page","type-page","status-publish","hentry"],"yoast_head":"<!-- This site is optimized with the Yoast SEO plugin v18.9 - https:\/\/yoast.com\/wordpress\/plugins\/seo\/ -->\n<title>Ratsmitglieder der Kreisr\u00e4te - Deutsche Minderheit, Sozial-Kulturelle Gesellschaft der Deutschen im Oppelner Schlesien<\/title>\n<meta name=\"robots\" content=\"index, follow, max-snippet:-1, max-image-preview:large, max-video-preview:-1\" \/>\n<link rel=\"canonical\" href=\"https:\/\/skgd.pl\/dzialalnosc-polityczno-spoleczna\/aktywnosc-polityczna\/udzial-w-wyborach-samorzadowych\/radni-powiatowi\/\" \/>\n<meta property=\"og:locale\" content=\"de_DE\" \/>\n<meta property=\"og:type\" content=\"article\" \/>\n<meta property=\"og:title\" content=\"Ratsmitglieder der Kreisr\u00e4te - Deutsche Minderheit, Sozial-Kulturelle Gesellschaft der Deutschen im Oppelner Schlesien\" \/>\n<meta property=\"og:description\" content=\"[vc_row][vc_column][vc_column_text] Powiat Funkcja\/urz\u0105d Imi\u0119 Nazwisko POWIAT K\u0118DZIERZYN-KO\u0179LE \/ KREIS KANDRZIN-COSEL &nbsp; &nbsp; &nbsp; &nbsp; Przewodnicz\u0105ca Rady Powiatu Danuta Wr\u00f3bel Radny Powiatu K-Kozielskiego Alojzy Parys Radny Powiatu K-Kozielskiego Ireneusz Smal Wicesatorsta K-Kozielski J\u00f3zef Gisman Radny Powiatu K-Kozielskiego &#8211; Cz\u0142onek Zarz\u0105du Marian Wojciechowski Radna Powiatu K-Kozielskiego Barbara Wo\u0142owska POWIAT KRAPKOWICE \/ KREIS KRAPPITZ &nbsp; &nbsp; &nbsp; &nbsp; [&hellip;]\" \/>\n<meta property=\"og:url\" content=\"https:\/\/skgd.pl\/dzialalnosc-polityczno-spoleczna\/aktywnosc-polityczna\/udzial-w-wyborach-samorzadowych\/radni-powiatowi\/\" \/>\n<meta property=\"og:site_name\" content=\"Deutsche Minderheit, Sozial-Kulturelle Gesellschaft der Deutschen im Oppelner Schlesien\" \/>\n<meta property=\"article:modified_time\" content=\"2019-02-28T09:42:14+00:00\" \/>\n<meta name=\"twitter:card\" content=\"summary_large_image\" \/>\n<meta name=\"twitter:label1\" content=\"Gesch\u00e4tzte Lesezeit\" \/>\n\t<meta name=\"twitter:data1\" content=\"4\u00a0Minuten\" \/>\n<script type=\"application\/ld+json\" class=\"yoast-schema-graph\">{\"@context\":\"https:\/\/schema.org\",\"@graph\":[{\"@type\":\"WebSite\",\"@id\":\"https:\/\/skgd.pl\/#website\",\"url\":\"https:\/\/skgd.pl\/\",\"name\":\"Deutsche Minderheit, Sozial-Kulturelle Gesellschaft der Deutschen im Oppelner Schlesien\",\"description\":\"Deutsche Minderheit in Polen\",\"potentialAction\":[{\"@type\":\"SearchAction\",\"target\":{\"@type\":\"EntryPoint\",\"urlTemplate\":\"https:\/\/skgd.pl\/?s={search_term_string}\"},\"query-input\":\"required name=search_term_string\"}],\"inLanguage\":\"de\"},{\"@type\":\"WebPage\",\"@id\":\"https:\/\/skgd.pl\/dzialalnosc-polityczno-spoleczna\/aktywnosc-polityczna\/udzial-w-wyborach-samorzadowych\/radni-powiatowi\/#webpage\",\"url\":\"https:\/\/skgd.pl\/dzialalnosc-polityczno-spoleczna\/aktywnosc-polityczna\/udzial-w-wyborach-samorzadowych\/radni-powiatowi\/\",\"name\":\"Ratsmitglieder der Kreisr\u00e4te - Deutsche Minderheit, Sozial-Kulturelle Gesellschaft der Deutschen im Oppelner Schlesien\",\"isPartOf\":{\"@id\":\"https:\/\/skgd.pl\/#website\"},\"datePublished\":\"2016-01-25T08:32:57+00:00\",\"dateModified\":\"2019-02-28T09:42:14+00:00\",\"breadcrumb\":{\"@id\":\"https:\/\/skgd.pl\/dzialalnosc-polityczno-spoleczna\/aktywnosc-polityczna\/udzial-w-wyborach-samorzadowych\/radni-powiatowi\/#breadcrumb\"},\"inLanguage\":\"de\",\"potentialAction\":[{\"@type\":\"ReadAction\",\"target\":[\"https:\/\/skgd.pl\/dzialalnosc-polityczno-spoleczna\/aktywnosc-polityczna\/udzial-w-wyborach-samorzadowych\/radni-powiatowi\/\"]}]},{\"@type\":\"BreadcrumbList\",\"@id\":\"https:\/\/skgd.pl\/dzialalnosc-polityczno-spoleczna\/aktywnosc-polityczna\/udzial-w-wyborach-samorzadowych\/radni-powiatowi\/#breadcrumb\",\"itemListElement\":[{\"@type\":\"ListItem\",\"position\":1,\"name\":\"Strona g\u0142\u00f3wna\",\"item\":\"https:\/\/skgd.pl\/\"},{\"@type\":\"ListItem\",\"position\":2,\"name\":\"Gesellschaftliche T\u00e4tigkeit\",\"item\":\"https:\/\/skgd.pl\/de\/dzialalnosc-polityczno-spoleczna\/\"},{\"@type\":\"ListItem\",\"position\":3,\"name\":\"Politische Aktivit\u00e4t\",\"item\":\"https:\/\/skgd.pl\/de\/dzialalnosc-polityczno-spoleczna\/aktywnosc-polityczna\/\"},{\"@type\":\"ListItem\",\"position\":4,\"name\":\"Udzia\u0142 w wyborach samorz\u0105dowych 2018\",\"item\":\"https:\/\/skgd.pl\/dzialalnosc-polityczno-spoleczna\/aktywnosc-polityczna\/udzial-w-wyborach-samorzadowych\/\"},{\"@type\":\"ListItem\",\"position\":5,\"name\":\"Ratsmitglieder der Kreisr\u00e4te\"}]}]}<\/script>\n<!-- \/ Yoast SEO plugin. -->","yoast_head_json":{"title":"Ratsmitglieder der Kreisr\u00e4te - Deutsche Minderheit, Sozial-Kulturelle Gesellschaft der Deutschen im Oppelner Schlesien","robots":{"index":"index","follow":"follow","max-snippet":"max-snippet:-1","max-image-preview":"max-image-preview:large","max-video-preview":"max-video-preview:-1"},"canonical":"https:\/\/skgd.pl\/dzialalnosc-polityczno-spoleczna\/aktywnosc-polityczna\/udzial-w-wyborach-samorzadowych\/radni-powiatowi\/","og_locale":"de_DE","og_type":"article","og_title":"Ratsmitglieder der Kreisr\u00e4te - Deutsche Minderheit, Sozial-Kulturelle Gesellschaft der Deutschen im Oppelner Schlesien","og_description":"[vc_row][vc_column][vc_column_text] Powiat Funkcja\/urz\u0105d Imi\u0119 Nazwisko POWIAT K\u0118DZIERZYN-KO\u0179LE \/ KREIS KANDRZIN-COSEL &nbsp; &nbsp; &nbsp; &nbsp; Przewodnicz\u0105ca Rady Powiatu Danuta Wr\u00f3bel Radny Powiatu K-Kozielskiego Alojzy Parys Radny Powiatu K-Kozielskiego Ireneusz Smal Wicesatorsta K-Kozielski J\u00f3zef Gisman Radny Powiatu K-Kozielskiego &#8211; Cz\u0142onek Zarz\u0105du Marian Wojciechowski Radna Powiatu K-Kozielskiego Barbara Wo\u0142owska POWIAT KRAPKOWICE \/ KREIS KRAPPITZ &nbsp; &nbsp; &nbsp; &nbsp; [&hellip;]","og_url":"https:\/\/skgd.pl\/dzialalnosc-polityczno-spoleczna\/aktywnosc-polityczna\/udzial-w-wyborach-samorzadowych\/radni-powiatowi\/","og_site_name":"Deutsche Minderheit, Sozial-Kulturelle Gesellschaft der Deutschen im Oppelner Schlesien","article_modified_time":"2019-02-28T09:42:14+00:00","twitter_card":"summary_large_image","twitter_misc":{"Gesch\u00e4tzte Lesezeit":"4\u00a0Minuten"},"schema":{"@context":"https:\/\/schema.org","@graph":[{"@type":"WebSite","@id":"https:\/\/skgd.pl\/#website","url":"https:\/\/skgd.pl\/","name":"Deutsche Minderheit, Sozial-Kulturelle Gesellschaft der Deutschen im Oppelner Schlesien","description":"Deutsche Minderheit in Polen","potentialAction":[{"@type":"SearchAction","target":{"@type":"EntryPoint","urlTemplate":"https:\/\/skgd.pl\/?s={search_term_string}"},"query-input":"required name=search_term_string"}],"inLanguage":"de"},{"@type":"WebPage","@id":"https:\/\/skgd.pl\/dzialalnosc-polityczno-spoleczna\/aktywnosc-polityczna\/udzial-w-wyborach-samorzadowych\/radni-powiatowi\/#webpage","url":"https:\/\/skgd.pl\/dzialalnosc-polityczno-spoleczna\/aktywnosc-polityczna\/udzial-w-wyborach-samorzadowych\/radni-powiatowi\/","name":"Ratsmitglieder der Kreisr\u00e4te - Deutsche Minderheit, Sozial-Kulturelle Gesellschaft der Deutschen im Oppelner Schlesien","isPartOf":{"@id":"https:\/\/skgd.pl\/#website"},"datePublished":"2016-01-25T08:32:57+00:00","dateModified":"2019-02-28T09:42:14+00:00","breadcrumb":{"@id":"https:\/\/skgd.pl\/dzialalnosc-polityczno-spoleczna\/aktywnosc-polityczna\/udzial-w-wyborach-samorzadowych\/radni-powiatowi\/#breadcrumb"},"inLanguage":"de","potentialAction":[{"@type":"ReadAction","target":["https:\/\/skgd.pl\/dzialalnosc-polityczno-spoleczna\/aktywnosc-polityczna\/udzial-w-wyborach-samorzadowych\/radni-powiatowi\/"]}]},{"@type":"BreadcrumbList","@id":"https:\/\/skgd.pl\/dzialalnosc-polityczno-spoleczna\/aktywnosc-polityczna\/udzial-w-wyborach-samorzadowych\/radni-powiatowi\/#breadcrumb","itemListElement":[{"@type":"ListItem","position":1,"name":"Strona g\u0142\u00f3wna","item":"https:\/\/skgd.pl\/"},{"@type":"ListItem","position":2,"name":"Gesellschaftliche T\u00e4tigkeit","item":"https:\/\/skgd.pl\/de\/dzialalnosc-polityczno-spoleczna\/"},{"@type":"ListItem","position":3,"name":"Politische Aktivit\u00e4t","item":"https:\/\/skgd.pl\/de\/dzialalnosc-polityczno-spoleczna\/aktywnosc-polityczna\/"},{"@type":"ListItem","position":4,"name":"Udzia\u0142 w wyborach samorz\u0105dowych 2018","item":"https:\/\/skgd.pl\/dzialalnosc-polityczno-spoleczna\/aktywnosc-polityczna\/udzial-w-wyborach-samorzadowych\/"},{"@type":"ListItem","position":5,"name":"Ratsmitglieder der Kreisr\u00e4te"}]}]}},"_links":{"self":[{"href":"https:\/\/skgd.pl\/de\/wp-json\/wp\/v2\/pages\/10183","targetHints":{"allow":["GET"]}}],"collection":[{"href":"https:\/\/skgd.pl\/de\/wp-json\/wp\/v2\/pages"}],"about":[{"href":"https:\/\/skgd.pl\/de\/wp-json\/wp\/v2\/types\/page"}],"author":[{"embeddable":true,"href":"https:\/\/skgd.pl\/de\/wp-json\/wp\/v2\/users\/1"}],"replies":[{"embeddable":true,"href":"https:\/\/skgd.pl\/de\/wp-json\/wp\/v2\/comments?post=10183"}],"version-history":[{"count":14,"href":"https:\/\/skgd.pl\/de\/wp-json\/wp\/v2\/pages\/10183\/revisions"}],"predecessor-version":[{"id":19964,"href":"https:\/\/skgd.pl\/de\/wp-json\/wp\/v2\/pages\/10183\/revisions\/19964"}],"up":[{"embeddable":true,"href":"https:\/\/skgd.pl\/de\/wp-json\/wp\/v2\/pages\/9992"}],"wp:attachment":[{"href":"https:\/\/skgd.pl\/de\/wp-json\/wp\/v2\/media?parent=10183"}],"curies":[{"name":"wp","href":"https:\/\/api.w.org\/{rel}","templated":true}]}}